{"id":4937,"date":"2022-07-11T07:57:14","date_gmt":"2022-07-11T07:57:14","guid":{"rendered":"https:\/\/www.tenutamontenisa.it\/?page_id=4937"},"modified":"2023-10-27T08:34:09","modified_gmt":"2023-10-27T08:34:09","slug":"klassischen-und-millesimati","status":"publish","type":"page","link":"https:\/\/www.tenutamontenisa.it\/de\/schaumweine\/klassischen-und-millesimati\/","title":{"rendered":"Klassischen und Millesimati"},"content":{"rendered":"<p>[vc_row row_type=&#8220;parallax&#8220; type=&#8220;full_width&#8220; text_align=&#8220;left&#8220; background_image=&#8220;4962&#8243; full_screen_section_height=&#8220;yes&#8220; vertically_align_content_in_middle=&#8220;yes&#8220; parallax_speed=&#8220;0.2&#8243;][vc_column][vc_row_inner row_type=&#8220;row&#8220; type=&#8220;full_width&#8220; use_row_as_full_screen_section_slide=&#8220;no&#8220; text_align=&#8220;left&#8220; css_animation=&#8220;&#8220; box_shadow_on_row=&#8220;no&#8220;][vc_column_inner width=&#8220;1\/4&#8243;][\/vc_column_inner][vc_column_inner width=&#8220;1\/2&#8243;][vc_empty_space height=&#8220;20px&#8220; image_repeat=&#8220;no-repeat&#8220;][vc_single_image image=&#8220;4956&#8243; img_size=&#8220;full&#8220; alignment=&#8220;center&#8220; eltd_css_animation=&#8220;&#8220;][vc_empty_space height=&#8220;20px&#8220; image_repeat=&#8220;no-repeat&#8220;][vc_column_text]<\/p>\n<h3 style=\"text-align: center;\"><span style=\"color: #ffffff;\">Klassischen und Millesimati<\/span><\/h3>\n<p>[\/vc_column_text][vc_separator type=&#8220;small&#8220; position=&#8220;center&#8220; color=&#8220;#daa520&#8243; width=&#8220;80&#8243; thickness=&#8220;1&#8243;][vc_empty_space image_repeat=&#8220;no-repeat&#8220;][vc_column_text]<\/p>\n<p style=\"text-align: center;\"><span style=\"color: #ffffff;\">Aus der Verbindung der Erfahrung der Antinori-Familie und der Vokation eines Territoriums, Franciacorta, entstehen in der Tenuta Montenisa die <strong>\u201cKlassischen\u201d<\/strong>, eine Selektion von Chardonnay, Pinot Nero und Pinot Bianco, und die <strong>\u201cMillesimati\u201d<\/strong>, selektionen von Chardonnay und Pinot Nero, erzeugt nur in au\u00dfergew\u00f6hnlichen Jahrg\u00e4ngen.<\/span><\/p>\n<p>[\/vc_column_text][vc_empty_space image_repeat=&#8220;no-repeat&#8220;][\/vc_column_inner][vc_column_inner width=&#8220;1\/4&#8243;][\/vc_column_inner][\/vc_row_inner][\/vc_column][\/vc_row][vc_row row_type=&#8220;parallax&#8220; type=&#8220;full_width&#8220; text_align=&#8220;left&#8220; background_image=&#8220;1639&#8243; full_screen_section_height=&#8220;no&#8220;][vc_column][vc_empty_space height=&#8220;100px&#8220; image_repeat=&#8220;no-repeat&#8220;][vc_column_text]<\/p>\n<h3 style=\"text-align: center;\">Classico<\/h3>\n<p>[\/vc_column_text][vc_separator type=&#8220;small&#8220; position=&#8220;center&#8220; color=&#8220;#a02b23&#8243; width=&#8220;80&#8243; thickness=&#8220;1&#8243;][vc_row_inner row_type=&#8220;row&#8220; type=&#8220;grid&#8220; use_row_as_full_screen_section_slide=&#8220;no&#8220; text_align=&#8220;left&#8220; css_animation=&#8220;&#8220; box_shadow_on_row=&#8220;no&#8220;][vc_column_inner width=&#8220;1\/3&#8243;][vc_single_image image=&#8220;5075&#8243; img_size=&#8220;full&#8220; add_caption=&#8220;yes&#8220; alignment=&#8220;center&#8220; onclick=&#8220;custom_link&#8220; eltd_css_animation=&#8220;&#8220; link=&#8220;https:\/\/www.tenutamontenisa.it\/de\/schaumweine\/cuvee-royale\/&#8220;][vc_column_text]<\/p>\n<h5 style=\"text-align: center;\">Cuv\u00e9e Royale<\/h5>\n<p>[\/vc_column_text][\/vc_column_inner][vc_column_inner width=&#8220;1\/3&#8243;][vc_single_image image=&#8220;5071&#8243; img_size=&#8220;full&#8220; add_caption=&#8220;yes&#8220; alignment=&#8220;center&#8220; onclick=&#8220;custom_link&#8220; eltd_css_animation=&#8220;&#8220; link=&#8220;https:\/\/www.tenutamontenisa.it\/de\/schaumweine\/blanc-de-blancs\/&#8220;][vc_column_text]<\/p>\n<h5 style=\"text-align: center;\">Blanc de Blancs<\/h5>\n<p>[\/vc_column_text][\/vc_column_inner][vc_column_inner width=&#8220;1\/3&#8243;][vc_single_image image=&#8220;5078&#8243; img_size=&#8220;full&#8220; add_caption=&#8220;yes&#8220; alignment=&#8220;center&#8220; onclick=&#8220;custom_link&#8220; eltd_css_animation=&#8220;&#8220; link=&#8220;https:\/\/www.tenutamontenisa.it\/de\/schaumweine\/rose\/&#8220;][vc_column_text]<\/p>\n<h5 style=\"text-align: center;\">Ros\u00e9<\/h5>\n<p>[\/vc_column_text][\/vc_column_inner][\/vc_row_inner][vc_empty_space height=&#8220;100px&#8220; image_repeat=&#8220;no-repeat&#8220;][\/vc_column][\/vc_row][vc_row row_type=&#8220;parallax&#8220; type=&#8220;full_width&#8220; text_align=&#8220;left&#8220; background_image=&#8220;2399&#8243; full_screen_section_height=&#8220;no&#8220;][vc_column][vc_empty_space height=&#8220;100px&#8220; image_repeat=&#8220;no-repeat&#8220;][vc_column_text]<\/p>\n<h3 style=\"text-align: center;\">Millesimati<\/h3>\n<p>[\/vc_column_text][vc_separator type=&#8220;small&#8220; position=&#8220;center&#8220; color=&#8220;#a02b23&#8243; width=&#8220;80&#8243; thickness=&#8220;1&#8243;][vc_row_inner row_type=&#8220;row&#8220; type=&#8220;grid&#8220; use_row_as_full_screen_section_slide=&#8220;no&#8220; text_align=&#8220;left&#8220; css_animation=&#8220;&#8220; box_shadow_on_row=&#8220;no&#8220;][vc_column_inner width=&#8220;1\/3&#8243;][vc_single_image image=&#8220;5084&#8243; img_size=&#8220;full&#8220; add_caption=&#8220;yes&#8220; alignment=&#8220;center&#8220; onclick=&#8220;custom_link&#8220; eltd_css_animation=&#8220;&#8220; link=&#8220;https:\/\/www.tenutamontenisa.it\/de\/schaumweine\/contessa-maggi\/&#8220;][vc_column_text]<\/p>\n<h5 style=\"text-align: center;\">Contessa Maggi<\/h5>\n<p>[\/vc_column_text][\/vc_column_inner][vc_column_inner width=&#8220;1\/3&#8243;][vc_single_image image=&#8220;5090&#8243; img_size=&#8220;full&#8220; add_caption=&#8220;yes&#8220; alignment=&#8220;center&#8220; onclick=&#8220;custom_link&#8220; eltd_css_animation=&#8220;&#8220; link=&#8220;https:\/\/www.tenutamontenisa.it\/de\/schaumweine\/conte-aimo\/&#8220;][vc_column_text]<\/p>\n<h5 style=\"text-align: center;\">Conte Aymo<\/h5>\n<p>[\/vc_column_text][\/vc_column_inner][vc_column_inner width=&#8220;1\/3&#8243;][vc_single_image image=&#8220;5087&#8243; img_size=&#8220;full&#8220; add_caption=&#8220;yes&#8220; alignment=&#8220;center&#8220; onclick=&#8220;custom_link&#8220; eltd_css_animation=&#8220;&#8220; link=&#8220;https:\/\/www.tenutamontenisa.it\/de\/schaumweine\/saten&#8220;][vc_column_text]<\/p>\n<h5 style=\"text-align: center;\">Donna Cora Saten<\/h5>\n<p>[\/vc_column_text][\/vc_column_inner][\/vc_row_inner][vc_empty_space height=&#8220;100px&#8220; image_repeat=&#8220;no-repeat&#8220;][\/vc_column][\/vc_row]<\/p>\n","protected":false},"excerpt":{"rendered":"<p>[vc_row row_type=&#8220;parallax&#8220; type=&#8220;full_width&#8220; text_align=&#8220;left&#8220; background_image=&#8220;4962&#8243; full_screen_section_height=&#8220;yes&#8220; vertically_align_content_in_middle=&#8220;yes&#8220; parallax_speed=&#8220;0.2&#8243;][vc_column][vc_row_inner row_type=&#8220;row&#8220; type=&#8220;full_width&#8220; use_row_as_full_screen_section_slide=&#8220;no&#8220; text_align=&#8220;left&#8220; css_animation=&#8220;&#8220; box_shadow_on_row=&#8220;no&#8220;][vc_column_inner width=&#8220;1\/4&#8243;][\/vc_column_inner][vc_column_inner width=&#8220;1\/2&#8243;][vc_empty_space height=&#8220;20px&#8220; image_repeat=&#8220;no-repeat&#8220;][vc_single_image image=&#8220;4956&#8243; img_size=&#8220;full&#8220; alignment=&#8220;center&#8220; eltd_css_animation=&#8220;&#8220;][vc_empty_space height=&#8220;20px&#8220; image_repeat=&#8220;no-repeat&#8220;][vc_column_text] Klassischen und Millesimati [\/vc_column_text][vc_separator type=&#8220;small&#8220; position=&#8220;center&#8220; color=&#8220;#daa520&#8243; width=&#8220;80&#8243; thickness=&#8220;1&#8243;][vc_empty_space image_repeat=&#8220;no-repeat&#8220;][vc_column_text] Aus der Verbindung der Erfahrung der Antinori-Familie und der Vokation eines&#8230;<\/p>\n","protected":false},"author":1,"featured_media":0,"parent":3045,"menu_order":0,"comment_status":"closed","ping_status":"closed","template":"full_width.php","meta":{"om_disable_all_campaigns":false,"footnotes":""},"class_list":["post-4937","page","type-page","status-publish","hentry"],"aioseo_notices":[],"_links":{"self":[{"href":"https:\/\/www.tenutamontenisa.it\/de\/wp-json\/wp\/v2\/pages\/4937","targetHints":{"allow":["GET"]}}],"collection":[{"href":"https:\/\/www.tenutamontenisa.it\/de\/wp-json\/wp\/v2\/pages"}],"about":[{"href":"https:\/\/www.tenutamontenisa.it\/de\/wp-json\/wp\/v2\/types\/page"}],"author":[{"embeddable":true,"href":"https:\/\/www.tenutamontenisa.it\/de\/wp-json\/wp\/v2\/users\/1"}],"replies":[{"embeddable":true,"href":"https:\/\/www.tenutamontenisa.it\/de\/wp-json\/wp\/v2\/comments?post=4937"}],"version-history":[{"count":9,"href":"https:\/\/www.tenutamontenisa.it\/de\/wp-json\/wp\/v2\/pages\/4937\/revisions"}],"predecessor-version":[{"id":5101,"href":"https:\/\/www.tenutamontenisa.it\/de\/wp-json\/wp\/v2\/pages\/4937\/revisions\/5101"}],"up":[{"embeddable":true,"href":"https:\/\/www.tenutamontenisa.it\/de\/wp-json\/wp\/v2\/pages\/3045"}],"wp:attachment":[{"href":"https:\/\/www.tenutamontenisa.it\/de\/wp-json\/wp\/v2\/media?parent=4937"}],"curies":[{"name":"wp","href":"https:\/\/api.w.org\/{rel}","templated":true}]}}