{"id":3099,"date":"2016-02-07T10:04:16","date_gmt":"2016-02-07T10:04:16","guid":{"rendered":"https:\/\/www.tenutamontenisa.it\/de\/?page_id=3099"},"modified":"2016-07-07T14:26:27","modified_gmt":"2016-07-07T14:26:27","slug":"das-servieren","status":"publish","type":"page","link":"https:\/\/www.tenutamontenisa.it\/de\/die-verkostung\/das-servieren\/","title":{"rendered":"Das Servieren"},"content":{"rendered":"<p>[vc_row row_type=&#8220;row&#8220; use_row_as_full_screen_section=&#8220;no&#8220; type=&#8220;full_width&#8220; text_align=&#8220;left&#8220; video=&#8220;&#8220; css_animation=&#8220;element_from_fade&#8220; box_shadow_on_row=&#8220;no&#8220; el_id=&#8220;Desktop&#8220;][vc_column offset=&#8220;vc_hidden-xs&#8220;][vc_row_inner row_type=&#8220;row&#8220; type=&#8220;full_width&#8220; use_row_as_full_screen_section_slide=&#8220;no&#8220; text_align=&#8220;left&#8220; css_animation=&#8220;&#8220; box_shadow_on_row=&#8220;no&#8220;][vc_column_inner el_class=&#8220;sfondo_grigio&#8220; css=&#8220;.vc_custom_1467015986741{padding-right: 300px !important;padding-left: 300px !important;}&#8220;][vc_empty_space height=&#8220;100px&#8220; image_repeat=&#8220;no-repeat&#8220;][vc_single_image image=&#8220;1568&#8243; img_size=&#8220;full&#8220; alignment=&#8220;center&#8220; eltd_css_animation=&#8220;&#8220; css=&#8220;.vc_custom_1454432133867{margin-top: 30px !important;margin-bottom: 30px !important;}&#8220;][vc_column_text]<\/p>\n<h5 style=\"text-align: center;\">DAS SERVIEREN<\/h5>\n<p>[\/vc_column_text][vc_separator type=&#8220;small&#8220; position=&#8220;center&#8220; color=&#8220;#a02b23&#8243; width=&#8220;80&#8243; thickness=&#8220;1&#8243;][vc_column_text]<\/p>\n<blockquote>\n<h2 style=\"text-align: center;\">Empfehlungen f\u00fcr die Verkostung<\/h2>\n<p>&nbsp;<\/p>\n<p style=\"text-align: center;\">Ein paar kleine Ratschl\u00e4ge zur Verkostung unseres Weins und zur geeignetsten Lagerung.<\/p>\n<\/blockquote>\n<p>[\/vc_column_text][vc_empty_space height=&#8220;100px&#8220; image_repeat=&#8220;no-repeat&#8220;][\/vc_column_inner][\/vc_row_inner][vc_row_inner row_type=&#8220;row&#8220; type=&#8220;full_width&#8220; use_row_as_full_screen_section_slide=&#8220;no&#8220; text_align=&#8220;left&#8220; css_animation=&#8220;&#8220; box_shadow_on_row=&#8220;no&#8220;][vc_column_inner][\/vc_column_inner][\/vc_row_inner][vc_row_inner row_type=&#8220;parallax&#8220; text_align=&#8220;left&#8220; background_image=&#8220;2071&#8243; el_id=&#8220;La conservazione&#8220;][vc_column_inner width=&#8220;1\/3&#8243; css=&#8220;.vc_custom_1467014881797{padding-left: 150px !important;}&#8220;][vc_empty_space height=&#8220;150px&#8220; image_repeat=&#8220;no-repeat&#8220;][vc_column_text css=&#8220;.vc_custom_1467901170248{padding-top: 100px !important;}&#8220;]<\/p>\n<h2 style=\"text-align: left;\"><span style=\"color: #8c855a;\"><span style=\"color: #333333;\">Die Lagerung<\/span><br \/>\n<\/span><\/h2>\n<p>[\/vc_column_text][vc_separator type=&#8220;small&#8220; position=&#8220;left&#8220; color=&#8220;#a02b23&#8243; width=&#8220;80&#8243; thickness=&#8220;1&#8243;][vc_column_text]<\/p>\n<p style=\"text-align: left;\"><span style=\"color: #808080;\">Die beste Methode, einen Franciacorta zu konservieren, ist es, die Flasche in horizontaler Position an einem dunklen Ort fern von W\u00e4rmequellen, Ger\u00e4uschen und Vibrationen bei einer Temperatur von h\u00f6chsten 15 Grad zu lagern. Vermeiden Sie es, die Flasche im K\u00fchlschrank aufzuheben, Sie sollten sie h\u00f6chstens zwei bis drei Tage vor dem Servieren ins Kalte stellen. <\/span><\/p>\n<p>[\/vc_column_text][vc_empty_space height=&#8220;150px&#8220; image_repeat=&#8220;no-repeat&#8220;][\/vc_column_inner][vc_column_inner width=&#8220;2\/3&#8243;][\/vc_column_inner][\/vc_row_inner][vc_row_inner row_type=&#8220;row&#8220; type=&#8220;full_width&#8220; use_row_as_full_screen_section_slide=&#8220;no&#8220; text_align=&#8220;left&#8220; css_animation=&#8220;&#8220; box_shadow_on_row=&#8220;no&#8220;][vc_column_inner][\/vc_column_inner][\/vc_row_inner][vc_row_inner row_type=&#8220;parallax&#8220; text_align=&#8220;left&#8220; background_image=&#8220;2074&#8243; el_id=&#8220;Temperatura di servizio&#8220;][vc_column_inner width=&#8220;2\/3&#8243; css=&#8220;.vc_custom_1467015065364{margin-top: 0px !important;margin-bottom: 0px !important;border-top-width: 0px !important;border-bottom-width: 0px !important;padding-top: 0px !important;padding-bottom: 0px !important;}&#8220;][\/vc_column_inner][vc_column_inner width=&#8220;1\/3&#8243; css=&#8220;.vc_custom_1467015010859{padding-top: 50px !important;padding-right: 50px !important;padding-bottom: 50px !important;padding-left: 50px !important;}&#8220;][vc_empty_space height=&#8220;150px&#8220; image_repeat=&#8220;no-repeat&#8220;][vc_column_text css=&#8220;.vc_custom_1467901212304{padding-top: 100px !important;}&#8220;]<\/p>\n<h2 style=\"text-align: left;\"><span style=\"color: #8c855a;\">Die Serviertemperatur<br \/>\n<\/span><\/h2>\n<p>[\/vc_column_text][vc_separator type=&#8220;small&#8220; position=&#8220;left&#8220; color=&#8220;#a02b23&#8243; width=&#8220;80&#8243; thickness=&#8220;1&#8243;][vc_column_text]<\/p>\n<p style=\"text-align: left;\"><span style=\"color: #ffffff;\">Die ideale Serviertemperatur liegt zwischen 8 und 11 Grad; am besten ist es, die Flasche vor dem Servieren in einem Eisk\u00fcbel abk\u00fchlen zu lassen.<\/span><\/p>\n<p>[\/vc_column_text][vc_empty_space height=&#8220;150px&#8220; image_repeat=&#8220;no-repeat&#8220;][\/vc_column_inner][\/vc_row_inner][vc_row_inner row_type=&#8220;parallax&#8220; text_align=&#8220;left&#8220; background_image=&#8220;2389&#8243; el_id=&#8220;L&#8217;apertura della bottiglia&#8220;][vc_column_inner width=&#8220;1\/3&#8243; css=&#8220;.vc_custom_1467016082387{padding-top: 50px !important;padding-right: 50px !important;padding-bottom: 50px !important;padding-left: 50px !important;}&#8220;][vc_empty_space height=&#8220;150px&#8220; image_repeat=&#8220;no-repeat&#8220;][vc_column_text css=&#8220;.vc_custom_1467901277404{padding-top: 100px !important;}&#8220;]<\/p>\n<h2 style=\"text-align: left;\"><span style=\"color: #8c855a;\">Das \u00d6ffnen der Flasche<\/span><\/h2>\n<p>[\/vc_column_text][vc_separator type=&#8220;small&#8220; position=&#8220;left&#8220; color=&#8220;#a02b23&#8243; width=&#8220;80&#8243; thickness=&#8220;1&#8243;][vc_column_text]<\/p>\n<p style=\"text-align: left; text-shadow: 3px 3px 4px #000;\"><strong><span style=\"color: #ffffff;\">\u00d6ffnen Sie den Drahtb\u00fcgel an der schraffierten Stelle, ohne ihn unbedingt ganz zu entfernen, und halten Sie den Korken mit dem Daumen fest. Drehen Sie den Korken leicht, um zu pr\u00fcfen, ob er nicht an der Flasche klebt, was nach langer Lagerung in der Kellerei vorkommen kann. Halten Sie dann mit einer Hand die Flasche leicht geneigt im Winkel von 30 bis 45 Grad, um das Entkorken zu erleichtern und gleichzeitig zu vermeiden, dass der Spumante aus der Flasche sch\u00e4umt, richten Sie dabei die Flasche nicht auf einen der Anwesenden. Jetzt drehen Sie die Flasche nach und nach von unten her im Uhrzeigersinn, so dass der Korken ger\u00e4uschlos entfernt werden kann. Auf diese Weise wird der Wein nicht erschreckt. <\/span><\/strong><\/p>\n<p>[\/vc_column_text][vc_empty_space height=&#8220;150px&#8220; image_repeat=&#8220;no-repeat&#8220;][\/vc_column_inner][vc_column_inner width=&#8220;2\/3&#8243;][\/vc_column_inner][\/vc_row_inner][vc_row_inner row_type=&#8220;row&#8220; type=&#8220;full_width&#8220; use_row_as_full_screen_section_slide=&#8220;no&#8220; text_align=&#8220;left&#8220; css_animation=&#8220;&#8220; box_shadow_on_row=&#8220;no&#8220;][vc_column_inner][\/vc_column_inner][\/vc_row_inner][vc_row_inner row_type=&#8220;row&#8220; type=&#8220;full_width&#8220; use_row_as_full_screen_section_slide=&#8220;no&#8220; text_align=&#8220;left&#8220; background_color=&#8220;#e5e8f1&#8243; css_animation=&#8220;&#8220; box_shadow_on_row=&#8220;no&#8220;][vc_column_inner width=&#8220;1\/2&#8243; css=&#8220;.vc_custom_1467015223864{padding-top: 0px !important;background-color: #e5e8f1 !important;}&#8220;][vc_single_image image=&#8220;2386&#8243; img_size=&#8220;large&#8220; eltd_css_animation=&#8220;&#8220;][\/vc_column_inner][vc_column_inner width=&#8220;1\/2&#8243; css=&#8220;.vc_custom_1467016048305{padding-right: 150px !important;background-color: #e5e8f1 !important;}&#8220;][vc_empty_space height=&#8220;150px&#8220; image_repeat=&#8220;no-repeat&#8220;][vc_column_text css=&#8220;.vc_custom_1467901325923{padding-top: 100px !important;}&#8220;]<\/p>\n<h2 style=\"text-align: left;\"><span style=\"color: #8c855a;\"><span style=\"color: #333333;\">Das geeignete Glas<\/span><br \/>\n<\/span><\/h2>\n<p>[\/vc_column_text][vc_separator type=&#8220;small&#8220; position=&#8220;left&#8220; color=&#8220;#a02b23&#8243; width=&#8220;80&#8243; thickness=&#8220;1&#8243;][vc_column_text]<\/p>\n<p style=\"text-align: left;\"><span style=\"color: #808080;\">Selbst heute noch h\u00f6rt man manchmal, wie eine \u201cSchale Champagner\u201d bestellt wird. Auch wenn diese Form inzwischen nicht mehr als ideal f\u00fcr das Servieren eines Schaumweins angesehen wird, war sie doch bis zu Beginn des 19. Jahrhunderts das Glas par excellence f\u00fcr s\u00fc\u00dfe sch\u00e4umende Weine. In diesen zweihundert Jahren ging die Entwicklung vom flachen Kelch zum entgegengesetzten Extrem der Schaumweinfl\u00f6te. In den letzten Jahren wird versucht, erneut das flachere Kelchglas als das Trinkgef\u00e4\u00df zu etablieren, in dem der Franciacorta sich am besten entfaltet, auch wenn dies zu Lasten von ein paar Bl\u00e4schen geht. <\/span><\/p>\n<p>[\/vc_column_text][vc_empty_space height=&#8220;150px&#8220; image_repeat=&#8220;no-repeat&#8220;][\/vc_column_inner][\/vc_row_inner][\/vc_column][\/vc_row][vc_row row_type=&#8220;row&#8220; use_row_as_full_screen_section=&#8220;no&#8220; type=&#8220;full_width&#8220; text_align=&#8220;left&#8220; video=&#8220;&#8220; css_animation=&#8220;&#8220; box_shadow_on_row=&#8220;no&#8220; el_id=&#8220;Mobile&#8220;][vc_column offset=&#8220;vc_hidden-lg vc_hidden-md vc_hidden-sm&#8220;][vc_row_inner row_type=&#8220;row&#8220; type=&#8220;full_width&#8220; use_row_as_full_screen_section_slide=&#8220;no&#8220; text_align=&#8220;left&#8220; css_animation=&#8220;&#8220; box_shadow_on_row=&#8220;no&#8220; el_class=&#8220;sfondo_grigio&#8220;][vc_column_inner css=&#8220;.vc_custom_1467024261461{padding-top: 50px !important;padding-right: 50px !important;padding-bottom: 70px !important;padding-left: 50px !important;}&#8220;][vc_single_image image=&#8220;1568&#8243; img_size=&#8220;full&#8220; alignment=&#8220;center&#8220; eltd_css_animation=&#8220;&#8220; css=&#8220;.vc_custom_1454432133867{margin-top: 30px !important;margin-bottom: 30px !important;}&#8220;][vc_column_text]<\/p>\n<h5 style=\"text-align: center;\">DAS SERVIEREN<\/h5>\n<p>[\/vc_column_text][vc_separator type=&#8220;small&#8220; position=&#8220;center&#8220; color=&#8220;#a02b23&#8243; width=&#8220;80&#8243; thickness=&#8220;1&#8243;][vc_column_text]<\/p>\n<blockquote>\n<h2 style=\"text-align: center;\">Empfehlungen f\u00fcr die Verkostung<\/h2>\n<p>&nbsp;<\/p>\n<p style=\"text-align: center;\">Ein paar kleine Ratschl\u00e4ge zur Verkostung unseres Weins und zur geeignetsten Lagerung.<\/p>\n<\/blockquote>\n<p>[\/vc_column_text][\/vc_column_inner][\/vc_row_inner][vc_row_inner row_type=&#8220;row&#8220; type=&#8220;full_width&#8220; use_row_as_full_screen_section_slide=&#8220;no&#8220; text_align=&#8220;left&#8220; background_image=&#8220;2800&#8243; css_animation=&#8220;&#8220; box_shadow_on_row=&#8220;no&#8220;][vc_column_inner css=&#8220;.vc_custom_1467014422282{padding-right: 50px !important;padding-left: 50px !important;}&#8220;][vc_column_text css=&#8220;.vc_custom_1467901457221{padding-top: 100px !important;}&#8220;]<\/p>\n<h2 style=\"text-align: center;\"><span style=\"color: #8c855a;\"><span style=\"color: #333333;\">Die Lagerung<\/span><br \/>\n<\/span><\/h2>\n<p>[\/vc_column_text][vc_separator type=&#8220;small&#8220; position=&#8220;center&#8220; color=&#8220;#a02b23&#8243; width=&#8220;80&#8243; thickness=&#8220;1&#8243;][vc_column_text]<\/p>\n<p style=\"text-align: left;\"><strong><span style=\"color: #808080;\">Die beste Methode, einen Franciacorta zu konservieren, ist es, die Flasche in horizontaler Position an einem dunklen Ort fern von W\u00e4rmequellen, Ger\u00e4uschen und Vibrationen bei einer Temperatur von h\u00f6chsten 15 Grad zu lagern. Vermeiden Sie es, die Flasche im K\u00fchlschrank aufzuheben, Sie sollten sie h\u00f6chstens zwei bis drei Tage vor dem Servieren ins Kalte stellen. <\/span><\/strong><\/p>\n<p>[\/vc_column_text][vc_empty_space height=&#8220;70px&#8220; image_repeat=&#8220;no-repeat&#8220;][\/vc_column_inner][\/vc_row_inner][vc_row_inner row_type=&#8220;row&#8220; type=&#8220;full_width&#8220; use_row_as_full_screen_section_slide=&#8220;no&#8220; text_align=&#8220;left&#8220; background_image=&#8220;2801&#8243; css_animation=&#8220;&#8220; box_shadow_on_row=&#8220;no&#8220;][vc_column_inner css=&#8220;.vc_custom_1467014431716{padding-right: 50px !important;padding-left: 50px !important;}&#8220;][vc_column_text css=&#8220;.vc_custom_1467901501926{padding-top: 100px !important;}&#8220;]<\/p>\n<h2 style=\"text-align: center; text-shadow: 3px 3px 4px #000;\"><span style=\"color: #8c855a;\"><span style=\"color: #ffffff;\">Die Serviertemperatur<\/span><br \/>\n<\/span><\/h2>\n<p>[\/vc_column_text][vc_separator type=&#8220;small&#8220; position=&#8220;center&#8220; color=&#8220;#a02b23&#8243; width=&#8220;80&#8243; thickness=&#8220;1&#8243;][vc_column_text]<\/p>\n<p style=\"text-align: left;\"><strong><span style=\"color: #ffffff; text-shadow: 3px 3px 4px #000000;\">Die ideale Serviertemperatur liegt zwischen 8 und 11 Grad; am besten ist es, die Flasche vor dem Servieren in einem Eisk\u00fcbel abk\u00fchlen zu lassen.<\/span><\/strong><\/p>\n<p>[\/vc_column_text][vc_empty_space height=&#8220;70px&#8220; image_repeat=&#8220;no-repeat&#8220;][\/vc_column_inner][\/vc_row_inner][vc_row_inner row_type=&#8220;row&#8220; type=&#8220;full_width&#8220; use_row_as_full_screen_section_slide=&#8220;no&#8220; text_align=&#8220;left&#8220; background_image=&#8220;2802&#8243; css_animation=&#8220;&#8220; box_shadow_on_row=&#8220;no&#8220;][vc_column_inner css=&#8220;.vc_custom_1467014438284{padding-right: 50px !important;padding-left: 50px !important;}&#8220;][vc_column_text css=&#8220;.vc_custom_1467901533005{padding-top: 100px !important;}&#8220;]<\/p>\n<h2 style=\"text-align: center; text-shadow: 3px 3px 4px #000;\"><span style=\"color: #ffffff;\">Das \u00d6ffnen der Flasche<\/span><\/h2>\n<p>[\/vc_column_text][vc_separator type=&#8220;small&#8220; position=&#8220;center&#8220; color=&#8220;#a02b23&#8243; width=&#8220;80&#8243; thickness=&#8220;1&#8243;][vc_column_text]<\/p>\n<p style=\"text-align: left; text-shadow: 3px 3px 4px #000;\"><strong><span style=\"color: #ffffff;\">\u00d6ffnen Sie den Drahtb\u00fcgel an der schraffierten Stelle, ohne ihn unbedingt ganz zu entfernen, und halten Sie den Korken mit dem Daumen fest. Drehen Sie den Korken leicht, um zu pr\u00fcfen, ob er nicht an der Flasche klebt, was nach langer Lagerung in der Kellerei vorkommen kann. Halten Sie dann mit einer Hand die Flasche leicht geneigt im Winkel von 30 bis 45 Grad, um das Entkorken zu erleichtern und gleichzeitig zu vermeiden, dass der Spumante aus der Flasche sch\u00e4umt, richten Sie dabei die Flasche nicht auf einen der Anwesenden. Jetzt drehen Sie die Flasche nach und nach von unten her im Uhrzeigersinn, so dass der Korken ger\u00e4uschlos entfernt werden kann. Auf diese Weise wird der Wein nicht erschreckt. <\/span><\/strong><\/p>\n<p>[\/vc_column_text][vc_empty_space height=&#8220;70px&#8220; image_repeat=&#8220;no-repeat&#8220;][\/vc_column_inner][\/vc_row_inner][vc_row_inner row_type=&#8220;row&#8220; type=&#8220;full_width&#8220; use_row_as_full_screen_section_slide=&#8220;no&#8220; text_align=&#8220;left&#8220; background_image=&#8220;2803&#8243; css_animation=&#8220;&#8220; box_shadow_on_row=&#8220;no&#8220;][vc_column_inner css=&#8220;.vc_custom_1467014453047{padding-right: 50px !important;padding-left: 50px !important;}&#8220;][vc_column_text css=&#8220;.vc_custom_1467901566939{padding-top: 100px !important;}&#8220;]<\/p>\n<h2 style=\"text-align: center;\"><span style=\"color: #8c855a;\"><span style=\"color: #333333;\">Das geeignete Glas<\/span><br \/>\n<\/span><\/h2>\n<p>[\/vc_column_text][vc_separator type=&#8220;small&#8220; position=&#8220;center&#8220; color=&#8220;#a02b23&#8243; width=&#8220;80&#8243; thickness=&#8220;1&#8243;][vc_column_text]<\/p>\n<p style=\"text-align: left;\"><strong><span style=\"color: #808080;\">Selbst heute noch h\u00f6rt man manchmal, wie eine \u201cSchale Champagner\u201d bestellt wird. Auch wenn diese Form inzwischen nicht mehr als ideal f\u00fcr das Servieren eines Schaumweins angesehen wird, war sie doch bis zu Beginn des 19. Jahrhunderts das Glas par excellence f\u00fcr s\u00fc\u00dfe sch\u00e4umende Weine. In diesen zweihundert Jahren ging die Entwicklung vom flachen Kelch zum entgegengesetzten Extrem der Schaumweinfl\u00f6te. In den letzten Jahren wird versucht, erneut das flachere Kelchglas als das Trinkgef\u00e4\u00df zu etablieren, in dem der Franciacorta sich am besten entfaltet, auch wenn dies zu Lasten von ein paar Bl\u00e4schen geht. <\/span><\/strong><\/p>\n<p>[\/vc_column_text][vc_empty_space height=&#8220;70px&#8220; image_repeat=&#8220;no-repeat&#8220;][\/vc_column_inner][\/vc_row_inner][\/vc_column][\/vc_row]<\/p>\n","protected":false},"excerpt":{"rendered":"<p>[vc_row row_type=&#8220;row&#8220; use_row_as_full_screen_section=&#8220;no&#8220; type=&#8220;full_width&#8220; text_align=&#8220;left&#8220; video=&#8220;&#8220; css_animation=&#8220;element_from_fade&#8220; box_shadow_on_row=&#8220;no&#8220; el_id=&#8220;Desktop&#8220;][vc_column offset=&#8220;vc_hidden-xs&#8220;][vc_row_inner row_type=&#8220;row&#8220; type=&#8220;full_width&#8220; use_row_as_full_screen_section_slide=&#8220;no&#8220; text_align=&#8220;left&#8220; css_animation=&#8220;&#8220; box_shadow_on_row=&#8220;no&#8220;][vc_column_inner el_class=&#8220;sfondo_grigio&#8220; css=&#8220;.vc_custom_1467015986741{padding-right: 300px !important;padding-left: 300px !important;}&#8220;][vc_empty_space height=&#8220;100px&#8220; image_repeat=&#8220;no-repeat&#8220;][vc_single_image image=&#8220;1568&#8243; img_size=&#8220;full&#8220; alignment=&#8220;center&#8220; eltd_css_animation=&#8220;&#8220; css=&#8220;.vc_custom_1454432133867{margin-top: 30px !important;margin-bottom: 30px !important;}&#8220;][vc_column_text] DAS SERVIEREN [\/vc_column_text][vc_separator type=&#8220;small&#8220; position=&#8220;center&#8220; color=&#8220;#a02b23&#8243; width=&#8220;80&#8243; thickness=&#8220;1&#8243;][vc_column_text] Empfehlungen f\u00fcr die Verkostung&#8230;<\/p>\n","protected":false},"author":1,"featured_media":0,"parent":3063,"menu_order":0,"comment_status":"closed","ping_status":"closed","template":"full_width.php","meta":{"om_disable_all_campaigns":false,"footnotes":""},"class_list":["post-3099","page","type-page","status-publish","hentry"],"aioseo_notices":[],"_links":{"self":[{"href":"https:\/\/www.tenutamontenisa.it\/de\/wp-json\/wp\/v2\/pages\/3099","targetHints":{"allow":["GET"]}}],"collection":[{"href":"https:\/\/www.tenutamontenisa.it\/de\/wp-json\/wp\/v2\/pages"}],"about":[{"href":"https:\/\/www.tenutamontenisa.it\/de\/wp-json\/wp\/v2\/types\/page"}],"author":[{"embeddable":true,"href":"https:\/\/www.tenutamontenisa.it\/de\/wp-json\/wp\/v2\/users\/1"}],"replies":[{"embeddable":true,"href":"https:\/\/www.tenutamontenisa.it\/de\/wp-json\/wp\/v2\/comments?post=3099"}],"version-history":[{"count":3,"href":"https:\/\/www.tenutamontenisa.it\/de\/wp-json\/wp\/v2\/pages\/3099\/revisions"}],"predecessor-version":[{"id":3284,"href":"https:\/\/www.tenutamontenisa.it\/de\/wp-json\/wp\/v2\/pages\/3099\/revisions\/3284"}],"up":[{"embeddable":true,"href":"https:\/\/www.tenutamontenisa.it\/de\/wp-json\/wp\/v2\/pages\/3063"}],"wp:attachment":[{"href":"https:\/\/www.tenutamontenisa.it\/de\/wp-json\/wp\/v2\/media?parent=3099"}],"curies":[{"name":"wp","href":"https:\/\/api.w.org\/{rel}","templated":true}]}}