{"id":3090,"date":"2016-03-03T10:19:30","date_gmt":"2016-03-03T10:19:30","guid":{"rendered":"https:\/\/www.tenutamontenisa.it\/de\/?page_id=3090"},"modified":"2023-10-27T10:56:26","modified_gmt":"2023-10-27T10:56:26","slug":"saten","status":"publish","type":"page","link":"https:\/\/www.tenutamontenisa.it\/de\/schaumweine\/saten\/","title":{"rendered":"Sat\u00e8n"},"content":{"rendered":"<p>[vc_row row_type=&#8220;row&#8220; use_row_as_full_screen_section=&#8220;yes&#8220; type=&#8220;full_width&#8220; text_align=&#8220;left&#8220; video=&#8220;&#8220; css_animation=&#8220;&#8220; box_shadow_on_row=&#8220;no&#8220; el_class=&#8220;sfondo_saten&#8220;][vc_column][vc_row_inner row_type=&#8220;row&#8220; type=&#8220;grid&#8220; use_row_as_full_screen_section_slide=&#8220;no&#8220; text_align=&#8220;left&#8220; padding_top=&#8220;100&#8243; css_animation=&#8220;&#8220; box_shadow_on_row=&#8220;no&#8220;][vc_column_inner][vc_empty_space height=&#8220;50px&#8220; image_repeat=&#8220;no-repeat&#8220;][vc_single_image image=&#8220;3567&#8243; img_size=&#8220;full&#8220; alignment=&#8220;center&#8220; eltd_css_animation=&#8220;&#8220; css=&#8220;.vc_custom_1454432133867{margin-top: 30px !important;margin-bottom: 30px !important;}&#8220;][vc_column_text]<\/p>\n<h2 style=\"text-align: center;\">Marchese Antinori<br \/>\nDonna Cora Saten millesimato<\/h2>\n<p>[\/vc_column_text][vc_separator type=&#8220;small&#8220; position=&#8220;center&#8220; color=&#8220;#a02b23&#8243; width=&#8220;80&#8243; thickness=&#8220;1&#8243;][vc_column_text]<\/p>\n<p style=\"text-align: center; text-transform: uppercase;\">Franciacorta<\/p>\n<p>[\/vc_column_text][vc_empty_space height=&#8220;50px&#8220; image_repeat=&#8220;no-repeat&#8220;]<div class=\"custom_font_holder\" style=\"font-family: Georgia; font-size: 24px; font-style: italic; font-weight: 200; color: #3d2606; text-decoration: none; text-transform: none; text-align: left\" data-font-size=24 ><div  ><\/p>\n<p style=\"text-align: center;\">In diesem Spumante der Tenuta Montenisa entfalten sich der ganze Reichtum und die verschiedensten Facetten der sortenrein vinifizierten Chardonnay-Beeren.<br \/>\nBl\u00fcten und wei\u00dfer Pfirsich sind die pr\u00e4gnanten Noten seines fesselnden Duftes, der an der Nase mit Gro\u00dfz\u00fcgigkeit und Harmonie verw\u00f6hnt.<br \/>\nStrohgelbe Farbe mit leichten Goldreflexen, dichter Schaum und eine delikate, feine und lang anhaltende Perlage. Voller und komplexer Geschmack, gut gest\u00fctzt von lebhafter Frische.<\/p>\n<p><\/div><\/div>[vc_empty_space image_repeat=&#8220;no-repeat&#8220;][\/vc_column_inner][\/vc_row_inner][vc_row_inner row_type=&#8220;parallax&#8220; text_align=&#8220;left&#8220; background_image=&#8220;2374&#8243;][vc_column_inner width=&#8220;3\/6&#8243;][vc_single_image image=&#8220;5138&#8243; img_size=&#8220;full&#8220; alignment=&#8220;center&#8220; eltd_css_animation=&#8220;&#8220;][\/vc_column_inner][vc_column_inner width=&#8220;2\/6&#8243;][vc_empty_space image_repeat=&#8220;no-repeat&#8220;][no_bordered_elements_holder animation_type=&#8220;eltd_box_corner_line&#8220; border_color=&#8220;#3d2606&#8243; border_width=&#8220;1&#8243; holder_padding=&#8220;20&#8243;]<div class=\"eltd_separator_with_icon with_custom_icon  center \" style=\"margin-top:50px;margin-bottom:35px\"><div class=\"eltd_icon_holder\" style=\"bottom:-18px;\"><div class=\"eltd_separator_icon_holder\"><div class=\"eltd_line_before\"  style=\"border-color: #3d2606;border-bottom-width:1px;width:40px;border-style: solid;margin-bottom:-0.5px;\"><\/div><div class=\"separator_custom_icon\"><a href=\"\" target=\"self\" ><img decoding=\"async\" src=\"https:\/\/www.tenutamontenisa.it\/wp-content\/uploads\/2016\/02\/icona_vinificazione.png\" alt=\"Custom Image\" \/><\/a><\/div><div class=\"eltd_line_after\"  style=\"border-color: #3d2606;border-bottom-width:1px;width:40px;border-style: solid;margin-bottom:-0.5px;\"><\/div><\/div><\/div><\/div>[vc_column_text]<\/p>\n<h5 style=\"text-align: center;\">Vinifizierung<\/h5>\n<p>[\/vc_column_text][vc_column_text css=&#8220;.vc_custom_1467906384808{padding-top: 10px !important;padding-right: 10px !important;padding-bottom: 10px !important;padding-left: 10px !important;border-radius: 1px !important;}&#8220;]Die Chardonnay-Trauben werden ganz einer direkten schonenden Pressung unterzogen. Der Vorlaufmost, d.h. der Most der ersten Pressung, durchl\u00e4uft die alkoholische G\u00e4rung zum Teil in Inox-Edelstahltanks und zum Teil in kleinen Barriques. Etwa zu Beginn des Fr\u00fchjahrs des Folgejahres setzt der zweite G\u00e4rungsprozess in der Flasche und im Kontakt mit den Hefen ein, der 60 Monate dauert.[\/vc_column_text][vc_separator type=&#8220;small&#8220; position=&#8220;center&#8220; color=&#8220;#a02b23&#8243; width=&#8220;80&#8243; thickness=&#8220;1&#8243;][\/no_bordered_elements_holder][vc_empty_space image_repeat=&#8220;no-repeat&#8220;][no_bordered_elements_holder animation_type=&#8220;eltd_box_simultaneous_line&#8220; border_color=&#8220;#3d2606&#8243; border_width=&#8220;1&#8243; holder_padding=&#8220;20&#8243;]<div class=\"eltd_separator_with_icon with_custom_icon  center \" style=\"margin-top:50px;margin-bottom:35px\"><div class=\"eltd_icon_holder\" style=\"bottom:-18px;\"><div class=\"eltd_separator_icon_holder\"><div class=\"eltd_line_before\"  style=\"border-color: #3d2606;border-bottom-width:1px;width:40px;border-style: solid;margin-bottom:-0.5px;\"><\/div><div class=\"separator_custom_icon\"><a href=\"\" target=\"self\" ><img decoding=\"async\" src=\"https:\/\/www.tenutamontenisa.it\/wp-content\/uploads\/2016\/02\/icona_servizio.png\" alt=\"Custom Image\" \/><\/a><\/div><div class=\"eltd_line_after\"  style=\"border-color: #3d2606;border-bottom-width:1px;width:40px;border-style: solid;margin-bottom:-0.5px;\"><\/div><\/div><\/div><\/div>[vc_column_text]<\/p>\n<h5 style=\"text-align: center;\">Passende Anl\u00e4sse und Gerichte<\/h5>\n<p>[\/vc_column_text][vc_column_text css=&#8220;.vc_custom_1467906412933{padding-top: 10px !important;padding-right: 10px !important;padding-bottom: 10px !important;padding-left: 10px !important;border-radius: 1px !important;}&#8220;]Insbesondere als Aperitif geeignet, begleitet von kleinen Appetizers, Gerichten wie Pasta mit Fisch, Fisch aus dem Ofen und Gerichten auf Basis von wei\u00dfem Fleisch.[\/vc_column_text][vc_separator type=&#8220;small&#8220; position=&#8220;center&#8220; color=&#8220;#a02b23&#8243; width=&#8220;80&#8243; thickness=&#8220;1&#8243;][\/no_bordered_elements_holder][vc_empty_space image_repeat=&#8220;no-repeat&#8220;][no_bordered_elements_holder animation_type=&#8220;eltd_box_simultaneous_line&#8220; border_color=&#8220;#3d2606&#8243; border_width=&#8220;1&#8243; holder_padding=&#8220;20&#8243;]<div class=\"eltd_separator_with_icon with_custom_icon  center \" style=\"margin-top:50px;margin-bottom:35px\"><div class=\"eltd_icon_holder\" style=\"bottom:-18px;\"><div class=\"eltd_separator_icon_holder\"><div class=\"eltd_line_before\"  style=\"border-color: #3d2606;border-bottom-width:1px;width:40px;border-style: solid;margin-bottom:-0.5px;margin-right:10px;\"><\/div><div class=\"separator_custom_icon\"><a href=\"\" target=\"self\" ><img decoding=\"async\" src=\"https:\/\/www.tenutamontenisa.it\/wp-content\/uploads\/2016\/02\/icona_conservazione.png\" alt=\"Custom Image\" \/><\/a><\/div><div class=\"eltd_line_after\"  style=\"border-color: #3d2606;border-bottom-width:1px;width:40px;border-style: solid;margin-bottom:-0.5px;margin-left:10px;\"><\/div><\/div><\/div><\/div>[vc_column_text]<\/p>\n<h5 style=\"text-align: center;\">Degustationshinweise<\/h5>\n<p>[\/vc_column_text][vc_column_text css=&#8220;.vc_custom_1467906439869{padding-top: 10px !important;padding-right: 10px !important;padding-bottom: 10px !important;padding-left: 10px !important;border-radius: 1px !important;}&#8220;]Strohgelb mit ganz leichten goldfarbenen Reflexen, cremiger Schaum mit feiner anhaltender Perlage. Delikates Aroma mit blumigen Noten von Frucht mit wei\u00dfem Fleisch. Am Gaumen harmonisch und ausgewogen, ein feiner und eleganter Wein.[\/vc_column_text][vc_separator type=&#8220;small&#8220; position=&#8220;center&#8220; color=&#8220;#a02b23&#8243; width=&#8220;80&#8243; thickness=&#8220;1&#8243;][\/no_bordered_elements_holder][vc_empty_space height=&#8220;10px&#8220; image_repeat=&#8220;no-repeat&#8220;]<a href=\"https:\/\/www.tenutamontenisa.it\/wp-content\/uploads\/doc\/donna_cora_en.pdf\" target=\"_blank\"  class=\"qbutton  small icon_right\" style=\"\">Datenblatt herunterladen<\/a>[\/vc_column_inner][vc_column_inner width=&#8220;1\/6&#8243;][\/vc_column_inner][\/vc_row_inner][vc_row_inner row_type=&#8220;row&#8220; type=&#8220;full_width&#8220; use_row_as_full_screen_section_slide=&#8220;no&#8220; text_align=&#8220;left&#8220; css_animation=&#8220;&#8220; box_shadow_on_row=&#8220;no&#8220;][vc_column_inner offset=&#8220;vc_hidden-lg vc_hidden-md vc_hidden-sm vc_hidden-xs&#8220;][vc_empty_space height=&#8220;50px&#8220; image_repeat=&#8220;no-repeat&#8220;][vc_column_text]<\/p>\n<h2 style=\"text-align: center;\">Fotogalerie<\/h2>\n<p>[\/vc_column_text][vc_separator type=&#8220;small&#8220; position=&#8220;center&#8220; color=&#8220;#a02b23&#8243; width=&#8220;80&#8243; thickness=&#8220;1&#8243;][vc_column_text]<\/p>\n<p style=\"text-align: center;\">Lifestyle Shots<\/p>\n<p>[\/vc_column_text][vc_empty_space height=&#8220;50px&#8220; image_repeat=&#8220;no-repeat&#8220;][\/vc_column_inner][\/vc_row_inner][\/vc_column][\/vc_row]<\/p>\n","protected":false},"excerpt":{"rendered":"<p>[vc_row row_type=&#8220;row&#8220; use_row_as_full_screen_section=&#8220;yes&#8220; type=&#8220;full_width&#8220; text_align=&#8220;left&#8220; video=&#8220;&#8220; css_animation=&#8220;&#8220; box_shadow_on_row=&#8220;no&#8220; el_class=&#8220;sfondo_saten&#8220;][vc_column][vc_row_inner row_type=&#8220;row&#8220; type=&#8220;grid&#8220; use_row_as_full_screen_section_slide=&#8220;no&#8220; text_align=&#8220;left&#8220; padding_top=&#8220;100&#8243; css_animation=&#8220;&#8220; box_shadow_on_row=&#8220;no&#8220;][vc_column_inner][vc_empty_space height=&#8220;50px&#8220; image_repeat=&#8220;no-repeat&#8220;][vc_single_image image=&#8220;3567&#8243; img_size=&#8220;full&#8220; alignment=&#8220;center&#8220; eltd_css_animation=&#8220;&#8220; css=&#8220;.vc_custom_1454432133867{margin-top: 30px !important;margin-bottom: 30px !important;}&#8220;][vc_column_text] Marchese Antinori Donna Cora Saten millesimato [\/vc_column_text][vc_separator type=&#8220;small&#8220; position=&#8220;center&#8220; color=&#8220;#a02b23&#8243; width=&#8220;80&#8243; thickness=&#8220;1&#8243;][vc_column_text] Franciacorta [\/vc_column_text][vc_empty_space height=&#8220;50px&#8220; image_repeat=&#8220;no-repeat&#8220;][vc_empty_space image_repeat=&#8220;no-repeat&#8220;][\/vc_column_inner][\/vc_row_inner][vc_row_inner row_type=&#8220;parallax&#8220;&#8230;<\/p>\n","protected":false},"author":1,"featured_media":0,"parent":3045,"menu_order":0,"comment_status":"closed","ping_status":"closed","template":"full_width.php","meta":{"om_disable_all_campaigns":false,"footnotes":""},"class_list":["post-3090","page","type-page","status-publish","hentry"],"aioseo_notices":[],"_links":{"self":[{"href":"https:\/\/www.tenutamontenisa.it\/de\/wp-json\/wp\/v2\/pages\/3090","targetHints":{"allow":["GET"]}}],"collection":[{"href":"https:\/\/www.tenutamontenisa.it\/de\/wp-json\/wp\/v2\/pages"}],"about":[{"href":"https:\/\/www.tenutamontenisa.it\/de\/wp-json\/wp\/v2\/types\/page"}],"author":[{"embeddable":true,"href":"https:\/\/www.tenutamontenisa.it\/de\/wp-json\/wp\/v2\/users\/1"}],"replies":[{"embeddable":true,"href":"https:\/\/www.tenutamontenisa.it\/de\/wp-json\/wp\/v2\/comments?post=3090"}],"version-history":[{"count":13,"href":"https:\/\/www.tenutamontenisa.it\/de\/wp-json\/wp\/v2\/pages\/3090\/revisions"}],"predecessor-version":[{"id":3313,"href":"https:\/\/www.tenutamontenisa.it\/de\/wp-json\/wp\/v2\/pages\/3090\/revisions\/3313"}],"up":[{"embeddable":true,"href":"https:\/\/www.tenutamontenisa.it\/de\/wp-json\/wp\/v2\/pages\/3045"}],"wp:attachment":[{"href":"https:\/\/www.tenutamontenisa.it\/de\/wp-json\/wp\/v2\/media?parent=3090"}],"curies":[{"name":"wp","href":"https:\/\/api.w.org\/{rel}","templated":true}]}}