{"id":3087,"date":"2015-10-13T13:57:27","date_gmt":"2015-10-13T13:57:27","guid":{"rendered":"https:\/\/www.tenutamontenisa.it\/de\/?page_id=3087"},"modified":"2016-07-14T08:58:35","modified_gmt":"2016-07-14T08:58:35","slug":"die-geschichte","status":"publish","type":"page","link":"https:\/\/www.tenutamontenisa.it\/de\/schaumweine\/die-geschichte\/","title":{"rendered":"Die Geschichte"},"content":{"rendered":"<p>[vc_row row_type=&#8220;row&#8220; use_row_as_full_screen_section=&#8220;no&#8220; type=&#8220;full_width&#8220; text_align=&#8220;left&#8220; video=&#8220;&#8220; css_animation=&#8220;&#8220; box_shadow_on_row=&#8220;no&#8220; el_id=&#8220;Desktop&#8220;][vc_column offset=&#8220;vc_hidden-xs&#8220;][vc_row_inner row_type=&#8220;parallax&#8220; text_align=&#8220;center&#8220; background_image=&#8220;1639&#8243;][vc_column_inner width=&#8220;1\/4&#8243;][\/vc_column_inner][vc_column_inner width=&#8220;2\/4&#8243; css=&#8220;.vc_custom_1466762292573{padding-right: 20px !important;padding-left: 20px !important;}&#8220;][vc_empty_space height=&#8220;200px&#8220; image_repeat=&#8220;no-repeat&#8220;][vc_single_image image=&#8220;1568&#8243; img_size=&#8220;full&#8220; alignment=&#8220;center&#8220; eltd_css_animation=&#8220;element_from_bottom&#8220; css=&#8220;.vc_custom_1454500548598{margin-top: 30px !important;margin-bottom: 30px !important;}&#8220;][vc_column_text]<\/p>\n<h5 style=\"text-align: center;\">DIE ANTINORI-SCHAUMWEINE<\/h5>\n<p>[\/vc_column_text][vc_separator type=&#8220;small&#8220; position=&#8220;center&#8220; color=&#8220;#a02b23&#8243; width=&#8220;80&#8243; thickness=&#8220;1&#8243;][vc_column_text]<\/p>\n<blockquote>\n<h2 style=\"text-align: center;\">GESCHICHTE EINES WEINS, DER \u00abSPRUDELT, SPRITZT, SCH\u00c4UMT UND STRAHLT\u00bb<\/h2>\n<\/blockquote>\n<p>[\/vc_column_text][vc_empty_space height=&#8220;200px&#8220; image_repeat=&#8220;no-repeat&#8220;][\/vc_column_inner][vc_column_inner width=&#8220;1\/4&#8243;][\/vc_column_inner][\/vc_row_inner][vc_row_inner row_type=&#8220;row&#8220; type=&#8220;full_width&#8220; use_row_as_full_screen_section_slide=&#8220;no&#8220; text_align=&#8220;left&#8220; css_animation=&#8220;&#8220; box_shadow_on_row=&#8220;no&#8220;][vc_column_inner][\/vc_column_inner][\/vc_row_inner][vc_row_inner row_type=&#8220;parallax&#8220; text_align=&#8220;left&#8220; background_image=&#8220;2618&#8243;][vc_column_inner width=&#8220;4\/12&#8243; css=&#8220;.vc_custom_1466762585847{margin: 0px !important;border-width: 0px !important;padding: 0px !important;}&#8220;][\/vc_column_inner][vc_column_inner width=&#8220;2\/12&#8243; css=&#8220;.vc_custom_1466762539108{margin: 0px !important;border-width: 0px !important;padding: 0px !important;}&#8220;][vc_gallery type=&#8220;image_grid&#8220; images=&#8220;2596,2593,2601,2600,2587&#8243; img_size=&#8220;300&#215;200&#8243; column_number=&#8220;0&#8243; grayscale=&#8220;no&#8220; hover_icon=&#8220;none&#8220; images_space=&#8220;gallery_without_space&#8220;][\/vc_column_inner][vc_column_inner width=&#8220;6\/12&#8243; css=&#8220;.vc_custom_1466762626566{padding-top: 150px !important;padding-right: 150px !important;padding-bottom: 150px !important;padding-left: 150px !important;background-color: rgba(0,0,0,0.8) !important;*background-color: rgb(0,0,0) !important;}&#8220;][vc_column_text]<\/p>\n<h5 style=\"text-align: center;\"><span style=\"color: #ffffff;\">DIE ANTINORI-SCHAUMWEINE<\/span><\/h5>\n<p>[\/vc_column_text][vc_separator type=&#8220;small&#8220; position=&#8220;center&#8220; color=&#8220;#a02b23&#8243; width=&#8220;80&#8243; thickness=&#8220;1&#8243;][vc_column_text css=&#8220;.vc_custom_1467888574793{padding-right: 20px !important;padding-bottom: 20px !important;}&#8220;]<\/p>\n<h4 style=\"text-align: left;\"><span style=\"color: #ffffff;\">Lieber Piero\u2026 und wie l\u00e4uft es mit deinem Cordon Rouge? Ich habe geh\u00f6rt, dass du alles in gro\u00dfem Stil aufgezogen hast. Ich w\u00fcnsche dir Erfolg, \u00fcberall und dauerhaft. Du musst wissen, dass ich keinen Champagner trinke, man hat ihn mir verboten. Und deshalb sind meine Gl\u00fcckw\u00fcnsche aufrichtig und ohne Eigeninteressen&#8230;\u00a0<\/span><\/h4>\n<p>[\/vc_column_text][vc_column_text css=&#8220;.vc_custom_1467888603380{padding-top: 20px !important;padding-right: 20px !important;padding-bottom: 20px !important;}&#8220;]<span style=\"color: #ffffff;\">So schloss ein langer Brief von Giacomo Puccini an meinen Vater, abgeschickt an 19. M\u00e4rz 1914 in Torre del Lago. Puccini bezog sich auf einen von Antinori produzierten Schaumwein, der bei seinem Erscheinen voller Stolz in eleganten Werbeprospekten als \u00abechter Rivale der gro\u00dfen Champagnermarken\u00bb pr\u00e4sentiert wurde. <\/span><br \/>\n<span style=\"color: #ffffff;\">Die Br\u00fcder Lodovico und Piero hatten sich zu diesem ungew\u00f6hnlichen und mutigen Projekt bei einer Reise zu den ber\u00fchmten Weinbergen Frankreichs entschlossen. In \u00c9pernay hatte der Direktor des \u00f6nologischen Instituts nach der Verkostung eines von meinem Onkel Lodovico auf seinem Gut in Cigliano mit sehr viel Sachverstand erzeugten Wei\u00dfweines dazu ermutigt, sich mit diesem Wein an der Produktion von Schaumweinen Metodo Classico zu versuchen.\u00a0 \u00a0<\/span>[\/vc_column_text][\/vc_column_inner][\/vc_row_inner][vc_row_inner row_type=&#8220;parallax&#8220; text_align=&#8220;left&#8220; background_image=&#8220;2621&#8243;][vc_column_inner width=&#8220;6\/12&#8243; css=&#8220;.vc_custom_1466763656903{padding-top: 150px !important;padding-right: 150px !important;padding-bottom: 160px !important;padding-left: 150px !important;background-color: rgba(0,0,0,0.8) !important;*background-color: rgb(0,0,0) !important;}&#8220;][vc_column_text]<\/p>\n<h5 style=\"text-align: center;\"><span style=\"color: #ffffff;\">DIE ANTINORI-SCHAUMWEINE<br \/>\n<\/span><\/h5>\n<p>[\/vc_column_text][vc_separator type=&#8220;small&#8220; position=&#8220;center&#8220; color=&#8220;#a02b23&#8243; border_style=&#8220;solid&#8220; width=&#8220;80&#8243; thickness=&#8220;1&#8243; up=&#8220;20&#8243;][vc_column_text css=&#8220;.vc_custom_1467888739627{padding-bottom: 20px !important;}&#8220;]<\/p>\n<h4><span style=\"color: #ffffff;\">Damals beschr\u00e4nkten sich die Verk\u00e4ufe des jungen Unternehmens auf ein paar Tausend Kisten Chianti, die j\u00e4hrlich an die Importeure in New York, San Paolo und Buenos Aires verfrachtet wurden.<\/span><\/h4>\n<p>[\/vc_column_text][vc_column_text]<span style=\"color: #ffffff;\">Einige hundert Kisten des Spumante \u00fcbernahm sofort Herr Santini, Agent in Buenos Aires.<\/span><br \/>\n<span style=\"color: #ffffff;\">Die Nachricht verbreitete sich, dass Antinori in Italien einen echten Champagner erzeugte, und dieser, der den Namen \u00abGran Spumante Marchese Antinori\u00bb trug, wurde nach und nach unter den Freunden und den Freunden der Freunde bekannt.<\/span><br \/>\n<span style=\"color: #ffffff;\">\u00dcber die Herzogin Guicciardini, Hofdame der K\u00f6nigin Elena von Italien und gute Freundin von Lodovico und Piero, wurde der Spumante am Hof eingef\u00fchrt und erschien bei den Banketten im Quirinalspalast.<\/span>[\/vc_column_text][vc_empty_space height=&#8220;50px&#8220; image_repeat=&#8220;no-repeat&#8220;][\/vc_column_inner][vc_column_inner width=&#8220;2\/12&#8243; css=&#8220;.vc_custom_1466763672259{margin: 0px !important;border-width: 0px !important;padding: 0px !important;}&#8220;][vc_gallery type=&#8220;image_grid&#8220; images=&#8220;2597,2606,2608,2612&#8243; img_size=&#8220;300&#215;200&#8243; column_number=&#8220;0&#8243; grayscale=&#8220;no&#8220; hover_icon=&#8220;none&#8220; images_space=&#8220;gallery_without_space&#8220;][\/vc_column_inner][vc_column_inner width=&#8220;4\/12&#8243; css=&#8220;.vc_custom_1466763683989{margin: 0px !important;border-width: 0px !important;padding: 0px !important;}&#8220;][\/vc_column_inner][\/vc_row_inner][vc_row_inner row_type=&#8220;parallax&#8220; text_align=&#8220;center&#8220; background_image=&#8220;2619&#8243;][vc_column_inner css=&#8220;.vc_custom_1466763971748{padding-top: 400px !important;padding-bottom: 400px !important;}&#8220;][vc_column_text css=&#8220;.vc_custom_1467888798298{padding-right: 40px !important;padding-left: 40px !important;}&#8220;]<\/p>\n<h3 style=\"text-align: center;\"><span style=\"color: #ffffff;\">Ein wieder auferstandener Giacomo Puccini k\u00f6nnte heute an den jungen Piero schreiben: \u00abIch habe geh\u00f6rt, dass\u00a0 du alles\u2026 mit Leidenschaft und gro\u00dfem Wissen machst\u2026\u00bb.<br \/>\n<\/span><\/h3>\n<p>[\/vc_column_text][\/vc_column_inner][\/vc_row_inner][vc_row_inner row_type=&#8220;parallax&#8220; text_align=&#8220;left&#8220; background_image=&#8220;2617&#8243;][vc_column_inner width=&#8220;1\/2&#8243;][\/vc_column_inner][vc_column_inner width=&#8220;1\/2&#8243; css=&#8220;.vc_custom_1466764065480{padding-top: 150px !important;padding-right: 150px !important;padding-bottom: 150px !important;padding-left: 150px !important;background-color: rgba(0,0,0,0.8) !important;*background-color: rgb(0,0,0) !important;}&#8220;][vc_column_text]<\/p>\n<h5 style=\"text-align: center;\"><span style=\"color: #ffffff;\">DIE ANTINORI-SCHAUMWEINE<br \/>\n<\/span><\/h5>\n<p>[\/vc_column_text][vc_separator type=&#8220;small&#8220; position=&#8220;center&#8220; color=&#8220;#a02b23&#8243; width=&#8220;80&#8243; thickness=&#8220;1&#8243;][vc_column_text css=&#8220;.vc_custom_1467888872408{padding-right: 20px !important;padding-bottom: 20px !important;}&#8220;]<\/p>\n<h4 style=\"text-align: left;\"><span style=\"color: #ffffff;\">Mehr als ein halbes Jahrhundert ist vergangen, seit von den damaligen Inhabern des Unternehmens in einem Klima der Unsicherheit und der allzu gro\u00dfen Vorsicht das Ende unseres Spumante verordnet wurde, der heute hingegen fr\u00f6hlich mit vollem Wind segelt&#8230;<br \/>\n<\/span><\/h4>\n<p>[\/vc_column_text][vc_column_text]<span style=\"color: #ffffff;\">Genau im richtigen Moment! Die Italiener sind heute ein bisschen mehr Kenner und ein bisschen weniger Snobs, sie haben die Vorz\u00fcge der einheimischen Schaumweine entdeckt, wohlverstanden der nach dem Metodo Classico erzeugten, w\u00e4hrend wir, s\u00fc\u00dfe Genugtuung zum guten Schluss, M\u00fche haben, dem Dr\u00e4ngen der Kundennachfrage nachzukommen.<br \/>\nEs ist wohl angebracht, das Glas zu erheben und ein Hoch auf den Erfolg der Freunde anzustimmen, die sich gemeinsam mit uns zusammengeschlossen haben, um von den zust\u00e4ndigen Beh\u00f6rden die Anerkennung und den Rechtsschutz f\u00fcr den italienischen Spumante Classico, erzeugt unter strenger Einhaltung des \u00abmetodo champenois\u00bb, zu erhalten.<br \/>\n<\/span>[\/vc_column_text][\/vc_column_inner][\/vc_row_inner][vc_row_inner row_type=&#8220;parallax&#8220; text_align=&#8220;left&#8220; background_image=&#8220;2616&#8243;][vc_column_inner width=&#8220;1\/2&#8243; css=&#8220;.vc_custom_1466764201150{padding-top: 150px !important;padding-right: 100px !important;padding-bottom: 150px !important;padding-left: 100px !important;background-color: rgba(0,0,0,0.8) !important;*background-color: rgb(0,0,0) !important;}&#8220;][vc_column_text]<\/p>\n<h5 style=\"text-align: center;\"><span style=\"color: #ffffff;\">DIE ANTINORI-SCHAUMWEINE<br \/>\n<\/span><\/h5>\n<p>[\/vc_column_text][vc_separator type=&#8220;small&#8220; position=&#8220;center&#8220; color=&#8220;#a02b23&#8243; border_style=&#8220;solid&#8220; width=&#8220;80&#8243; thickness=&#8220;1&#8243; up=&#8220;20&#8243;][vc_column_text css=&#8220;.vc_custom_1467888991041{padding-bottom: 20px !important;}&#8220;]<\/p>\n<h2 style=\"text-align: center;\"><span style=\"color: #ffffff;\">Der Ruhm des Cordon Rouge<br \/>\n<\/span><\/h2>\n<p>[\/vc_column_text][vc_column_text css=&#8220;.vc_custom_1467889014487{padding-top: 20px !important;padding-right: 20px !important;padding-bottom: 20px !important;}&#8220;]<span style=\"color: #ffffff;\">Zum Abschluss dieser hundertj\u00e4hrigen Geschichte unseres \u00absprudelnden, spritzenden, sch\u00e4umenden und strahlenden\u00bb Weines darf Giacomo Tachis nicht unerw\u00e4hnt bleiben: kluger und leidenschaftlicher Forscher auf dem Feld, das als wahre Wissenschaft der Rebe und des Weines bezeichnet werden kann.<br \/>\nSeiner kenntnisreichen Mitarbeit ist es zu verdanken, dass wir unseren Spumante tats\u00e4chlich auf den Rang des vor langer Zeit von Puccini erw\u00e4hnten Cordon Rouge bringen konnte.<br \/>\n<\/span>[\/vc_column_text][\/vc_column_inner][vc_column_inner width=&#8220;1\/2&#8243;][\/vc_column_inner][\/vc_row_inner][\/vc_column][\/vc_row][vc_row row_type=&#8220;row&#8220; use_row_as_full_screen_section=&#8220;no&#8220; type=&#8220;full_width&#8220; text_align=&#8220;left&#8220; video=&#8220;&#8220; css_animation=&#8220;&#8220; box_shadow_on_row=&#8220;no&#8220; el_id=&#8220;Mobile&#8220;][vc_column offset=&#8220;vc_hidden-lg vc_hidden-md vc_hidden-sm&#8220;][vc_row_inner row_type=&#8220;parallax&#8220; text_align=&#8220;center&#8220; background_image=&#8220;1639&#8243;][vc_column_inner width=&#8220;1\/4&#8243;][\/vc_column_inner][vc_column_inner width=&#8220;2\/4&#8243; css=&#8220;.vc_custom_1466762292573{padding-right: 20px !important;padding-left: 20px !important;}&#8220;][vc_empty_space height=&#8220;40px&#8220; image_repeat=&#8220;no-repeat&#8220;][vc_single_image image=&#8220;1568&#8243; img_size=&#8220;full&#8220; alignment=&#8220;center&#8220; eltd_css_animation=&#8220;element_from_bottom&#8220; css=&#8220;.vc_custom_1454500548598{margin-top: 30px !important;margin-bottom: 30px !important;}&#8220;][vc_column_text]<\/p>\n<h5 style=\"text-align: center;\">DIE ANTINORI-SCHAUMWEINE<\/h5>\n<p>[\/vc_column_text][vc_separator type=&#8220;small&#8220; position=&#8220;center&#8220; color=&#8220;#a02b23&#8243; width=&#8220;80&#8243; thickness=&#8220;1&#8243;][vc_column_text]<\/p>\n<blockquote>\n<h3 style=\"text-align: center;\">GESCHICHTE EINES WEINS, DER \u00abSPRUDELT, SPRITZT, SCH\u00c4UMT UND STRAHLT\u00bb<\/h3>\n<\/blockquote>\n<p>[\/vc_column_text][vc_empty_space height=&#8220;40px&#8220; image_repeat=&#8220;no-repeat&#8220;][\/vc_column_inner][vc_column_inner width=&#8220;1\/4&#8243;][\/vc_column_inner][\/vc_row_inner][vc_row_inner row_type=&#8220;row&#8220; type=&#8220;full_width&#8220; use_row_as_full_screen_section_slide=&#8220;no&#8220; text_align=&#8220;left&#8220; css_animation=&#8220;&#8220; box_shadow_on_row=&#8220;no&#8220;][vc_column_inner][\/vc_column_inner][\/vc_row_inner][vc_row_inner row_type=&#8220;row&#8220; type=&#8220;full_width&#8220; use_row_as_full_screen_section_slide=&#8220;no&#8220; text_align=&#8220;left&#8220; background_image=&#8220;2618&#8243; css_animation=&#8220;&#8220; box_shadow_on_row=&#8220;no&#8220;][vc_column_inner css=&#8220;.vc_custom_1466764949401{margin-top: 0px !important;margin-right: 0px !important;margin-bottom: 0px !important;margin-left: 0px !important;border-top-width: 0px !important;border-right-width: 0px !important;border-bottom-width: 0px !important;border-left-width: 0px !important;padding-top: 0px !important;padding-right: 50px !important;padding-bottom: 0px !important;padding-left: 50px !important;background-color: rgba(0,0,0,0.8) !important;*background-color: rgb(0,0,0) !important;}&#8220;][vc_empty_space height=&#8220;70px&#8220; image_repeat=&#8220;no-repeat&#8220;][vc_column_text]<\/p>\n<h5 style=\"text-align: center;\"><span style=\"color: #ffffff;\">DIE ANTINORI-SCHAUMWEINE<\/span><\/h5>\n<p>[\/vc_column_text][vc_separator type=&#8220;small&#8220; position=&#8220;center&#8220; color=&#8220;#a02b23&#8243; width=&#8220;80&#8243; thickness=&#8220;1&#8243;][vc_column_text css=&#8220;.vc_custom_1467889263738{padding-right: 20px !important;padding-bottom: 20px !important;}&#8220;]<\/p>\n<p style=\"text-align: left;\"><span style=\"color: #ffffff;\">Lieber Piero\u2026 und wie l\u00e4uft es mit deinem Cordon Rouge? Ich habe geh\u00f6rt, dass du alles in gro\u00dfem Stil aufgezogen hast. Ich w\u00fcnsche dir Erfolg, \u00fcberall und dauerhaft. Du musst wissen, dass ich keinen Champagner trinke, man hat ihn mir verboten. Und deshalb sind meine Gl\u00fcckw\u00fcnsche aufrichtig und ohne Eigeninteressen\u2026<\/span><\/p>\n<p>[\/vc_column_text][vc_column_text css=&#8220;.vc_custom_1467889284647{padding-top: 20px !important;padding-right: 20px !important;padding-bottom: 20px !important;}&#8220;]<span style=\"color: #ffffff;\">So schloss ein langer Brief von Giacomo Puccini an meinen Vater, abgeschickt an 19. M\u00e4rz 1914 in Torre del Lago. Puccini bezog sich auf einen von Antinori produzierten Schaumwein, der bei seinem Erscheinen voller Stolz in eleganten Werbeprospekten als \u00abechter Rivale der gro\u00dfen Champagnermarken\u00bb pr\u00e4sentiert wurde.<\/span><br \/>\n<span style=\"color: #ffffff;\">Die Br\u00fcder Lodovico und Piero hatten sich zu diesem ungew\u00f6hnlichen und mutigen Projekt bei einer Reise zu den ber\u00fchmten Weinbergen Frankreichs entschlossen. In \u00c9pernay hatte der Direktor des \u00f6nologischen Instituts nach der Verkostung eines von meinem Onkel Lodovico auf seinem Gut in Cigliano mit sehr viel Sachverstand erzeugten Wei\u00dfweines dazu ermutigt, sich mit diesem Wein an der Produktion von Schaumweinen Metodo Classico zu versuchen.<\/span>[\/vc_column_text][vc_gallery type=&#8220;image_grid&#8220; images=&#8220;2596,2593,2601,2600,2587&#8243; img_size=&#8220;150&#215;150&#8243; column_number=&#8220;4&#8243; grayscale=&#8220;no&#8220; hover_icon=&#8220;none&#8220; images_space=&#8220;gallery_without_space&#8220;][\/vc_column_inner][\/vc_row_inner][vc_row_inner row_type=&#8220;row&#8220; type=&#8220;full_width&#8220; use_row_as_full_screen_section_slide=&#8220;no&#8220; text_align=&#8220;left&#8220; background_image=&#8220;2621&#8243; css_animation=&#8220;&#8220; box_shadow_on_row=&#8220;no&#8220;][vc_column_inner css=&#8220;.vc_custom_1466765251466{padding-right: 50px !important;padding-left: 50px !important;background-color: rgba(0,0,0,0.8) !important;*background-color: rgb(0,0,0) !important;}&#8220;][vc_empty_space height=&#8220;70px&#8220; image_repeat=&#8220;no-repeat&#8220;][vc_column_text]<\/p>\n<h5 style=\"text-align: center;\"><span style=\"color: #ffffff;\">DIE ANTINORI-SCHAUMWEINE<\/span><\/h5>\n<h2 style=\"text-align: center;\"><span style=\"color: #ffffff;\">\u00a0<\/span><\/h2>\n<p>[\/vc_column_text][vc_separator type=&#8220;small&#8220; position=&#8220;center&#8220; color=&#8220;#a02b23&#8243; border_style=&#8220;solid&#8220; width=&#8220;80&#8243; thickness=&#8220;1&#8243; up=&#8220;20&#8243;][vc_column_text css=&#8220;.vc_custom_1467889331861{padding-bottom: 20px !important;}&#8220;]<span style=\"color: #ffffff;\">Damals beschr\u00e4nkten sich die Verk\u00e4ufe des jungen Unternehmens auf ein paar Tausend Kisten Chianti, die j\u00e4hrlich an die Importeure in New York, San Paolo und Buenos Aires verfrachtet wurden.<\/span>[\/vc_column_text][vc_column_text]<span style=\"color: #ffffff;\">Einige hundert Kisten des Spumante \u00fcbernahm sofort Herr Santini, Agent in Buenos Aires.<br \/>\nDie Nachricht verbreitete sich, dass Antinori in Italien einen echten Champagner erzeugte, und dieser, der den Namen \u00abGran Spumante Marchese Antinori\u00bb trug, wurde nach und nach unter den Freunden und den Freunden der Freunde bekannt.<br \/>\n\u00dcber die Herzogin Guicciardini, Hofdame der K\u00f6nigin Elena von Italien und gute Freundin von Lodovico und Piero, wurde der Spumante am Hof eingef\u00fchrt und erschien bei den Banketten im Quirinalspalast.<br \/>\n<\/span>[\/vc_column_text][vc_empty_space height=&#8220;20px&#8220; image_repeat=&#8220;no-repeat&#8220;][vc_gallery type=&#8220;image_grid&#8220; images=&#8220;2597,2606,2608,2612&#8243; img_size=&#8220;150&#215;150&#8243; column_number=&#8220;4&#8243; grayscale=&#8220;no&#8220; hover_icon=&#8220;none&#8220; images_space=&#8220;gallery_without_space&#8220;][\/vc_column_inner][\/vc_row_inner][vc_row_inner row_type=&#8220;row&#8220; type=&#8220;full_width&#8220; use_row_as_full_screen_section_slide=&#8220;no&#8220; text_align=&#8220;center&#8220; background_color=&#8220;#000000&#8243; css_animation=&#8220;&#8220; box_shadow_on_row=&#8220;no&#8220;][vc_column_inner css=&#8220;.vc_custom_1467011308618{padding-top: 70px !important;padding-bottom: 70px !important;}&#8220;][vc_column_text css=&#8220;.vc_custom_1468485310501{padding-right: 40px !important;padding-left: 40px !important;}&#8220;]<\/p>\n<p style=\"text-align: center;\"><span style=\"color: #ffffff;\">Ein wieder auferstandener Giacomo Puccini k\u00f6nnte heute an den jungen Piero schreiben:<\/span><\/p>\n<p style=\"text-align: center;\"><span style=\"color: #ffffff;\">\u00abIch habe geh\u00f6rt, dass\u00a0 du alles\u2026 mit Leidenschaft und gro\u00dfem Wissen machst\u2026\u00bb.<\/span><\/p>\n<p>[\/vc_column_text][\/vc_column_inner][\/vc_row_inner][vc_row_inner row_type=&#8220;parallax&#8220; text_align=&#8220;left&#8220; background_image=&#8220;2617&#8243;][vc_column_inner css=&#8220;.vc_custom_1466765473500{padding-right: 50px !important;padding-left: 50px !important;background-color: rgba(0,0,0,0.8) !important;*background-color: rgb(0,0,0) !important;}&#8220;][vc_empty_space height=&#8220;50px&#8220; image_repeat=&#8220;no-repeat&#8220;][vc_column_text]<\/p>\n<h5 style=\"text-align: center;\"><span style=\"color: #ffffff;\">DIE ANTINORI-SCHAUMWEINE<\/span><\/h5>\n<p>[\/vc_column_text][vc_separator type=&#8220;small&#8220; position=&#8220;center&#8220; color=&#8220;#a02b23&#8243; width=&#8220;80&#8243; thickness=&#8220;1&#8243;][vc_column_text css=&#8220;.vc_custom_1468485380032{padding-right: 20px !important;padding-bottom: 20px !important;}&#8220;]<\/p>\n<p style=\"text-align: left;\"><span style=\"color: #ffffff;\">Mehr als ein halbes Jahrhundert ist vergangen, seit von den damaligen Inhabern des Unternehmens in einem Klima der Unsicherheit und der allzu gro\u00dfen Vorsicht das Ende unseres Spumante verordnet wurde, der heute hingegen fr\u00f6hlich mit vollem Wind segelt\u2026<\/span><\/p>\n<p>[\/vc_column_text][vc_column_text]<span style=\"color: #ffffff;\">Genau im richtigen Moment! Die Italiener sind heute ein bisschen mehr Kenner und ein bisschen weniger Snobs, sie haben die Vorz\u00fcge der einheimischen Schaumweine entdeckt, wohlverstanden der nach dem Metodo Classico erzeugten, w\u00e4hrend wir, s\u00fc\u00dfe Genugtuung zum guten Schluss, M\u00fche haben, dem Dr\u00e4ngen der Kundennachfrage nachzukommen.<br \/>\nEs ist wohl angebracht, das Glas zu erheben und ein Hoch auf den Erfolg der Freunde anzustimmen, die sich gemeinsam mit uns zusammengeschlossen haben, um von den zust\u00e4ndigen Beh\u00f6rden die Anerkennung und den Rechtsschutz f\u00fcr den italienischen Spumante Classico, erzeugt unter strenger Einhaltung des \u00abmetodo champenois\u00bb, zu erhalten.<\/span>[\/vc_column_text][vc_empty_space height=&#8220;70px&#8220; image_repeat=&#8220;no-repeat&#8220;][\/vc_column_inner][\/vc_row_inner][vc_row_inner row_type=&#8220;parallax&#8220; text_align=&#8220;left&#8220; background_image=&#8220;2616&#8243;][vc_column_inner css=&#8220;.vc_custom_1466765518552{padding-top: 0px !important;padding-right: 50px !important;padding-bottom: 0px !important;padding-left: 50px !important;background-color: rgba(0,0,0,0.8) !important;*background-color: rgb(0,0,0) !important;}&#8220;][vc_empty_space height=&#8220;70px&#8220; image_repeat=&#8220;no-repeat&#8220;][vc_column_text]<\/p>\n<h5 style=\"text-align: center;\"><span style=\"color: #ffffff;\">DIE ANTINORI-SCHAUMWEINE<\/span><\/h5>\n<p>[\/vc_column_text][vc_separator type=&#8220;small&#8220; position=&#8220;center&#8220; color=&#8220;#a02b23&#8243; border_style=&#8220;solid&#8220; width=&#8220;80&#8243; thickness=&#8220;1&#8243; up=&#8220;20&#8243;][vc_column_text css=&#8220;.vc_custom_1468486714575{padding-bottom: 20px !important;}&#8220;]<\/p>\n<h2 style=\"text-align: center;\"><span style=\"color: #ffffff;\">Der Ruhm des Cordon Rouge <\/span><\/h2>\n<p>[\/vc_column_text][vc_column_text css=&#8220;.vc_custom_1468485490540{padding-top: 20px !important;padding-right: 20px !important;padding-bottom: 20px !important;}&#8220;]<span style=\"color: #ffffff;\">Zum Abschluss dieser hundertj\u00e4hrigen Geschichte unseres \u00absprudelnden, spritzenden, sch\u00e4umenden und strahlenden\u00bb Weines darf Giacomo Tachis nicht unerw\u00e4hnt bleiben: kluger und leidenschaftlicher Forscher auf dem Feld, das als wahre Wissenschaft der Rebe und des Weines bezeichnet werden kann.<br \/>\nSeiner kenntnisreichen Mitarbeit ist es zu verdanken, dass wir unseren Spumante tats\u00e4chlich auf den Rang des vor langer Zeit von Puccini erw\u00e4hnten Cordon Rouge bringen konnte.<\/span>[\/vc_column_text][vc_empty_space height=&#8220;70px&#8220; image_repeat=&#8220;no-repeat&#8220;][\/vc_column_inner][\/vc_row_inner][\/vc_column][\/vc_row]<\/p>\n","protected":false},"excerpt":{"rendered":"<p>[vc_row row_type=&#8220;row&#8220; use_row_as_full_screen_section=&#8220;no&#8220; type=&#8220;full_width&#8220; text_align=&#8220;left&#8220; video=&#8220;&#8220; css_animation=&#8220;&#8220; box_shadow_on_row=&#8220;no&#8220; el_id=&#8220;Desktop&#8220;][vc_column offset=&#8220;vc_hidden-xs&#8220;][vc_row_inner row_type=&#8220;parallax&#8220; text_align=&#8220;center&#8220; background_image=&#8220;1639&#8243;][vc_column_inner width=&#8220;1\/4&#8243;][\/vc_column_inner][vc_column_inner width=&#8220;2\/4&#8243; css=&#8220;.vc_custom_1466762292573{padding-right: 20px !important;padding-left: 20px !important;}&#8220;][vc_empty_space height=&#8220;200px&#8220; image_repeat=&#8220;no-repeat&#8220;][vc_single_image image=&#8220;1568&#8243; img_size=&#8220;full&#8220; alignment=&#8220;center&#8220; eltd_css_animation=&#8220;element_from_bottom&#8220; css=&#8220;.vc_custom_1454500548598{margin-top: 30px !important;margin-bottom: 30px !important;}&#8220;][vc_column_text] DIE ANTINORI-SCHAUMWEINE [\/vc_column_text][vc_separator type=&#8220;small&#8220; position=&#8220;center&#8220; color=&#8220;#a02b23&#8243; width=&#8220;80&#8243; thickness=&#8220;1&#8243;][vc_column_text] GESCHICHTE EINES WEINS, DER \u00abSPRUDELT, SPRITZT,&#8230;<\/p>\n","protected":false},"author":1,"featured_media":0,"parent":3045,"menu_order":0,"comment_status":"closed","ping_status":"closed","template":"full_width.php","meta":{"om_disable_all_campaigns":false,"footnotes":""},"class_list":["post-3087","page","type-page","status-publish","hentry"],"aioseo_notices":[],"_links":{"self":[{"href":"https:\/\/www.tenutamontenisa.it\/de\/wp-json\/wp\/v2\/pages\/3087","targetHints":{"allow":["GET"]}}],"collection":[{"href":"https:\/\/www.tenutamontenisa.it\/de\/wp-json\/wp\/v2\/pages"}],"about":[{"href":"https:\/\/www.tenutamontenisa.it\/de\/wp-json\/wp\/v2\/types\/page"}],"author":[{"embeddable":true,"href":"https:\/\/www.tenutamontenisa.it\/de\/wp-json\/wp\/v2\/users\/1"}],"replies":[{"embeddable":true,"href":"https:\/\/www.tenutamontenisa.it\/de\/wp-json\/wp\/v2\/comments?post=3087"}],"version-history":[{"count":9,"href":"https:\/\/www.tenutamontenisa.it\/de\/wp-json\/wp\/v2\/pages\/3087\/revisions"}],"predecessor-version":[{"id":3407,"href":"https:\/\/www.tenutamontenisa.it\/de\/wp-json\/wp\/v2\/pages\/3087\/revisions\/3407"}],"up":[{"embeddable":true,"href":"https:\/\/www.tenutamontenisa.it\/de\/wp-json\/wp\/v2\/pages\/3045"}],"wp:attachment":[{"href":"https:\/\/www.tenutamontenisa.it\/de\/wp-json\/wp\/v2\/media?parent=3087"}],"curies":[{"name":"wp","href":"https:\/\/api.w.org\/{rel}","templated":true}]}}