{"id":3083,"date":"2016-03-02T10:46:19","date_gmt":"2016-03-02T10:46:19","guid":{"rendered":"https:\/\/www.tenutamontenisa.it\/de\/?page_id=3083"},"modified":"2023-10-27T10:45:01","modified_gmt":"2023-10-27T10:45:01","slug":"contessa-maggi","status":"publish","type":"page","link":"https:\/\/www.tenutamontenisa.it\/de\/schaumweine\/contessa-maggi\/","title":{"rendered":"Contessa Maggi"},"content":{"rendered":"<p>[vc_row row_type=&#8220;row&#8220; use_row_as_full_screen_section=&#8220;yes&#8220; type=&#8220;full_width&#8220; text_align=&#8220;left&#8220; video=&#8220;&#8220; css_animation=&#8220;&#8220; box_shadow_on_row=&#8220;no&#8220; el_class=&#8220;sfondo_maggi&#8220;][vc_column][vc_row_inner row_type=&#8220;row&#8220; type=&#8220;grid&#8220; use_row_as_full_screen_section_slide=&#8220;no&#8220; text_align=&#8220;left&#8220; padding_top=&#8220;100&#8243; css_animation=&#8220;&#8220; box_shadow_on_row=&#8220;no&#8220;][vc_column_inner][vc_empty_space height=&#8220;50px&#8220; image_repeat=&#8220;no-repeat&#8220;][vc_single_image image=&#8220;3567&#8243; img_size=&#8220;full&#8220; alignment=&#8220;center&#8220; eltd_css_animation=&#8220;element_from_bottom&#8220; css=&#8220;.vc_custom_1454835489021{margin-top: 30px !important;margin-bottom: 30px !important;}&#8220;][vc_column_text]<\/p>\n<h2 style=\"text-align: center;\">Marchese Antinori<br \/>\nContessa Maggi<\/h2>\n<p>[\/vc_column_text][vc_separator type=&#8220;small&#8220; position=&#8220;center&#8220; color=&#8220;#a02b23&#8243; width=&#8220;80&#8243; thickness=&#8220;1&#8243;][vc_column_text]<\/p>\n<p style=\"text-align: center; text-transform: uppercase;\">Franciacorta<\/p>\n<p>[\/vc_column_text][vc_empty_space height=&#8220;50px&#8220; image_repeat=&#8220;no-repeat&#8220;]<div class=\"custom_font_holder\" style=\"font-family: Georgia; font-size: 24px; font-style: italic; font-weight: 200; color: #3d2606; text-decoration: none; text-transform: none; text-align: left\" data-font-size=24 ><div  ><\/p>\n<p style=\"text-align: center;\">Erzeugt in der Tenuta Montenisa, elegant und raffiniert wie sein Name. Aus selektierten Chardonnay- und Pinot Nero-Beeren ist er einer der meistgesch\u00e4tzten Spumanti der Franciacorta-Produktion.<br \/>\nGoldgelbe Farbe mit strahlenden Reflexen, ein berauschender Duft von reifer Frucht und ein komplexer, aber harmonischer Geschmack.<br \/>\nEin Wein mit Struktur und L\u00e4nge, dessen Pers\u00f6nlichkeit Ausdruck der klassischsten Tradition der Region ist.<\/p>\n<p><\/div><\/div>[vc_empty_space image_repeat=&#8220;no-repeat&#8220;][\/vc_column_inner][\/vc_row_inner][vc_row_inner row_type=&#8220;parallax&#8220; text_align=&#8220;left&#8220; background_image=&#8220;2374&#8243;][vc_column_inner width=&#8220;3\/6&#8243;][vc_single_image image=&#8220;5121&#8243; img_size=&#8220;full&#8220; alignment=&#8220;center&#8220; eltd_css_animation=&#8220;&#8220;][\/vc_column_inner][vc_column_inner width=&#8220;2\/6&#8243;][vc_empty_space image_repeat=&#8220;no-repeat&#8220;][no_bordered_elements_holder animation_type=&#8220;eltd_box_corner_line&#8220; border_color=&#8220;#3d2606&#8243; border_width=&#8220;1&#8243; holder_padding=&#8220;20&#8243;]<div class=\"eltd_separator_with_icon with_custom_icon  center \" style=\"margin-top:50px;margin-bottom:35px\"><div class=\"eltd_icon_holder\" style=\"bottom:-18px;\"><div class=\"eltd_separator_icon_holder\"><div class=\"eltd_line_before\"  style=\"border-color: #3d2606;border-bottom-width:1px;width:40px;border-style: solid;margin-bottom:-0.5px;\"><\/div><div class=\"separator_custom_icon\"><a href=\"\" target=\"self\" ><img decoding=\"async\" src=\"https:\/\/www.tenutamontenisa.it\/wp-content\/uploads\/2016\/02\/icona_vinificazione.png\" alt=\"Custom Image\" \/><\/a><\/div><div class=\"eltd_line_after\"  style=\"border-color: #3d2606;border-bottom-width:1px;width:40px;border-style: solid;margin-bottom:-0.5px;\"><\/div><\/div><\/div><\/div>[vc_column_text]<\/p>\n<h5 style=\"text-align: center;\">Vinifizierung<\/h5>\n<p>[\/vc_column_text][vc_column_text css=&#8220;.vc_custom_1467906011879{padding-top: 10px !important;padding-right: 10px !important;padding-bottom: 10px !important;padding-left: 10px !important;border-radius: 1px !important;}&#8220;]Die alkoholische G\u00e4rung erfolgt zum Teil in Inox-Edelstahltanks und zum Teil in Barriques. Die Zweitg\u00e4rung in der Flasche im Kontakt mit den Hefen findet in den folgenden 40 Monaten statt.[\/vc_column_text][vc_separator type=&#8220;small&#8220; position=&#8220;center&#8220; color=&#8220;#a02b23&#8243; width=&#8220;80&#8243; thickness=&#8220;1&#8243;][\/no_bordered_elements_holder][vc_empty_space image_repeat=&#8220;no-repeat&#8220;][no_bordered_elements_holder animation_type=&#8220;eltd_box_simultaneous_line&#8220; border_color=&#8220;#3d2606&#8243; border_width=&#8220;1&#8243; holder_padding=&#8220;20&#8243;]<div class=\"eltd_separator_with_icon with_custom_icon  center \" style=\"margin-top:50px;margin-bottom:35px\"><div class=\"eltd_icon_holder\" style=\"bottom:-18px;\"><div class=\"eltd_separator_icon_holder\"><div class=\"eltd_line_before\"  style=\"border-color: #3d2606;border-bottom-width:1px;width:40px;border-style: solid;margin-bottom:-0.5px;\"><\/div><div class=\"separator_custom_icon\"><a href=\"\" target=\"self\" ><img decoding=\"async\" src=\"https:\/\/www.tenutamontenisa.it\/wp-content\/uploads\/2016\/02\/icona_servizio.png\" alt=\"Custom Image\" \/><\/a><\/div><div class=\"eltd_line_after\"  style=\"border-color: #3d2606;border-bottom-width:1px;width:40px;border-style: solid;margin-bottom:-0.5px;\"><\/div><\/div><\/div><\/div>[vc_column_text]<\/p>\n<h5 style=\"text-align: center;\">Passende Anl\u00e4sse und Gerichte<\/h5>\n<p>[\/vc_column_text][vc_column_text css=&#8220;.vc_custom_1467906039131{padding-top: 10px !important;padding-right: 10px !important;padding-bottom: 10px !important;padding-left: 10px !important;border-radius: 1px !important;}&#8220;]Eleganz und Finesse, die diesen Wein auszeichnen, machen ihn zum besonders geeigneten Begleiter f\u00fcr erste G\u00e4nge mittlerer Intensit\u00e4t und wei\u00dfes Fleisch, Fischsuppen und Fisch allgemein.[\/vc_column_text][vc_separator type=&#8220;small&#8220; position=&#8220;center&#8220; color=&#8220;#a02b23&#8243; width=&#8220;80&#8243; thickness=&#8220;1&#8243;][\/no_bordered_elements_holder][vc_empty_space image_repeat=&#8220;no-repeat&#8220;][no_bordered_elements_holder animation_type=&#8220;eltd_box_simultaneous_line&#8220; border_color=&#8220;#3d2606&#8243; border_width=&#8220;1&#8243; holder_padding=&#8220;20&#8243;]<div class=\"eltd_separator_with_icon with_custom_icon  center \" style=\"margin-top:50px;margin-bottom:35px\"><div class=\"eltd_icon_holder\" style=\"bottom:-18px;\"><div class=\"eltd_separator_icon_holder\"><div class=\"eltd_line_before\"  style=\"border-color: #3d2606;border-bottom-width:1px;width:40px;border-style: solid;margin-bottom:-0.5px;margin-right:10px;\"><\/div><div class=\"separator_custom_icon\"><a href=\"\" target=\"self\" ><img decoding=\"async\" src=\"https:\/\/www.tenutamontenisa.it\/wp-content\/uploads\/2016\/02\/icona_conservazione.png\" alt=\"Custom Image\" \/><\/a><\/div><div class=\"eltd_line_after\"  style=\"border-color: #3d2606;border-bottom-width:1px;width:40px;border-style: solid;margin-bottom:-0.5px;margin-left:10px;\"><\/div><\/div><\/div><\/div>[vc_column_text]<\/p>\n<h5 style=\"text-align: center;\">Degustationshinweise<\/h5>\n<p>[\/vc_column_text][vc_column_text css=&#8220;.vc_custom_1467906061166{padding-top: 10px !important;padding-right: 10px !important;padding-bottom: 10px !important;padding-left: 10px !important;border-radius: 1px !important;}&#8220;]Blasses Gelb mit gr\u00fcnlichen Reflexen. Intensiver und anhaltender Duft. Am Gaumen verleihen die Noten von Frucht mit wei\u00dfem Fleisch dem Wein Eleganz und Feinheit.[\/vc_column_text][vc_separator type=&#8220;small&#8220; position=&#8220;center&#8220; color=&#8220;#a02b23&#8243; width=&#8220;80&#8243; thickness=&#8220;1&#8243;][\/no_bordered_elements_holder][vc_empty_space height=&#8220;10px&#8220; image_repeat=&#8220;no-repeat&#8220;]<a href=\"http:\/\/www.tenutamontenisa.it\/wp-content\/uploads\/doc\/contessa_maggi_en.pdf\" target=\"_blank\"  class=\"qbutton  small icon_right\" style=\"\">Datenblatt herunterladen<\/a>[\/vc_column_inner][vc_column_inner width=&#8220;1\/6&#8243;][\/vc_column_inner][\/vc_row_inner][vc_row_inner row_type=&#8220;row&#8220; type=&#8220;grid&#8220; use_row_as_full_screen_section_slide=&#8220;no&#8220; text_align=&#8220;left&#8220; padding_top=&#8220;100&#8243; css_animation=&#8220;&#8220; box_shadow_on_row=&#8220;no&#8220;][vc_column_inner][vc_empty_space height=&#8220;50px&#8220; image_repeat=&#8220;no-repeat&#8220;][vc_column_text]<\/p>\n<h2 style=\"text-align: center;\">Fotogalerie<\/h2>\n<p>[\/vc_column_text][vc_separator type=&#8220;small&#8220; position=&#8220;center&#8220; color=&#8220;#a02b23&#8243; width=&#8220;80&#8243; thickness=&#8220;1&#8243;][vc_column_text]<\/p>\n<p style=\"text-align: center;\">Lifestyle Shots<\/p>\n<p>[\/vc_column_text][vc_empty_space height=&#8220;50px&#8220; image_repeat=&#8220;no-repeat&#8220;][\/vc_column_inner][\/vc_row_inner][\/vc_column][\/vc_row][vc_row row_type=&#8220;row&#8220; use_row_as_full_screen_section=&#8220;no&#8220; type=&#8220;full_width&#8220; text_align=&#8220;left&#8220; video=&#8220;&#8220; css_animation=&#8220;&#8220; box_shadow_on_row=&#8220;no&#8220;][vc_column width=&#8220;1\/3&#8243; css=&#8220;.vc_custom_1456914934074{margin: 0px !important;border-width: 0px !important;padding: 0px !important;}&#8220;][vc_single_image image=&#8220;3735&#8243; img_size=&#8220;640&#215;700&#8243; onclick=&#8220;link_image&#8220; eltd_css_animation=&#8220;&#8220;][vc_single_image image=&#8220;3737&#8243; img_size=&#8220;640&#215;300&#8243; onclick=&#8220;link_image&#8220; eltd_css_animation=&#8220;&#8220;][\/vc_column][vc_column width=&#8220;1\/3&#8243; css=&#8220;.vc_custom_1456914942376{margin: 0px !important;border-width: 0px !important;padding: 0px !important;}&#8220;][vc_single_image image=&#8220;3739&#8243; img_size=&#8220;640&#215;500&#8243; onclick=&#8220;link_image&#8220; eltd_css_animation=&#8220;&#8220;][vc_single_image image=&#8220;3741&#8243; img_size=&#8220;640&#215;500&#8243; onclick=&#8220;link_image&#8220; eltd_css_animation=&#8220;&#8220;][\/vc_column][vc_column width=&#8220;1\/3&#8243; css=&#8220;.vc_custom_1456914950763{margin: 0px !important;border-width: 0px !important;padding: 0px !important;}&#8220;][vc_single_image image=&#8220;3743&#8243; img_size=&#8220;640&#215;800&#8243; onclick=&#8220;link_image&#8220; eltd_css_animation=&#8220;&#8220;][vc_single_image image=&#8220;3745&#8243; img_size=&#8220;640&#215;200&#8243; onclick=&#8220;link_image&#8220; eltd_css_animation=&#8220;&#8220;][\/vc_column][\/vc_row]<\/p>\n","protected":false},"excerpt":{"rendered":"<p>[vc_row row_type=&#8220;row&#8220; use_row_as_full_screen_section=&#8220;yes&#8220; type=&#8220;full_width&#8220; text_align=&#8220;left&#8220; video=&#8220;&#8220; css_animation=&#8220;&#8220; box_shadow_on_row=&#8220;no&#8220; el_class=&#8220;sfondo_maggi&#8220;][vc_column][vc_row_inner row_type=&#8220;row&#8220; type=&#8220;grid&#8220; use_row_as_full_screen_section_slide=&#8220;no&#8220; text_align=&#8220;left&#8220; padding_top=&#8220;100&#8243; css_animation=&#8220;&#8220; box_shadow_on_row=&#8220;no&#8220;][vc_column_inner][vc_empty_space height=&#8220;50px&#8220; image_repeat=&#8220;no-repeat&#8220;][vc_single_image image=&#8220;3567&#8243; img_size=&#8220;full&#8220; alignment=&#8220;center&#8220; eltd_css_animation=&#8220;element_from_bottom&#8220; css=&#8220;.vc_custom_1454835489021{margin-top: 30px !important;margin-bottom: 30px !important;}&#8220;][vc_column_text] Marchese Antinori Contessa Maggi [\/vc_column_text][vc_separator type=&#8220;small&#8220; position=&#8220;center&#8220; color=&#8220;#a02b23&#8243; width=&#8220;80&#8243; thickness=&#8220;1&#8243;][vc_column_text] Franciacorta [\/vc_column_text][vc_empty_space height=&#8220;50px&#8220; image_repeat=&#8220;no-repeat&#8220;][vc_empty_space image_repeat=&#8220;no-repeat&#8220;][\/vc_column_inner][\/vc_row_inner][vc_row_inner row_type=&#8220;parallax&#8220; text_align=&#8220;left&#8220; background_image=&#8220;2374&#8243;][vc_column_inner&#8230;<\/p>\n","protected":false},"author":1,"featured_media":0,"parent":3045,"menu_order":0,"comment_status":"closed","ping_status":"closed","template":"full_width.php","meta":{"om_disable_all_campaigns":false,"footnotes":""},"class_list":["post-3083","page","type-page","status-publish","hentry"],"aioseo_notices":[],"_links":{"self":[{"href":"https:\/\/www.tenutamontenisa.it\/de\/wp-json\/wp\/v2\/pages\/3083","targetHints":{"allow":["GET"]}}],"collection":[{"href":"https:\/\/www.tenutamontenisa.it\/de\/wp-json\/wp\/v2\/pages"}],"about":[{"href":"https:\/\/www.tenutamontenisa.it\/de\/wp-json\/wp\/v2\/types\/page"}],"author":[{"embeddable":true,"href":"https:\/\/www.tenutamontenisa.it\/de\/wp-json\/wp\/v2\/users\/1"}],"replies":[{"embeddable":true,"href":"https:\/\/www.tenutamontenisa.it\/de\/wp-json\/wp\/v2\/comments?post=3083"}],"version-history":[{"count":9,"href":"https:\/\/www.tenutamontenisa.it\/de\/wp-json\/wp\/v2\/pages\/3083\/revisions"}],"predecessor-version":[{"id":5126,"href":"https:\/\/www.tenutamontenisa.it\/de\/wp-json\/wp\/v2\/pages\/3083\/revisions\/5126"}],"up":[{"embeddable":true,"href":"https:\/\/www.tenutamontenisa.it\/de\/wp-json\/wp\/v2\/pages\/3045"}],"wp:attachment":[{"href":"https:\/\/www.tenutamontenisa.it\/de\/wp-json\/wp\/v2\/media?parent=3083"}],"curies":[{"name":"wp","href":"https:\/\/api.w.org\/{rel}","templated":true}]}}