{"id":3079,"date":"2016-02-04T09:27:50","date_gmt":"2016-02-04T09:27:50","guid":{"rendered":"https:\/\/www.tenutamontenisa.it\/de\/?page_id=3079"},"modified":"2023-10-27T07:42:16","modified_gmt":"2023-10-27T07:42:16","slug":"blanc-de-blancs","status":"publish","type":"page","link":"https:\/\/www.tenutamontenisa.it\/de\/schaumweine\/blanc-de-blancs\/","title":{"rendered":"Blanc de Blancs"},"content":{"rendered":"<p>[vc_row row_type=&#8220;row&#8220; use_row_as_full_screen_section=&#8220;yes&#8220; type=&#8220;full_width&#8220; text_align=&#8220;left&#8220; video=&#8220;&#8220; css_animation=&#8220;&#8220; box_shadow_on_row=&#8220;no&#8220; el_class=&#8220;sfondo_blanc&#8220;][vc_column][vc_row_inner row_type=&#8220;row&#8220; type=&#8220;grid&#8220; use_row_as_full_screen_section_slide=&#8220;no&#8220; text_align=&#8220;left&#8220; padding_top=&#8220;100&#8243; css_animation=&#8220;&#8220; box_shadow_on_row=&#8220;no&#8220;][vc_column_inner][vc_empty_space height=&#8220;50px&#8220; image_repeat=&#8220;no-repeat&#8220;][vc_single_image image=&#8220;3567&#8243; img_size=&#8220;full&#8220; alignment=&#8220;center&#8220; eltd_css_animation=&#8220;&#8220; css=&#8220;.vc_custom_1454432133867{margin-top: 30px !important;margin-bottom: 30px !important;}&#8220;][vc_column_text]<\/p>\n<h2 style=\"text-align: center;\">Marchese Antinori<br \/>\nBlanc de Blancs<\/h2>\n<p>[\/vc_column_text][vc_separator type=&#8220;small&#8220; position=&#8220;center&#8220; color=&#8220;#a02b23&#8243; width=&#8220;80&#8243; thickness=&#8220;1&#8243;][vc_column_text]<\/p>\n<p style=\"text-align: center; text-transform: uppercase;\">Franciacorta<\/p>\n<p>[\/vc_column_text][vc_empty_space height=&#8220;50px&#8220; image_repeat=&#8220;no-repeat&#8220;]<div class=\"custom_font_holder\" style=\"font-family: Georgia; font-size: 24px; font-style: italic; font-weight: 200; color: #3d2606; text-decoration: none; text-transform: none; text-align: left\" data-font-size=24 ><div  ><\/p>\n<p style=\"text-align: center;\">Die besten Chardonnay-Beeren mit einem kleinen Anteil Pinot Bianco von den Weinbergen der Tenuta Montenisa im Herzen der Franciacorta lassen eine elegante Cuv\u00e9e von raffinierter Frische entstehen.<br \/>\nVinifizierung in Edelstahl und anschlie\u00dfende Reifeperiode von mindestens 24 Monaten auf den Hefen verleihen dem Wein ein blumiges lebhaftes Profil, gro\u00dfe Ausgewogenheit und delikate Finesse.<\/p>\n<p><\/div><\/div>[vc_empty_space image_repeat=&#8220;no-repeat&#8220;][\/vc_column_inner][\/vc_row_inner][vc_row_inner row_type=&#8220;parallax&#8220; text_align=&#8220;left&#8220; background_image=&#8220;2374&#8243;][vc_column_inner width=&#8220;3\/6&#8243;][vc_single_image image=&#8220;5060&#8243; img_size=&#8220;full&#8220; alignment=&#8220;center&#8220; eltd_css_animation=&#8220;&#8220;][\/vc_column_inner][vc_column_inner width=&#8220;2\/6&#8243;][vc_empty_space image_repeat=&#8220;no-repeat&#8220;][no_bordered_elements_holder animation_type=&#8220;eltd_box_corner_line&#8220; border_color=&#8220;#3d2606&#8243; border_width=&#8220;1&#8243; holder_padding=&#8220;20&#8243;]<div class=\"eltd_separator_with_icon with_custom_icon  center \" style=\"margin-top:50px;margin-bottom:35px\"><div class=\"eltd_icon_holder\" style=\"bottom:-18px;\"><div class=\"eltd_separator_icon_holder\"><div class=\"eltd_line_before\"  style=\"border-color: #3d2606;border-bottom-width:1px;width:40px;border-style: solid;margin-bottom:-0.5px;\"><\/div><div class=\"separator_custom_icon\"><a href=\"\" target=\"self\" ><img decoding=\"async\" src=\"https:\/\/www.tenutamontenisa.it\/wp-content\/uploads\/2016\/02\/icona_vinificazione.png\" alt=\"Custom Image\" \/><\/a><\/div><div class=\"eltd_line_after\"  style=\"border-color: #3d2606;border-bottom-width:1px;width:40px;border-style: solid;margin-bottom:-0.5px;\"><\/div><\/div><\/div><\/div>[vc_column_text]<\/p>\n<h5 style=\"text-align: center;\">Vinifizierung<\/h5>\n<p>[\/vc_column_text][vc_column_text css=&#8220;.vc_custom_1467905491596{padding-top: 10px !important;padding-right: 10px !important;padding-bottom: 10px !important;padding-left: 10px !important;border-radius: 1px !important;}&#8220;]Der Vorlaufmost durchl\u00e4uft eine erste alkoholische G\u00e4rung in Inox-Edelstahltanks. Die Zweitg\u00e4rung in der Flasche im Kontakt mit den Hefen findet in den folgenden 24 Monaten statt. [\/vc_column_text][vc_separator type=&#8220;small&#8220; position=&#8220;center&#8220; color=&#8220;#a02b23&#8243; width=&#8220;80&#8243; thickness=&#8220;1&#8243;][\/no_bordered_elements_holder][vc_empty_space image_repeat=&#8220;no-repeat&#8220;][no_bordered_elements_holder animation_type=&#8220;eltd_box_simultaneous_line&#8220; border_color=&#8220;#3d2606&#8243; border_width=&#8220;1&#8243; holder_padding=&#8220;20&#8243;]<div class=\"eltd_separator_with_icon with_custom_icon  center \" style=\"margin-top:50px;margin-bottom:35px\"><div class=\"eltd_icon_holder\" style=\"bottom:-18px;\"><div class=\"eltd_separator_icon_holder\"><div class=\"eltd_line_before\"  style=\"border-color: #3d2606;border-bottom-width:1px;width:40px;border-style: solid;margin-bottom:-0.5px;\"><\/div><div class=\"separator_custom_icon\"><a href=\"\" target=\"self\" ><img decoding=\"async\" src=\"https:\/\/www.tenutamontenisa.it\/wp-content\/uploads\/2016\/02\/icona_servizio.png\" alt=\"Custom Image\" \/><\/a><\/div><div class=\"eltd_line_after\"  style=\"border-color: #3d2606;border-bottom-width:1px;width:40px;border-style: solid;margin-bottom:-0.5px;\"><\/div><\/div><\/div><\/div>[vc_column_text]<\/p>\n<h5 style=\"text-align: center;\">Passende Anl\u00e4sse und Gerichte<\/h5>\n<p>[\/vc_column_text][vc_column_text css=&#8220;.vc_custom_1467905517201{padding-top: 10px !important;padding-right: 10px !important;padding-bottom: 10px !important;padding-left: 10px !important;border-radius: 1px !important;}&#8220;]Beim Aperitif, zu Vorspeisen und ersten G\u00e4ngen auf Basis von Fisch. Seine ausgepr\u00e4gte Frische macht ihn\u00a0 perfekt auch f\u00fcr den sp\u00e4teren Abend.[\/vc_column_text][vc_separator type=&#8220;small&#8220; position=&#8220;center&#8220; color=&#8220;#a02b23&#8243; width=&#8220;80&#8243; thickness=&#8220;1&#8243;][\/no_bordered_elements_holder][vc_empty_space image_repeat=&#8220;no-repeat&#8220;][no_bordered_elements_holder animation_type=&#8220;eltd_box_simultaneous_line&#8220; border_color=&#8220;#3d2606&#8243; border_width=&#8220;1&#8243; holder_padding=&#8220;20&#8243;]<div class=\"eltd_separator_with_icon with_custom_icon  center \" style=\"margin-top:50px;margin-bottom:35px\"><div class=\"eltd_icon_holder\" style=\"bottom:-18px;\"><div class=\"eltd_separator_icon_holder\"><div class=\"eltd_line_before\"  style=\"border-color: #3d2606;border-bottom-width:1px;width:40px;border-style: solid;margin-bottom:-0.5px;margin-right:10px;\"><\/div><div class=\"separator_custom_icon\"><a href=\"\" target=\"self\" ><img decoding=\"async\" src=\"https:\/\/www.tenutamontenisa.it\/wp-content\/uploads\/2016\/02\/icona_conservazione.png\" alt=\"Custom Image\" \/><\/a><\/div><div class=\"eltd_line_after\"  style=\"border-color: #3d2606;border-bottom-width:1px;width:40px;border-style: solid;margin-bottom:-0.5px;margin-left:10px;\"><\/div><\/div><\/div><\/div>[vc_column_text]<\/p>\n<h5 style=\"text-align: center;\">Degustationshinweise<\/h5>\n<p>[\/vc_column_text][vc_column_text css=&#8220;.vc_custom_1467905556956{padding-top: 10px !important;padding-right: 10px !important;padding-bottom: 10px !important;padding-left: 10px !important;border-radius: 1px !important;}&#8220;]Blasses Strohgelb, cremiger Schaum mit feiner anhaltender Perlage. An der Nase duftend und schnell pr\u00e4sent mit Bl\u00fcten- und Fruchtnoten, die an Apfel und wei\u00dfen Pfirsich erinnern. Am Gaumen zeichnet er sich durch Lebhaftigkeit und Frische in Verbindung mit guter Ausgewogenheit und durch ungew\u00f6hnliche Eleganz aus.[\/vc_column_text][vc_separator type=&#8220;small&#8220; position=&#8220;center&#8220; color=&#8220;#a02b23&#8243; width=&#8220;80&#8243; thickness=&#8220;1&#8243;][\/no_bordered_elements_holder][vc_empty_space height=&#8220;10px&#8220; image_repeat=&#8220;no-repeat&#8220;]<a href=\"http:\/\/www.tenutamontenisa.it\/wp-content\/uploads\/doc\/blanc_de_blancs_en.pdf\" target=\"_blank\"  class=\"qbutton  small icon_right\" style=\"\">Datenblatt herunterladen<\/a>[\/vc_column_inner][vc_column_inner width=&#8220;1\/6&#8243;][\/vc_column_inner][\/vc_row_inner][vc_row_inner row_type=&#8220;row&#8220; type=&#8220;full_width&#8220; use_row_as_full_screen_section_slide=&#8220;no&#8220; text_align=&#8220;left&#8220; padding_top=&#8220;100&#8243; css_animation=&#8220;&#8220; box_shadow_on_row=&#8220;no&#8220;][vc_column_inner][vc_empty_space height=&#8220;50px&#8220; image_repeat=&#8220;no-repeat&#8220;][vc_column_text]<\/p>\n<h2 style=\"text-align: center;\">Fotogalerie<\/h2>\n<p>[\/vc_column_text][vc_separator type=&#8220;small&#8220; position=&#8220;center&#8220; color=&#8220;#a02b23&#8243; width=&#8220;80&#8243; thickness=&#8220;1&#8243;][vc_column_text]<\/p>\n<p style=\"text-align: center;\">Lifestyle Shots<\/p>\n<p>[\/vc_column_text][vc_empty_space height=&#8220;50px&#8220; image_repeat=&#8220;no-repeat&#8220;][\/vc_column_inner][\/vc_row_inner][\/vc_column][\/vc_row][vc_row row_type=&#8220;row&#8220; use_row_as_full_screen_section=&#8220;no&#8220; type=&#8220;full_width&#8220; text_align=&#8220;left&#8220; video=&#8220;&#8220; css_animation=&#8220;&#8220; box_shadow_on_row=&#8220;no&#8220;][vc_column width=&#8220;1\/4&#8243; css=&#8220;.vc_custom_1456909011357{margin: 0px !important;border-width: 0px !important;padding: 0px !important;}&#8220;][vc_single_image image=&#8220;3707&#8243; img_size=&#8220;481&#215;700&#8243; alignment=&#8220;center&#8220; onclick=&#8220;link_image&#8220; eltd_css_animation=&#8220;&#8220; css=&#8220;.vc_custom_1456912255307{margin-top: 0px !important;margin-right: 0px !important;margin-bottom: 0px !important;margin-left: 0px !important;border-top-width: 0px !important;border-right-width: 0px !important;border-bottom-width: 0px !important;border-left-width: 0px !important;padding-top: 0px !important;padding-right: 0px !important;padding-bottom: 0px !important;padding-left: 0px !important;}&#8220;][vc_single_image image=&#8220;3719&#8243; img_size=&#8220;481&#215;300&#8243; alignment=&#8220;center&#8220; onclick=&#8220;link_image&#8220; eltd_css_animation=&#8220;&#8220; css=&#8220;.vc_custom_1456912493901{margin-top: 0px !important;margin-right: 0px !important;margin-bottom: 0px !important;margin-left: 0px !important;border-top-width: 0px !important;border-right-width: 0px !important;border-bottom-width: 0px !important;border-left-width: 0px !important;padding-top: 0px !important;padding-right: 0px !important;padding-bottom: 0px !important;padding-left: 0px !important;}&#8220;][\/vc_column][vc_column width=&#8220;1\/4&#8243; css=&#8220;.vc_custom_1456909020121{margin: 0px !important;border-width: 0px !important;padding: 0px !important;}&#8220;][vc_single_image image=&#8220;3709&#8243; img_size=&#8220;481&#215;300&#8243; alignment=&#8220;center&#8220; onclick=&#8220;link_image&#8220; eltd_css_animation=&#8220;&#8220; css=&#8220;.vc_custom_1456912287000{margin-top: 0px !important;margin-right: 0px !important;margin-bottom: 0px !important;margin-left: 0px !important;border-top-width: 0px !important;border-right-width: 0px !important;border-bottom-width: 0px !important;border-left-width: 0px !important;padding-top: 0px !important;padding-right: 0px !important;padding-bottom: 0px !important;padding-left: 0px !important;}&#8220;][vc_single_image image=&#8220;3717&#8243; img_size=&#8220;481&#215;700&#8243; alignment=&#8220;center&#8220; onclick=&#8220;link_image&#8220; eltd_css_animation=&#8220;&#8220; css=&#8220;.vc_custom_1456912459758{margin-top: 0px !important;margin-right: 0px !important;margin-bottom: 0px !important;margin-left: 0px !important;border-top-width: 0px !important;border-right-width: 0px !important;border-bottom-width: 0px !important;border-left-width: 0px !important;padding-top: 0px !important;padding-right: 0px !important;padding-bottom: 0px !important;padding-left: 0px !important;}&#8220;][\/vc_column][vc_column width=&#8220;1\/4&#8243; css=&#8220;.vc_custom_1456909030889{margin: 0px !important;border-width: 0px !important;padding: 0px !important;}&#8220;][vc_single_image image=&#8220;3711&#8243; img_size=&#8220;481&#215;500&#8243; alignment=&#8220;center&#8220; onclick=&#8220;link_image&#8220; eltd_css_animation=&#8220;&#8220; css=&#8220;.vc_custom_1456912324499{margin-top: 0px !important;margin-right: 0px !important;margin-bottom: 0px !important;margin-left: 0px !important;border-top-width: 0px !important;border-right-width: 0px !important;border-bottom-width: 0px !important;border-left-width: 0px !important;padding-top: 0px !important;padding-right: 0px !important;padding-bottom: 0px !important;padding-left: 0px !important;}&#8220;][vc_single_image image=&#8220;3721&#8243; img_size=&#8220;481&#215;500&#8243; alignment=&#8220;center&#8220; onclick=&#8220;link_image&#8220; eltd_css_animation=&#8220;&#8220; css=&#8220;.vc_custom_1456912610194{margin-top: 0px !important;margin-right: 0px !important;margin-bottom: 0px !important;margin-left: 0px !important;border-top-width: 0px !important;border-right-width: 0px !important;border-bottom-width: 0px !important;border-left-width: 0px !important;padding-top: 0px !important;padding-right: 0px !important;padding-bottom: 0px !important;padding-left: 0px !important;}&#8220;][\/vc_column][vc_column width=&#8220;1\/4&#8243; css=&#8220;.vc_custom_1456909045227{margin: 0px !important;border-width: 0px !important;padding: 0px !important;}&#8220;][vc_single_image image=&#8220;3713&#8243; img_size=&#8220;481&#215;800&#8243; alignment=&#8220;center&#8220; onclick=&#8220;link_image&#8220; eltd_css_animation=&#8220;&#8220; css=&#8220;.vc_custom_1456912358409{margin-top: 0px !important;margin-right: 0px !important;margin-bottom: 0px !important;margin-left: 0px !important;border-top-width: 0px !important;border-right-width: 0px !important;border-bottom-width: 0px !important;border-left-width: 0px !important;padding-top: 0px !important;padding-right: 0px !important;padding-bottom: 0px !important;padding-left: 0px !important;}&#8220;][vc_single_image image=&#8220;3715&#8243; img_size=&#8220;481&#215;200&#8243; alignment=&#8220;center&#8220; onclick=&#8220;link_image&#8220; eltd_css_animation=&#8220;&#8220; css=&#8220;.vc_custom_1456912385825{margin-top: 0px !important;margin-right: 0px !important;margin-bottom: 0px !important;margin-left: 0px !important;border-top-width: 0px !important;border-right-width: 0px !important;border-bottom-width: 0px !important;border-left-width: 0px !important;padding-top: 0px !important;padding-right: 0px !important;padding-bottom: 0px !important;padding-left: 0px !important;}&#8220;][\/vc_column][\/vc_row]<\/p>\n","protected":false},"excerpt":{"rendered":"<p>[vc_row row_type=&#8220;row&#8220; use_row_as_full_screen_section=&#8220;yes&#8220; type=&#8220;full_width&#8220; text_align=&#8220;left&#8220; video=&#8220;&#8220; css_animation=&#8220;&#8220; box_shadow_on_row=&#8220;no&#8220; el_class=&#8220;sfondo_blanc&#8220;][vc_column][vc_row_inner row_type=&#8220;row&#8220; type=&#8220;grid&#8220; use_row_as_full_screen_section_slide=&#8220;no&#8220; text_align=&#8220;left&#8220; padding_top=&#8220;100&#8243; css_animation=&#8220;&#8220; box_shadow_on_row=&#8220;no&#8220;][vc_column_inner][vc_empty_space height=&#8220;50px&#8220; image_repeat=&#8220;no-repeat&#8220;][vc_single_image image=&#8220;3567&#8243; img_size=&#8220;full&#8220; alignment=&#8220;center&#8220; eltd_css_animation=&#8220;&#8220; css=&#8220;.vc_custom_1454432133867{margin-top: 30px !important;margin-bottom: 30px !important;}&#8220;][vc_column_text] Marchese Antinori Blanc de Blancs [\/vc_column_text][vc_separator type=&#8220;small&#8220; position=&#8220;center&#8220; color=&#8220;#a02b23&#8243; width=&#8220;80&#8243; thickness=&#8220;1&#8243;][vc_column_text] Franciacorta [\/vc_column_text][vc_empty_space height=&#8220;50px&#8220; image_repeat=&#8220;no-repeat&#8220;][vc_empty_space image_repeat=&#8220;no-repeat&#8220;][\/vc_column_inner][\/vc_row_inner][vc_row_inner row_type=&#8220;parallax&#8220; text_align=&#8220;left&#8220;&#8230;<\/p>\n","protected":false},"author":1,"featured_media":0,"parent":3045,"menu_order":0,"comment_status":"closed","ping_status":"closed","template":"full_width.php","meta":{"om_disable_all_campaigns":false,"footnotes":""},"class_list":["post-3079","page","type-page","status-publish","hentry"],"aioseo_notices":[],"_links":{"self":[{"href":"https:\/\/www.tenutamontenisa.it\/de\/wp-json\/wp\/v2\/pages\/3079","targetHints":{"allow":["GET"]}}],"collection":[{"href":"https:\/\/www.tenutamontenisa.it\/de\/wp-json\/wp\/v2\/pages"}],"about":[{"href":"https:\/\/www.tenutamontenisa.it\/de\/wp-json\/wp\/v2\/types\/page"}],"author":[{"embeddable":true,"href":"https:\/\/www.tenutamontenisa.it\/de\/wp-json\/wp\/v2\/users\/1"}],"replies":[{"embeddable":true,"href":"https:\/\/www.tenutamontenisa.it\/de\/wp-json\/wp\/v2\/comments?post=3079"}],"version-history":[{"count":9,"href":"https:\/\/www.tenutamontenisa.it\/de\/wp-json\/wp\/v2\/pages\/3079\/revisions"}],"predecessor-version":[{"id":3306,"href":"https:\/\/www.tenutamontenisa.it\/de\/wp-json\/wp\/v2\/pages\/3079\/revisions\/3306"}],"up":[{"embeddable":true,"href":"https:\/\/www.tenutamontenisa.it\/de\/wp-json\/wp\/v2\/pages\/3045"}],"wp:attachment":[{"href":"https:\/\/www.tenutamontenisa.it\/de\/wp-json\/wp\/v2\/media?parent=3079"}],"curies":[{"name":"wp","href":"https:\/\/api.w.org\/{rel}","templated":true}]}}