{"id":3071,"date":"2016-03-08T11:32:10","date_gmt":"2016-03-08T11:32:10","guid":{"rendered":"https:\/\/www.tenutamontenisa.it\/de\/?page_id=3071"},"modified":"2016-08-02T09:56:44","modified_gmt":"2016-08-02T09:56:44","slug":"das-weingut","status":"publish","type":"page","link":"https:\/\/www.tenutamontenisa.it\/de\/montenisa\/das-weingut\/","title":{"rendered":"Das Weingut"},"content":{"rendered":"<p>[vc_row row_type=&#8220;row&#8220; use_row_as_full_screen_section=&#8220;no&#8220; type=&#8220;full_width&#8220; text_align=&#8220;left&#8220; video=&#8220;&#8220; css_animation=&#8220;&#8220; box_shadow_on_row=&#8220;no&#8220; el_id=&#8220;Desktop&#8220;][vc_column offset=&#8220;vc_hidden-xs&#8220;][vc_row_inner row_type=&#8220;parallax&#8220; text_align=&#8220;left&#8220; background_image=&#8220;1639&#8243;][vc_column_inner width=&#8220;1\/6&#8243;][\/vc_column_inner][vc_column_inner width=&#8220;4\/6&#8243; css=&#8220;.vc_custom_1467022621824{padding-top: 170px !important;padding-right: 20px !important;padding-bottom: 200px !important;padding-left: 20px !important;}&#8220;][vc_empty_space height=&#8220;50px&#8220; image_repeat=&#8220;no-repeat&#8220;][vc_single_image image=&#8220;1568&#8243; img_size=&#8220;full&#8220; alignment=&#8220;center&#8220; eltd_css_animation=&#8220;element_from_bottom&#8220; css=&#8220;.vc_custom_1454500548598{margin-top: 30px !important;margin-bottom: 30px !important;}&#8220;][vc_column_text]<\/p>\n<h5 style=\"text-align: center;\">TENUTA MONTENISA<\/h5>\n<p>[\/vc_column_text][vc_separator type=&#8220;small&#8220; position=&#8220;center&#8220; color=&#8220;#a02b23&#8243; width=&#8220;80&#8243; thickness=&#8220;1&#8243;][vc_column_text]<\/p>\n<blockquote>\n<h2 style=\"text-align: center;\">Calino, die Conti Maggi und die Marchesi Antinori<\/h2>\n<\/blockquote>\n<p style=\"text-align: center;\">\u201cDie Tenuta Montenisa liegt im Herzen von Franciacorta in der N\u00e4he des D\u00f6rfchens Calino, einem Juwel in diesem sanften Teil Italiens, wo Jahrhunderte der Geschichte an antiken Pal\u00e4sten, Kl\u00f6stern, Abteien und kleinen Kirchen, die verstreut im Gr\u00fcn der H\u00fcgel und der Mor\u00e4nent\u00e4ler liegen, vorbeigegangen sind.\u201d<\/p>\n<p>[\/vc_column_text][\/vc_column_inner][vc_column_inner width=&#8220;1\/6&#8243;][\/vc_column_inner][\/vc_row_inner][vc_row_inner row_type=&#8220;parallax&#8220; text_align=&#8220;left&#8220; background_image=&#8220;1659&#8243;][vc_column_inner width=&#8220;1\/2&#8243;][\/vc_column_inner][vc_column_inner width=&#8220;1\/2&#8243; css=&#8220;.vc_custom_1467021076898{padding-top: 150px !important;padding-right: 150px !important;padding-bottom: 150px !important;padding-left: 150px !important;background-color: rgba(0,0,0,0.8) !important;*background-color: rgb(0,0,0) !important;}&#8220;][vc_column_text]<\/p>\n<h5 style=\"text-align: center;\"><span style=\"color: #ffffff;\"><br \/>\nDas Weingut<br \/>\n<\/span><\/h5>\n<p>[\/vc_column_text][vc_separator type=&#8220;small&#8220; position=&#8220;center&#8220; color=&#8220;#a02b23&#8243; width=&#8220;80&#8243; thickness=&#8220;1&#8243;][vc_column_text css=&#8220;.vc_custom_1467902908555{padding-right: 20px !important;padding-bottom: 20px !important;}&#8220;]<\/p>\n<h2 style=\"text-align: center;\"><span style=\"color: #ffffff;\">Calino<br \/>\n<\/span><\/h2>\n<p>[\/vc_column_text][vc_column_text css=&#8220;.vc_custom_1467902925443{padding-top: 20px !important;padding-right: 20px !important;padding-bottom: 20px !important;}&#8220;]<span style=\"color: #ffffff;\">Die Geschichte dieses kleinen D\u00f6rfchens reicht weit in die Vergangenheit zur\u00fcck: f\u00fcr manche ist sein Name sogar griechischen Ursprungs, andere leiten ihn jedoch vom lateinischen \u201ccallis\u201d, kleine Stra\u00dfe, ab.<\/span><\/p>\n<p style=\"text-align: justify;\"><span style=\"color: #ffffff;\">\u00a0<\/span><\/p>\n<p>[\/vc_column_text][\/vc_column_inner][\/vc_row_inner][vc_row_inner row_type=&#8220;parallax&#8220; text_align=&#8220;left&#8220; background_image=&#8220;2185&#8243;][vc_column_inner width=&#8220;1\/12&#8243;][\/vc_column_inner][vc_column_inner width=&#8220;7\/12&#8243; css=&#8220;.vc_custom_1467021724491{padding-top: 150px !important;padding-right: 150px !important;padding-bottom: 150px !important;padding-left: 150px !important;background-color: rgba(0,0,0,0.8) !important;*background-color: rgb(0,0,0) !important;}&#8220;][vc_column_text]<\/p>\n<h5 style=\"text-align: center;\"><span style=\"color: #ffffff;\"><br \/>\nDas Weingut<br \/>\n<\/span><\/h5>\n<p>[\/vc_column_text][vc_separator type=&#8220;small&#8220; position=&#8220;center&#8220; color=&#8220;#a02b23&#8243; border_style=&#8220;solid&#8220; width=&#8220;80&#8243; thickness=&#8220;1&#8243; up=&#8220;20&#8243;][vc_column_text css=&#8220;.vc_custom_1467902940626{padding-bottom: 20px !important;}&#8220;]<\/p>\n<h2 style=\"text-align: center;\"><span style=\"color: #ffffff;\">Die Conti Maggi<br \/>\n<\/span><\/h2>\n<p>[\/vc_column_text][vc_column_text]1158 \u00fcberlie\u00df der Bischof von Brescia das Dorf eine lokalen Adelsfamilie, und gegen Ende des 19. Jahrhunderts erbte Lavinia Calini, die Gaetano Maggi geheiratet hatte, den Besitz, der weiter im Eigentum der adligen Familie in Brescia blieb.<\/p>\n<p>Zu deren Nachkommen geh\u00f6rte auch der Graf Aimo, Erfinder und Symbolfigur des zum Mythos gewordenen Autorennens \u201cMilleMiglia\u201d, dessen Ehefrau, die in der herrlichen Villa Maggi residierende Gr\u00e4fin Camilla, in Franciacorta sehr beliebt war.[\/vc_column_text][vc_empty_space height=&#8220;50px&#8220; image_repeat=&#8220;no-repeat&#8220;][\/vc_column_inner][vc_column_inner width=&#8220;4\/12&#8243;][\/vc_column_inner][\/vc_row_inner][vc_row_inner row_type=&#8220;parallax&#8220; text_align=&#8220;left&#8220; background_image=&#8220;2187&#8243;][vc_column_inner css=&#8220;.vc_custom_1467021318618{padding-top: 300px !important;padding-right: 100px !important;padding-bottom: 300px !important;padding-left: 100px !important;}&#8220;][vc_column_text]<\/p>\n<h4 style=\"text-align: center;\"><span style=\"color: #ffffff;\">Im Jahr 1999 verflechten sich die Geschicke der Marchesi Antinori mit denen der Conti Maggi. <\/span><\/h4>\n<p>[\/vc_column_text][\/vc_column_inner][\/vc_row_inner][vc_row_inner row_type=&#8220;parallax&#8220; text_align=&#8220;left&#8220; background_image=&#8220;2186&#8243;][vc_column_inner width=&#8220;6\/12&#8243;][\/vc_column_inner][vc_column_inner width=&#8220;4\/12&#8243; css=&#8220;.vc_custom_1467021501587{padding-top: 150px !important;padding-right: 50px !important;padding-bottom: 50px !important;padding-left: 50px !important;background-color: #ffffff !important;}&#8220;][vc_column_text]<\/p>\n<h5 style=\"text-align: center;\"><span style=\"color: #000000;\"><br \/>\nDas Weingut<br \/>\n<\/span><\/h5>\n<p>[\/vc_column_text][vc_separator type=&#8220;small&#8220; position=&#8220;center&#8220; color=&#8220;#a02b23&#8243; width=&#8220;80&#8243; thickness=&#8220;1&#8243;][vc_column_text]<\/p>\n<h2 style=\"text-align: center;\">Die Marchesi Antinori<\/h2>\n<p>[\/vc_column_text][vc_column_text css=&#8220;.vc_custom_1470131784586{padding-top: 30px !important;padding-right: 30px !important;padding-bottom: 30px !important;}&#8220;]Die Weinberge, die die Villa im Besitz der Familie Maggi umgeben, sind das Herz der Produktion von Marchese Antinori Franciacorta seit 1999.[\/vc_column_text][vc_empty_space height=&#8220;50px&#8220; image_repeat=&#8220;no-repeat&#8220;][\/vc_column_inner][vc_column_inner width=&#8220;2\/12&#8243;][\/vc_column_inner][\/vc_row_inner][\/vc_column][\/vc_row][vc_row row_type=&#8220;row&#8220; use_row_as_full_screen_section=&#8220;no&#8220; type=&#8220;full_width&#8220; text_align=&#8220;left&#8220; video=&#8220;&#8220; css_animation=&#8220;&#8220; box_shadow_on_row=&#8220;no&#8220; el_id=&#8220;Mobile&#8220;][vc_column offset=&#8220;vc_hidden-lg vc_hidden-md vc_hidden-sm&#8220;][vc_row_inner row_type=&#8220;row&#8220; type=&#8220;full_width&#8220; use_row_as_full_screen_section_slide=&#8220;no&#8220; text_align=&#8220;left&#8220; background_image=&#8220;2761&#8243; css_animation=&#8220;&#8220; box_shadow_on_row=&#8220;no&#8220;][vc_column_inner css=&#8220;.vc_custom_1467022030643{padding-top: 50px !important;padding-right: 50px !important;padding-bottom: 70px !important;padding-left: 50px !important;}&#8220;][vc_single_image image=&#8220;1568&#8243; img_size=&#8220;full&#8220; alignment=&#8220;center&#8220; eltd_css_animation=&#8220;element_from_bottom&#8220; css=&#8220;.vc_custom_1454500548598{margin-top: 30px !important;margin-bottom: 30px !important;}&#8220;][vc_column_text]<\/p>\n<h5 style=\"text-align: center;\">TENUTA MONTENISA<\/h5>\n<p>[\/vc_column_text][vc_separator type=&#8220;small&#8220; position=&#8220;center&#8220; color=&#8220;#a02b23&#8243; width=&#8220;80&#8243; thickness=&#8220;1&#8243;][vc_column_text]<\/p>\n<blockquote>\n<h2 style=\"text-align: center;\">Calino, die Conti Maggi und die Marchesi Antinori<\/h2>\n<p style=\"text-align: center;\">\u201cDie Tenuta Montenisa liegt im Herzen von Franciacorta in der N\u00e4he des D\u00f6rfchens Calino, einem Juwel in diesem sanften Teil Italiens, wo Jahrhunderte der Geschichte an antiken Pal\u00e4sten, Kl\u00f6stern, Abteien und kleinen Kirchen, die verstreut im Gr\u00fcn der H\u00fcgel und der Mor\u00e4nent\u00e4ler liegen, vorbeigegangen sind.\u201d<\/p>\n<\/blockquote>\n<p>[\/vc_column_text][\/vc_column_inner][\/vc_row_inner][vc_row_inner row_type=&#8220;row&#8220; type=&#8220;full_width&#8220; use_row_as_full_screen_section_slide=&#8220;no&#8220; text_align=&#8220;left&#8220; background_image=&#8220;2818&#8243; css_animation=&#8220;&#8220; box_shadow_on_row=&#8220;no&#8220;][vc_column_inner css=&#8220;.vc_custom_1467022293873{padding-top: 70px !important;padding-right: 50px !important;padding-bottom: 70px !important;padding-left: 50px !important;background-color: rgba(0,0,0,0.7) !important;*background-color: rgb(0,0,0) !important;}&#8220;][vc_column_text]<\/p>\n<h5 style=\"text-align: center;\"><span style=\"color: #ffffff;\"><br \/>\nDas Weingut<br \/>\n<\/span><\/h5>\n<p>[\/vc_column_text][vc_separator type=&#8220;small&#8220; position=&#8220;center&#8220; color=&#8220;#a02b23&#8243; width=&#8220;80&#8243; thickness=&#8220;1&#8243;][vc_column_text css=&#8220;.vc_custom_1457442383048{padding-right: 20px !important;padding-bottom: 20px !important;}&#8220;]<\/p>\n<h2 style=\"text-align: center;\"><span style=\"color: #ffffff;\">Calino<br \/>\n<\/span><\/h2>\n<p>[\/vc_column_text][vc_column_text css=&#8220;.vc_custom_1467903164988{padding-top: 20px !important;padding-right: 20px !important;padding-bottom: 20px !important;}&#8220;]<span style=\"color: #ffffff;\">Die Geschichte dieses kleinen D\u00f6rfchens reicht weit in die Vergangenheit zur\u00fcck: f\u00fcr manche ist sein Name sogar griechischen Ursprungs, andere leiten ihn jedoch vom lateinischen \u201ccallis\u201d, kleine Stra\u00dfe, ab.<\/span><\/p>\n<p style=\"text-align: justify;\"><span style=\"color: #ffffff;\">\u00a0<\/span><\/p>\n<p>[\/vc_column_text][\/vc_column_inner][\/vc_row_inner][vc_row_inner row_type=&#8220;row&#8220; type=&#8220;full_width&#8220; use_row_as_full_screen_section_slide=&#8220;no&#8220; text_align=&#8220;left&#8220; background_image=&#8220;2819&#8243; css_animation=&#8220;&#8220; box_shadow_on_row=&#8220;no&#8220;][vc_column_inner css=&#8220;.vc_custom_1467022286472{padding-top: 70px !important;padding-right: 50px !important;padding-bottom: 70px !important;padding-left: 50px !important;background-color: rgba(0,0,0,0.7) !important;*background-color: rgb(0,0,0) !important;}&#8220;][vc_column_text]<\/p>\n<h5 style=\"text-align: center;\"><span style=\"color: #ffffff;\"><br \/>\nDas Weingut<br \/>\n<\/span><\/h5>\n<p>[\/vc_column_text][vc_separator type=&#8220;small&#8220; position=&#8220;center&#8220; color=&#8220;#a02b23&#8243; border_style=&#8220;solid&#8220; width=&#8220;80&#8243; thickness=&#8220;1&#8243; up=&#8220;20&#8243;][vc_column_text css=&#8220;.vc_custom_1467903178262{padding-bottom: 20px !important;}&#8220;]<\/p>\n<h2 style=\"text-align: center;\"><span style=\"color: #ffffff;\">Die Conti Maggi<br \/>\n<\/span><\/h2>\n<p>[\/vc_column_text][vc_column_text]<span style=\"color: #ffffff;\">1158 \u00fcberlie\u00df der Bischof von Brescia das Dorf eine lokalen Adelsfamilie, und gegen Ende des 19. Jahrhunderts erbte Lavinia Calini, die Gaetano Maggi geheiratet hatte, den Besitz, der weiter im Eigentum der adligen Familie in Brescia blieb. <\/span><\/p>\n<p><span style=\"color: #ffffff;\">Zu deren Nachkommen geh\u00f6rte auch der Graf Aimo, Erfinder und Symbolfigur des zum Mythos gewordenen Autorennens \u201cMilleMiglia\u201d, dessen Ehefrau, die in der herrlichen Villa Maggi residierende Gr\u00e4fin Camilla, in Franciacorta sehr beliebt war. <\/span>[\/vc_column_text][\/vc_column_inner][\/vc_row_inner][vc_row_inner row_type=&#8220;row&#8220; type=&#8220;full_width&#8220; use_row_as_full_screen_section_slide=&#8220;no&#8220; text_align=&#8220;left&#8220; background_image=&#8220;2820&#8243; css_animation=&#8220;&#8220; box_shadow_on_row=&#8220;no&#8220;][vc_column_inner css=&#8220;.vc_custom_1467022075517{padding-top: 100px !important;padding-right: 50px !important;padding-bottom: 100px !important;padding-left: 50px !important;}&#8220;][vc_column_text]<\/p>\n<h4 style=\"text-align: center;\"><span style=\"color: #ffffff;\">Im Jahr 1999 verflechten sich die Geschicke der Marchesi Antinori mit denen der Conti Maggi. <\/span><\/h4>\n<p>[\/vc_column_text][\/vc_column_inner][\/vc_row_inner][vc_row_inner row_type=&#8220;parallax&#8220; text_align=&#8220;left&#8220; background_image=&#8220;2821&#8243;][vc_column_inner css=&#8220;.vc_custom_1467022278271{padding-top: 70px !important;padding-right: 50px !important;padding-bottom: 70px !important;padding-left: 50px !important;background-color: rgba(255,255,255,0.7) !important;*background-color: rgb(255,255,255) !important;}&#8220;][vc_column_text]<\/p>\n<h5 style=\"text-align: center;\"><span style=\"color: #000000;\"><br \/>\nDas Weingut<br \/>\n<\/span><\/h5>\n<p>[\/vc_column_text][vc_separator type=&#8220;small&#8220; position=&#8220;center&#8220; color=&#8220;#a02b23&#8243; width=&#8220;80&#8243; thickness=&#8220;1&#8243;][vc_column_text]<\/p>\n<h2 style=\"text-align: center;\">Die Marchesi Antinori<\/h2>\n<p>[\/vc_column_text][vc_column_text css=&#8220;.vc_custom_1470131796581{padding-top: 30px !important;padding-right: 30px !important;padding-bottom: 30px !important;}&#8220;]Die Weinberge, die die Villa im Besitz der Familie Maggi umgeben, sind das Herz der Produktion von Marchese Antinori Franciacorta seit 1999.[\/vc_column_text][\/vc_column_inner][\/vc_row_inner][\/vc_column][\/vc_row]<\/p>\n","protected":false},"excerpt":{"rendered":"<p>[vc_row row_type=&#8220;row&#8220; use_row_as_full_screen_section=&#8220;no&#8220; type=&#8220;full_width&#8220; text_align=&#8220;left&#8220; video=&#8220;&#8220; css_animation=&#8220;&#8220; box_shadow_on_row=&#8220;no&#8220; el_id=&#8220;Desktop&#8220;][vc_column offset=&#8220;vc_hidden-xs&#8220;][vc_row_inner row_type=&#8220;parallax&#8220; text_align=&#8220;left&#8220; background_image=&#8220;1639&#8243;][vc_column_inner width=&#8220;1\/6&#8243;][\/vc_column_inner][vc_column_inner width=&#8220;4\/6&#8243; css=&#8220;.vc_custom_1467022621824{padding-top: 170px !important;padding-right: 20px !important;padding-bottom: 200px !important;padding-left: 20px !important;}&#8220;][vc_empty_space height=&#8220;50px&#8220; image_repeat=&#8220;no-repeat&#8220;][vc_single_image image=&#8220;1568&#8243; img_size=&#8220;full&#8220; alignment=&#8220;center&#8220; eltd_css_animation=&#8220;element_from_bottom&#8220; css=&#8220;.vc_custom_1454500548598{margin-top: 30px !important;margin-bottom: 30px !important;}&#8220;][vc_column_text] TENUTA MONTENISA [\/vc_column_text][vc_separator type=&#8220;small&#8220; position=&#8220;center&#8220; color=&#8220;#a02b23&#8243; width=&#8220;80&#8243; thickness=&#8220;1&#8243;][vc_column_text] Calino, die&#8230;<\/p>\n","protected":false},"author":1,"featured_media":0,"parent":3043,"menu_order":0,"comment_status":"closed","ping_status":"closed","template":"full_width.php","meta":{"om_disable_all_campaigns":false,"footnotes":""},"class_list":["post-3071","page","type-page","status-publish","hentry"],"aioseo_notices":[],"_links":{"self":[{"href":"https:\/\/www.tenutamontenisa.it\/de\/wp-json\/wp\/v2\/pages\/3071","targetHints":{"allow":["GET"]}}],"collection":[{"href":"https:\/\/www.tenutamontenisa.it\/de\/wp-json\/wp\/v2\/pages"}],"about":[{"href":"https:\/\/www.tenutamontenisa.it\/de\/wp-json\/wp\/v2\/types\/page"}],"author":[{"embeddable":true,"href":"https:\/\/www.tenutamontenisa.it\/de\/wp-json\/wp\/v2\/users\/1"}],"replies":[{"embeddable":true,"href":"https:\/\/www.tenutamontenisa.it\/de\/wp-json\/wp\/v2\/comments?post=3071"}],"version-history":[{"count":9,"href":"https:\/\/www.tenutamontenisa.it\/de\/wp-json\/wp\/v2\/pages\/3071\/revisions"}],"predecessor-version":[{"id":3438,"href":"https:\/\/www.tenutamontenisa.it\/de\/wp-json\/wp\/v2\/pages\/3071\/revisions\/3438"}],"up":[{"embeddable":true,"href":"https:\/\/www.tenutamontenisa.it\/de\/wp-json\/wp\/v2\/pages\/3043"}],"wp:attachment":[{"href":"https:\/\/www.tenutamontenisa.it\/de\/wp-json\/wp\/v2\/media?parent=3071"}],"curies":[{"name":"wp","href":"https:\/\/api.w.org\/{rel}","templated":true}]}}