{"id":3057,"date":"2016-03-08T11:31:38","date_gmt":"2016-03-08T11:31:38","guid":{"rendered":"https:\/\/www.tenutamontenisa.it\/de\/?page_id=3057"},"modified":"2016-07-12T07:59:30","modified_gmt":"2016-07-12T07:59:30","slug":"franciacorta","status":"publish","type":"page","link":"https:\/\/www.tenutamontenisa.it\/de\/montenisa\/franciacorta\/","title":{"rendered":"Franciacorta"},"content":{"rendered":"<p>[vc_row row_type=&#8220;row&#8220; use_row_as_full_screen_section=&#8220;no&#8220; type=&#8220;full_width&#8220; text_align=&#8220;left&#8220; video=&#8220;&#8220; css_animation=&#8220;&#8220; box_shadow_on_row=&#8220;no&#8220; el_id=&#8220;Desktop&#8220;][vc_column offset=&#8220;vc_hidden-xs&#8220;][vc_row_inner row_type=&#8220;parallax&#8220; text_align=&#8220;left&#8220; background_image=&#8220;1639&#8243;][vc_column_inner width=&#8220;1\/6&#8243;][\/vc_column_inner][vc_column_inner width=&#8220;4\/6&#8243; css=&#8220;.vc_custom_1467018463859{padding-top: 150px !important;padding-right: 20px !important;padding-bottom: 150px !important;padding-left: 20px !important;}&#8220;][vc_empty_space height=&#8220;50px&#8220; image_repeat=&#8220;no-repeat&#8220;][vc_single_image image=&#8220;1568&#8243; img_size=&#8220;full&#8220; alignment=&#8220;center&#8220; eltd_css_animation=&#8220;element_from_bottom&#8220; css=&#8220;.vc_custom_1454500548598{margin-top: 30px !important;margin-bottom: 30px !important;}&#8220;][vc_column_text]<\/p>\n<h5 style=\"text-align: center;\">TENUTA MONTENISA<\/h5>\n<p>[\/vc_column_text][vc_separator type=&#8220;small&#8220; position=&#8220;center&#8220; color=&#8220;#a02b23&#8243; width=&#8220;80&#8243; thickness=&#8220;1&#8243;][vc_single_image image=&#8220;1634&#8243; img_size=&#8220;medium&#8220; alignment=&#8220;center&#8220; eltd_css_animation=&#8220;&#8220;][vc_column_text]<\/p>\n<blockquote>\n<h2 style=\"text-align: center;\"><\/h2>\n<p style=\"text-align: center;\">\u201cIn diesem Anbaugebiet gro\u00dfer Weine wird seit jeher die Rebe kultiviert.\u201d<\/p>\n<\/blockquote>\n<p>[\/vc_column_text][\/vc_column_inner][vc_column_inner width=&#8220;1\/6&#8243;][\/vc_column_inner][\/vc_row_inner][vc_row_inner row_type=&#8220;parallax&#8220; text_align=&#8220;left&#8220; background_image=&#8220;2230&#8243;][vc_column_inner width=&#8220;2\/3&#8243;][\/vc_column_inner][vc_column_inner width=&#8220;1\/3&#8243; css=&#8220;.vc_custom_1467018353102{padding-top: 150px !important;padding-right: 100px !important;padding-bottom: 150px !important;padding-left: 100px !important;background-color: rgba(0,0,0,0.8) !important;*background-color: rgb(0,0,0) !important;}&#8220;][vc_column_text]<\/p>\n<h5 style=\"text-align: center;\"><span style=\"color: #ffffff;\">FRANCIACORTA<br \/>\n<\/span><\/h5>\n<p>[\/vc_column_text][vc_separator type=&#8220;small&#8220; position=&#8220;center&#8220; color=&#8220;#a02b23&#8243; width=&#8220;80&#8243; thickness=&#8220;1&#8243;][vc_column_text css=&#8220;.vc_custom_1467902352165{padding-bottom: 20px !important;}&#8220;]<\/p>\n<h2 style=\"text-align: center;\"><span style=\"color: #ffffff;\">\u201cCurtes francae\u201d<br \/>\n<\/span><\/h2>\n<p>[\/vc_column_text][vc_column_text css=&#8220;.vc_custom_1467902372315{padding-top: 20px !important;padding-right: 20px !important;padding-bottom: 20px !important;}&#8220;]<\/p>\n<p style=\"text-align: justify;\">Vielleicht deshalb hei\u00dft es manchmal, dass \u201cFranciacorta\u201d auf \u201cPetite France\u201d zur\u00fcckgeht, ein Kosename, den Karl der Gro\u00dfe dieser Gegend gab!<br \/>\nWahrscheinlicher ist jedoch die Ableitung von \u201ccurtes francae\u201d, einem M\u00f6nchshof des Mittelalters, der besondere Vorrechte genoss.<\/p>\n<p>[\/vc_column_text][\/vc_column_inner][\/vc_row_inner][vc_row_inner row_type=&#8220;parallax&#8220; text_align=&#8220;left&#8220; background_image=&#8220;2234&#8243;][vc_column_inner width=&#8220;1\/2&#8243; css=&#8220;.vc_custom_1467018588502{padding-top: 150px !important;padding-right: 100px !important;padding-bottom: 150px !important;padding-left: 100px !important;background-color: rgba(0,0,0,0.8) !important;*background-color: rgb(0,0,0) !important;}&#8220;][vc_column_text]<\/p>\n<h5 style=\"text-align: center;\"><span style=\"color: #ffffff;\">FRANCIACORTA<\/span><\/h5>\n<p>[\/vc_column_text][vc_separator type=&#8220;small&#8220; position=&#8220;center&#8220; color=&#8220;#a02b23&#8243; border_style=&#8220;solid&#8220; width=&#8220;80&#8243; thickness=&#8220;1&#8243; up=&#8220;20&#8243;][vc_column_text css=&#8220;.vc_custom_1467902392400{padding-bottom: 20px !important;}&#8220;]<\/p>\n<h2 style=\"text-align: center;\"><span style=\"color: #ffffff;\">Das Terroir<br \/>\n<\/span><\/h2>\n<p>[\/vc_column_text][vc_column_text]<\/p>\n<p style=\"text-align: justify;\">Der au\u00dfergew\u00f6hnliche Charakter der hiesigen Weinproduktion verdankt sich den B\u00f6den: mineralienreich, fruchtbar und aufgrund der Kiesel, die in Jahrtausenden der Vergletscherung entstanden sind, auch gut drainiert, dem ventilierten gem\u00e4\u00dfigten Klima und nicht zuletzt auch der abwechslungsreichen, sanften und besonders sch\u00f6nen Landschaft. Im Jahr 1967 erhielten die Weine als eine der ersten in Italien die DOC-Appellation.<\/p>\n<p>[\/vc_column_text][vc_empty_space height=&#8220;50px&#8220; image_repeat=&#8220;no-repeat&#8220;][\/vc_column_inner][vc_column_inner width=&#8220;1\/2&#8243;][\/vc_column_inner][\/vc_row_inner][vc_row_inner row_type=&#8220;parallax&#8220; text_align=&#8220;left&#8220; background_image=&#8220;2233&#8243;][vc_column_inner css=&#8220;.vc_custom_1467018759956{padding-top: 300px !important;padding-right: 100px !important;padding-bottom: 300px !important;padding-left: 100px !important;}&#8220;][vc_column_text]<\/p>\n<h4 style=\"text-align: center;\"><span style=\"color: #ffffff;\">Franciacorta ist ein Territorium, ein Wein und ein Herstellungsverfahren.<\/span><\/h4>\n<p>[\/vc_column_text][\/vc_column_inner][\/vc_row_inner][vc_row_inner row_type=&#8220;parallax&#8220; text_align=&#8220;left&#8220; background_image=&#8220;2231&#8243;][vc_column_inner width=&#8220;3\/6&#8243;][\/vc_column_inner][vc_column_inner width=&#8220;2\/6&#8243; css=&#8220;.vc_custom_1467018857429{padding-top: 150px !important;padding-right: 50px !important;padding-bottom: 50px !important;padding-left: 50px !important;background-color: #ffffff !important;}&#8220;][vc_column_text]<\/p>\n<h5 style=\"text-align: center;\"><span style=\"color: #000000;\">FRANCIACORTA<\/span><\/h5>\n<p>[\/vc_column_text][vc_separator type=&#8220;small&#8220; position=&#8220;center&#8220; color=&#8220;#a02b23&#8243; width=&#8220;80&#8243; thickness=&#8220;1&#8243;][vc_column_text]<\/p>\n<h2 style=\"text-align: left;\">1995, ein historisches Jahr<\/h2>\n<p>[\/vc_column_text][vc_column_text css=&#8220;.vc_custom_1467902498450{padding-top: 30px !important;padding-right: 30px !important;padding-bottom: 30px !important;}&#8220;]<\/p>\n<p style=\"text-align: justify;\">Eine genauere \u00f6nologische Zonation f\u00fchrt sp\u00e4ter zur Anerkennung der DOCG-Appellation: die DOC Franciacorta geht an die Wei\u00dfen und Roten; die DOCG Franciacorta hingegen bleibt dem Wein mit Zweitg\u00e4rung in der Flasche vorbehalten.<\/p>\n<p style=\"text-align: justify;\">So entsteht 1995 der erste und einzige italienische Brut DOCG mit obligatorischer nat\u00fcrlicher Zweitg\u00e4rung in der Flasche.<\/p>\n<p>[\/vc_column_text][vc_empty_space height=&#8220;50px&#8220; image_repeat=&#8220;no-repeat&#8220;][\/vc_column_inner][vc_column_inner width=&#8220;1\/6&#8243;][\/vc_column_inner][\/vc_row_inner][\/vc_column][\/vc_row][vc_row row_type=&#8220;row&#8220; use_row_as_full_screen_section=&#8220;no&#8220; type=&#8220;full_width&#8220; text_align=&#8220;left&#8220; video=&#8220;&#8220; css_animation=&#8220;&#8220; box_shadow_on_row=&#8220;no&#8220; el_id=&#8220;Mobile&#8220;][vc_column offset=&#8220;vc_hidden-lg vc_hidden-md vc_hidden-sm&#8220;][vc_row_inner row_type=&#8220;row&#8220; type=&#8220;full_width&#8220; use_row_as_full_screen_section_slide=&#8220;no&#8220; text_align=&#8220;left&#8220; background_image=&#8220;2761&#8243; css_animation=&#8220;&#8220; box_shadow_on_row=&#8220;no&#8220;][vc_column_inner css=&#8220;.vc_custom_1467020643646{padding-top: 50px !important;padding-right: 50px !important;padding-bottom: 70px !important;padding-left: 50px !important;}&#8220;][vc_single_image image=&#8220;1568&#8243; img_size=&#8220;full&#8220; alignment=&#8220;center&#8220; eltd_css_animation=&#8220;element_from_bottom&#8220; css=&#8220;.vc_custom_1454500548598{margin-top: 30px !important;margin-bottom: 30px !important;}&#8220;][vc_column_text]<\/p>\n<h5 style=\"text-align: center;\">TENUTA MONTENISA<\/h5>\n<p>[\/vc_column_text][vc_separator type=&#8220;small&#8220; position=&#8220;center&#8220; color=&#8220;#a02b23&#8243; width=&#8220;80&#8243; thickness=&#8220;1&#8243;][vc_single_image image=&#8220;1634&#8243; img_size=&#8220;medium&#8220; alignment=&#8220;center&#8220; eltd_css_animation=&#8220;&#8220;][vc_column_text]<\/p>\n<blockquote>\n<h2 style=\"text-align: center;\"><\/h2>\n<p style=\"text-align: center;\">\u201cIn diesem Anbaugebiet gro\u00dfer Weine wird seit jeher die Rebe kultiviert.\u201d<\/p>\n<\/blockquote>\n<p>[\/vc_column_text][\/vc_column_inner][\/vc_row_inner][vc_row_inner row_type=&#8220;row&#8220; type=&#8220;full_width&#8220; use_row_as_full_screen_section_slide=&#8220;no&#8220; text_align=&#8220;left&#8220; background_image=&#8220;2807&#8243; css_animation=&#8220;&#8220; box_shadow_on_row=&#8220;no&#8220;][vc_column_inner css=&#8220;.vc_custom_1467020179988{padding-top: 70px !important;padding-right: 50px !important;padding-bottom: 70px !important;padding-left: 50px !important;background-color: rgba(0,0,0,0.7) !important;*background-color: rgb(0,0,0) !important;}&#8220;][vc_column_text]<\/p>\n<h5 style=\"text-align: center;\"><span style=\"color: #ffffff;\">FRANCIACORTA<br \/>\n<\/span><\/h5>\n<p>[\/vc_column_text][vc_separator type=&#8220;small&#8220; position=&#8220;center&#8220; color=&#8220;#a02b23&#8243; width=&#8220;80&#8243; thickness=&#8220;1&#8243;][vc_column_text css=&#8220;.vc_custom_1467902542858{padding-bottom: 20px !important;}&#8220;]<\/p>\n<h2 style=\"text-align: center;\"><span style=\"color: #ffffff;\">\u201cCurtes francae\u201d<br \/>\n<\/span><\/h2>\n<p>[\/vc_column_text][vc_column_text css=&#8220;.vc_custom_1467902569743{padding-top: 20px !important;padding-right: 20px !important;padding-bottom: 20px !important;}&#8220;]<\/p>\n<p style=\"text-align: left;\"><span style=\"color: #ffffff;\">Vielleicht deshalb hei\u00dft es manchmal, dass \u201cFranciacorta\u201d auf \u201cPetite France\u201d zur\u00fcckgeht, ein Kosename, den Karl der Gro\u00dfe dieser Gegend gab!<\/span><br \/>\n<span style=\"color: #ffffff;\">Wahrscheinlicher ist jedoch die Ableitung von \u201ccurtes francae\u201d, einem M\u00f6nchshof des Mittelalters, der besondere Vorrechte genoss. <\/span><\/p>\n<p>[\/vc_column_text][\/vc_column_inner][\/vc_row_inner][vc_row_inner row_type=&#8220;row&#8220; type=&#8220;full_width&#8220; use_row_as_full_screen_section_slide=&#8220;no&#8220; text_align=&#8220;left&#8220; background_image=&#8220;2808&#8243; css_animation=&#8220;&#8220; box_shadow_on_row=&#8220;no&#8220;][vc_column_inner css=&#8220;.vc_custom_1467020201775{padding-top: 70px !important;padding-right: 50px !important;padding-bottom: 70px !important;padding-left: 50px !important;background-color: rgba(0,0,0,0.7) !important;*background-color: rgb(0,0,0) !important;}&#8220;][vc_column_text]<\/p>\n<h5 style=\"text-align: center;\"><span style=\"color: #ffffff;\">FRANCIACORTA<\/span><\/h5>\n<p>[\/vc_column_text][vc_separator type=&#8220;small&#8220; position=&#8220;center&#8220; color=&#8220;#a02b23&#8243; border_style=&#8220;solid&#8220; width=&#8220;80&#8243; thickness=&#8220;1&#8243; up=&#8220;20&#8243;][vc_column_text css=&#8220;.vc_custom_1467902597701{padding-bottom: 20px !important;}&#8220;]<\/p>\n<h2 style=\"text-align: center;\"><span style=\"color: #ffffff;\">Das Terroir<br \/>\n<\/span><\/h2>\n<p>[\/vc_column_text][vc_column_text]<\/p>\n<p style=\"text-align: left;\"><span style=\"color: #ffffff;\">Der au\u00dfergew\u00f6hnliche Charakter der hiesigen Weinproduktion verdankt sich den B\u00f6den: mineralienreich, fruchtbar und aufgrund der Kiesel, die in Jahrtausenden der Vergletscherung entstanden sind, auch gut drainiert, dem ventilierten gem\u00e4\u00dfigten Klima und nicht zuletzt auch der abwechslungsreichen, sanften und besonders sch\u00f6nen Landschaft. Im Jahr 1967 erhielten die Weine als eine der ersten in Italien die DOC-Appellation.<\/span><\/p>\n<p>[\/vc_column_text][vc_empty_space height=&#8220;50px&#8220; image_repeat=&#8220;no-repeat&#8220;][\/vc_column_inner][\/vc_row_inner][vc_row_inner row_type=&#8220;row&#8220; type=&#8220;full_width&#8220; use_row_as_full_screen_section_slide=&#8220;no&#8220; text_align=&#8220;left&#8220; background_image=&#8220;2809&#8243; css_animation=&#8220;&#8220; box_shadow_on_row=&#8220;no&#8220;][vc_column_inner css=&#8220;.vc_custom_1467019835052{padding-top: 100px !important;padding-right: 50px !important;padding-bottom: 100px !important;padding-left: 50px !important;}&#8220;][vc_column_text]<\/p>\n<h4 style=\"text-align: center;\"><span style=\"color: #ffffff;\">Franciacorta ist ein Territorium, ein Wein und ein Herstellungsverfahren.<\/span><\/h4>\n<p>[\/vc_column_text][\/vc_column_inner][\/vc_row_inner][vc_row_inner row_type=&#8220;row&#8220; type=&#8220;full_width&#8220; use_row_as_full_screen_section_slide=&#8220;no&#8220; text_align=&#8220;left&#8220; background_image=&#8220;2810&#8243; css_animation=&#8220;&#8220; box_shadow_on_row=&#8220;no&#8220;][vc_column_inner css=&#8220;.vc_custom_1467020216634{padding-top: 70px !important;padding-right: 50px !important;padding-bottom: 70px !important;padding-left: 50px !important;background-color: rgba(255,255,255,0.7) !important;*background-color: rgb(255,255,255) !important;}&#8220;][vc_column_text]<\/p>\n<h5 style=\"text-align: center;\"><span style=\"color: #000000;\">FRANCIACORTA<\/span><\/h5>\n<p>[\/vc_column_text][vc_separator type=&#8220;small&#8220; position=&#8220;center&#8220; color=&#8220;#a02b23&#8243; width=&#8220;80&#8243; thickness=&#8220;1&#8243;][vc_column_text]<\/p>\n<h2 style=\"text-align: left;\">1995, ein historisches Jahr<\/h2>\n<p>[\/vc_column_text][vc_column_text css=&#8220;.vc_custom_1467902658427{padding-top: 30px !important;padding-right: 30px !important;padding-bottom: 30px !important;}&#8220;]<\/p>\n<p style=\"text-align: left;\">Eine genauere \u00f6nologische Zonation f\u00fchrt sp\u00e4ter zur Anerkennung der DOCG-Appellation: die DOC Franciacorta geht an die Wei\u00dfen und Roten; die DOCG Franciacorta hingegen bleibt dem Wein mit Zweitg\u00e4rung in der Flasche vorbehalten.<\/p>\n<p>So entsteht 1995 der erste und einzige italienische Brut DOCG mit obligatorischer nat\u00fcrlicher Zweitg\u00e4rung in der Flasche.[\/vc_column_text][vc_empty_space height=&#8220;50px&#8220; image_repeat=&#8220;no-repeat&#8220;][\/vc_column_inner][\/vc_row_inner][\/vc_column][\/vc_row]<\/p>\n","protected":false},"excerpt":{"rendered":"<p>[vc_row row_type=&#8220;row&#8220; use_row_as_full_screen_section=&#8220;no&#8220; type=&#8220;full_width&#8220; text_align=&#8220;left&#8220; video=&#8220;&#8220; css_animation=&#8220;&#8220; box_shadow_on_row=&#8220;no&#8220; el_id=&#8220;Desktop&#8220;][vc_column offset=&#8220;vc_hidden-xs&#8220;][vc_row_inner row_type=&#8220;parallax&#8220; text_align=&#8220;left&#8220; background_image=&#8220;1639&#8243;][vc_column_inner width=&#8220;1\/6&#8243;][\/vc_column_inner][vc_column_inner width=&#8220;4\/6&#8243; css=&#8220;.vc_custom_1467018463859{padding-top: 150px !important;padding-right: 20px !important;padding-bottom: 150px !important;padding-left: 20px !important;}&#8220;][vc_empty_space height=&#8220;50px&#8220; image_repeat=&#8220;no-repeat&#8220;][vc_single_image image=&#8220;1568&#8243; img_size=&#8220;full&#8220; alignment=&#8220;center&#8220; eltd_css_animation=&#8220;element_from_bottom&#8220; css=&#8220;.vc_custom_1454500548598{margin-top: 30px !important;margin-bottom: 30px !important;}&#8220;][vc_column_text] TENUTA MONTENISA [\/vc_column_text][vc_separator type=&#8220;small&#8220; position=&#8220;center&#8220; color=&#8220;#a02b23&#8243; width=&#8220;80&#8243; thickness=&#8220;1&#8243;][vc_single_image image=&#8220;1634&#8243; img_size=&#8220;medium&#8220;&#8230;<\/p>\n","protected":false},"author":1,"featured_media":0,"parent":3043,"menu_order":0,"comment_status":"closed","ping_status":"closed","template":"full_width.php","meta":{"om_disable_all_campaigns":false,"footnotes":""},"class_list":["post-3057","page","type-page","status-publish","hentry"],"aioseo_notices":[],"_links":{"self":[{"href":"https:\/\/www.tenutamontenisa.it\/de\/wp-json\/wp\/v2\/pages\/3057","targetHints":{"allow":["GET"]}}],"collection":[{"href":"https:\/\/www.tenutamontenisa.it\/de\/wp-json\/wp\/v2\/pages"}],"about":[{"href":"https:\/\/www.tenutamontenisa.it\/de\/wp-json\/wp\/v2\/types\/page"}],"author":[{"embeddable":true,"href":"https:\/\/www.tenutamontenisa.it\/de\/wp-json\/wp\/v2\/users\/1"}],"replies":[{"embeddable":true,"href":"https:\/\/www.tenutamontenisa.it\/de\/wp-json\/wp\/v2\/comments?post=3057"}],"version-history":[{"count":5,"href":"https:\/\/www.tenutamontenisa.it\/de\/wp-json\/wp\/v2\/pages\/3057\/revisions"}],"predecessor-version":[{"id":3366,"href":"https:\/\/www.tenutamontenisa.it\/de\/wp-json\/wp\/v2\/pages\/3057\/revisions\/3366"}],"up":[{"embeddable":true,"href":"https:\/\/www.tenutamontenisa.it\/de\/wp-json\/wp\/v2\/pages\/3043"}],"wp:attachment":[{"href":"https:\/\/www.tenutamontenisa.it\/de\/wp-json\/wp\/v2\/media?parent=3057"}],"curies":[{"name":"wp","href":"https:\/\/api.w.org\/{rel}","templated":true}]}}