{"id":3055,"date":"2016-03-08T12:57:15","date_gmt":"2016-03-08T12:57:15","guid":{"rendered":"https:\/\/www.tenutamontenisa.it\/de\/?page_id=3055"},"modified":"2016-07-12T08:02:14","modified_gmt":"2016-07-12T08:02:14","slug":"die-weinberge","status":"publish","type":"page","link":"https:\/\/www.tenutamontenisa.it\/de\/montenisa\/die-weinberge\/","title":{"rendered":"Die Weinberge"},"content":{"rendered":"<p>[vc_row row_type=&#8220;row&#8220; use_row_as_full_screen_section=&#8220;no&#8220; type=&#8220;full_width&#8220; text_align=&#8220;left&#8220; video=&#8220;&#8220; css_animation=&#8220;&#8220; box_shadow_on_row=&#8220;no&#8220; el_id=&#8220;Desktop&#8220;][vc_column offset=&#8220;vc_hidden-xs&#8220;][vc_row_inner row_type=&#8220;parallax&#8220; text_align=&#8220;left&#8220; background_image=&#8220;1639&#8243;][vc_column_inner width=&#8220;1\/6&#8243;][\/vc_column_inner][vc_column_inner width=&#8220;4\/6&#8243; css=&#8220;.vc_custom_1467022949665{padding-top: 200px !important;padding-right: 20px !important;padding-bottom: 200px !important;padding-left: 20px !important;}&#8220;][vc_empty_space height=&#8220;50px&#8220; image_repeat=&#8220;no-repeat&#8220;][vc_single_image image=&#8220;1568&#8243; img_size=&#8220;full&#8220; alignment=&#8220;center&#8220; eltd_css_animation=&#8220;element_from_bottom&#8220; css=&#8220;.vc_custom_1454500548598{margin-top: 30px !important;margin-bottom: 30px !important;}&#8220;][vc_column_text]<\/p>\n<h5 style=\"text-align: center;\">TENUTA MONTENISA<\/h5>\n<p>[\/vc_column_text][vc_separator type=&#8220;small&#8220; position=&#8220;center&#8220; color=&#8220;#a02b23&#8243; width=&#8220;80&#8243; thickness=&#8220;1&#8243;][vc_column_text]<\/p>\n<blockquote>\n<h2 style=\"text-align: center;\">Die Weinberge<\/h2>\n<p style=\"text-align: center;\">\n\u201cIn der Tenuta werden solche Variet\u00e4ten angebaut, die traditionell am geeignetsten f\u00fcr die Erzeugung von Franciacorta sind.\u201d<\/p>\n<\/blockquote>\n<p>[\/vc_column_text][\/vc_column_inner][vc_column_inner width=&#8220;1\/6&#8243;][\/vc_column_inner][\/vc_row_inner][vc_row_inner row_type=&#8220;parallax&#8220; text_align=&#8220;left&#8220; background_image=&#8220;2193&#8243;][vc_column_inner width=&#8220;2\/3&#8243; css=&#8220;.vc_custom_1467022844838{margin: 0px !important;border-width: 0px !important;padding: 0px !important;}&#8220;][\/vc_column_inner][vc_column_inner width=&#8220;1\/3&#8243; css=&#8220;.vc_custom_1467022917144{padding-top: 150px !important;padding-right: 150px !important;padding-bottom: 150px !important;padding-left: 150px !important;background-color: rgba(0,0,0,0.8) !important;*background-color: rgb(0,0,0) !important;}&#8220;][vc_column_text]<\/p>\n<h5 style=\"text-align: center;\"><span style=\"color: #ffffff;\">Die Weinberge<\/span><\/h5>\n<p>[\/vc_column_text][vc_separator type=&#8220;small&#8220; position=&#8220;center&#8220; color=&#8220;#a02b23&#8243; width=&#8220;80&#8243; thickness=&#8220;1&#8243;][vc_column_text css=&#8220;.vc_custom_1467904039281{padding-right: 20px !important;padding-bottom: 20px !important;}&#8220;]<\/p>\n<h2 style=\"text-align: center;\"><span style=\"color: #ffffff;\">Die Variet\u00e4ten<\/span><\/h2>\n<p>[\/vc_column_text][vc_column_text css=&#8220;.vc_custom_1467904167757{padding-top: 20px !important;padding-right: 20px !important;padding-bottom: 20px !important;}&#8220;]<span style=\"color: #ffffff;\">Chardonnay mit dem typischen Aroma von Bl\u00fcten- und Fruchtnoten, Pinot Nero f\u00fcr Struktur und Pers\u00f6nlichkeit, Pinot Bianco, schmackhaft und mineralisch. Die historischen Weinberge des Gutes liegen auf dem H\u00fcgel von S. Stefano: ihre hoch gesch\u00e4tzten Trauben mit intensivem Duft verleihen dem Wein Komplexit\u00e4t und Ausgewogenheit.<br \/>\n<\/span>[\/vc_column_text][\/vc_column_inner][\/vc_row_inner][vc_row_inner row_type=&#8220;parallax&#8220; text_align=&#8220;left&#8220; background_image=&#8220;2195&#8243;][vc_column_inner width=&#8220;1\/3&#8243; css=&#8220;.vc_custom_1467023008846{padding-top: 150px !important;padding-right: 100px !important;padding-bottom: 150px !important;padding-left: 100px !important;background-color: rgba(0,0,0,0.8) !important;*background-color: rgb(0,0,0) !important;}&#8220;][vc_column_text]<\/p>\n<h5 style=\"text-align: center;\"><span style=\"color: #ffffff;\">Die Weinberge<\/span><\/h5>\n<p>[\/vc_column_text][vc_separator type=&#8220;small&#8220; position=&#8220;center&#8220; color=&#8220;#a02b23&#8243; border_style=&#8220;solid&#8220; width=&#8220;80&#8243; thickness=&#8220;1&#8243; up=&#8220;20&#8243;][vc_column_text css=&#8220;.vc_custom_1467904090336{padding-bottom: 20px !important;}&#8220;]<\/p>\n<h2 style=\"text-align: center;\"><span style=\"color: #ffffff;\">Die Weinberge<\/span><\/h2>\n<p>[\/vc_column_text][vc_column_text]<span style=\"color: #ffffff;\">Die in j\u00fcngerer Zeit in einer von einer Mauer, lokal \u201cbrolo\u201d, umschlossenen Parzelle angelegten Weinberge sind f\u00fcr die Produktion gro\u00dfer Beeren f\u00fcr gro\u00dfe Weine bestimmt.<br \/>\n<\/span>[\/vc_column_text][vc_empty_space height=&#8220;50px&#8220; image_repeat=&#8220;no-repeat&#8220;][\/vc_column_inner][vc_column_inner width=&#8220;2\/3&#8243; css=&#8220;.vc_custom_1467022984349{margin: 0px !important;border-width: 0px !important;padding: 0px !important;}&#8220;][\/vc_column_inner][\/vc_row_inner][vc_row_inner row_type=&#8220;row&#8220; type=&#8220;full_width&#8220; use_row_as_full_screen_section_slide=&#8220;no&#8220; text_align=&#8220;left&#8220; css_animation=&#8220;&#8220; box_shadow_on_row=&#8220;no&#8220;][vc_column_inner css=&#8220;.vc_custom_1467023091808{margin: 0px !important;border-width: 0px !important;padding: 0px !important;background-color: #ffffff !important;}&#8220;][vc_gallery type=&#8220;image_grid&#8220; images=&#8220;2198,2199,2201,2202,2204,2205,2206,2207&#8243; img_size=&#8220;300&#215;200&#8243; column_number=&#8220;4&#8243; grayscale=&#8220;no&#8220; hover_icon=&#8220;none&#8220; images_space=&#8220;gallery_without_space&#8220;][\/vc_column_inner][\/vc_row_inner][vc_row_inner row_type=&#8220;parallax&#8220; text_align=&#8220;left&#8220; background_image=&#8220;2196&#8243;][vc_column_inner width=&#8220;6\/12&#8243;][\/vc_column_inner][vc_column_inner width=&#8220;4\/12&#8243; css=&#8220;.vc_custom_1467023190386{padding-top: 150px !important;padding-right: 50px !important;padding-bottom: 50px !important;padding-left: 50px !important;background-color: #ffffff !important;}&#8220;][vc_column_text]<\/p>\n<h5 style=\"text-align: center;\"><span style=\"color: #000000;\">Die Weinberge<br \/>\n<\/span><\/h5>\n<p>[\/vc_column_text][vc_separator type=&#8220;small&#8220; position=&#8220;center&#8220; color=&#8220;#a02b23&#8243; width=&#8220;80&#8243; thickness=&#8220;1&#8243;][vc_column_text]<\/p>\n<h2 style=\"text-align: left;\">Die historischen Weinberge<\/h2>\n<p>[\/vc_column_text][vc_column_text css=&#8220;.vc_custom_1467904233713{padding-top: 30px !important;padding-right: 30px !important;padding-bottom: 30px !important;}&#8220;]Sorgf\u00e4ltige Auswahl der Rebsortenselektion und Anwendung der strengsten Normen zum Schutz der Umwelt machen die Tenuta Montenisa zu einem hochangesehenen Gut.[\/vc_column_text][vc_empty_space height=&#8220;50px&#8220; image_repeat=&#8220;no-repeat&#8220;][\/vc_column_inner][vc_column_inner width=&#8220;2\/12&#8243;][\/vc_column_inner][\/vc_row_inner][\/vc_column][\/vc_row][vc_row row_type=&#8220;row&#8220; use_row_as_full_screen_section=&#8220;no&#8220; type=&#8220;full_width&#8220; text_align=&#8220;left&#8220; video=&#8220;&#8220; css_animation=&#8220;&#8220; box_shadow_on_row=&#8220;no&#8220; el_id=&#8220;Mobile&#8220;][vc_column offset=&#8220;vc_hidden-lg vc_hidden-md vc_hidden-sm&#8220;][vc_row_inner row_type=&#8220;row&#8220; type=&#8220;full_width&#8220; use_row_as_full_screen_section_slide=&#8220;no&#8220; text_align=&#8220;left&#8220; background_image=&#8220;2761&#8243; css_animation=&#8220;&#8220; box_shadow_on_row=&#8220;no&#8220;][vc_column_inner css=&#8220;.vc_custom_1467023425281{padding-top: 50px !important;padding-right: 50px !important;padding-bottom: 70px !important;padding-left: 50px !important;}&#8220;][vc_single_image image=&#8220;1568&#8243; img_size=&#8220;full&#8220; alignment=&#8220;center&#8220; eltd_css_animation=&#8220;element_from_bottom&#8220; css=&#8220;.vc_custom_1454500548598{margin-top: 30px !important;margin-bottom: 30px !important;}&#8220;][vc_column_text]<\/p>\n<h5 style=\"text-align: center;\">TENUTA MONTENISA<\/h5>\n<p>[\/vc_column_text][vc_separator type=&#8220;small&#8220; position=&#8220;center&#8220; color=&#8220;#a02b23&#8243; width=&#8220;80&#8243; thickness=&#8220;1&#8243;][vc_column_text]<\/p>\n<blockquote>\n<h2 style=\"text-align: center;\">Die Weinberge<\/h2>\n<p>&nbsp;<\/p>\n<p style=\"text-align: center;\">\u201cIn der Tenuta werden solche Variet\u00e4ten angebaut, die traditionell am geeignetsten f\u00fcr die Erzeugung von Franciacorta sind.\u201d<\/p>\n<\/blockquote>\n<p>[\/vc_column_text][\/vc_column_inner][\/vc_row_inner][vc_row_inner row_type=&#8220;row&#8220; type=&#8220;full_width&#8220; use_row_as_full_screen_section_slide=&#8220;no&#8220; text_align=&#8220;left&#8220; background_image=&#8220;2826&#8243; css_animation=&#8220;&#8220; box_shadow_on_row=&#8220;no&#8220;][vc_column_inner css=&#8220;.vc_custom_1467023671792{padding-top: 70px !important;padding-right: 50px !important;padding-bottom: 70px !important;padding-left: 50px !important;background-color: rgba(0,0,0,0.7) !important;*background-color: rgb(0,0,0) !important;}&#8220;][vc_column_text]<\/p>\n<h5 style=\"text-align: center;\"><span style=\"color: #ffffff;\">Die Weinberge<\/span><\/h5>\n<p>[\/vc_column_text][vc_separator type=&#8220;small&#8220; position=&#8220;center&#8220; color=&#8220;#a02b23&#8243; width=&#8220;80&#8243; thickness=&#8220;1&#8243;][vc_column_text css=&#8220;.vc_custom_1467904312869{padding-right: 20px !important;padding-bottom: 20px !important;}&#8220;]<\/p>\n<h2 style=\"text-align: center;\"><span style=\"color: #ffffff;\">Die Variet\u00e4ten<\/span><\/h2>\n<p>[\/vc_column_text][vc_column_text css=&#8220;.vc_custom_1467904327628{padding-top: 20px !important;padding-right: 20px !important;padding-bottom: 20px !important;}&#8220;]<span style=\"color: #ffffff;\">Chardonnay mit dem typischen Aroma von Bl\u00fcten- und Fruchtnoten, Pinot Nero f\u00fcr Struktur und Pers\u00f6nlichkeit, Pinot Bianco, schmackhaft und mineralisch. Die historischen Weinberge des Gutes liegen auf dem H\u00fcgel von S. Stefano: ihre hoch gesch\u00e4tzten Trauben mit intensivem Duft verleihen dem Wein Komplexit\u00e4t und Ausgewogenheit.<br \/>\n<\/span>[\/vc_column_text][\/vc_column_inner][\/vc_row_inner][vc_row_inner row_type=&#8220;row&#8220; type=&#8220;full_width&#8220; use_row_as_full_screen_section_slide=&#8220;no&#8220; text_align=&#8220;left&#8220; background_image=&#8220;2827&#8243; css_animation=&#8220;&#8220; box_shadow_on_row=&#8220;no&#8220;][vc_column_inner css=&#8220;.vc_custom_1467023464426{padding-top: 71px !important;padding-right: 50px !important;padding-bottom: 70px !important;padding-left: 50px !important;background-color: rgba(0,0,0,0.8) !important;*background-color: rgb(0,0,0) !important;}&#8220;][vc_column_text]<\/p>\n<h5 style=\"text-align: center;\"><span style=\"color: #ffffff;\">Die Weinberge<\/span><\/h5>\n<p>[\/vc_column_text][vc_separator type=&#8220;small&#8220; position=&#8220;center&#8220; color=&#8220;#a02b23&#8243; border_style=&#8220;solid&#8220; width=&#8220;80&#8243; thickness=&#8220;1&#8243; up=&#8220;20&#8243;][vc_column_text css=&#8220;.vc_custom_1467904441487{padding-bottom: 20px !important;}&#8220;]<\/p>\n<h2 style=\"text-align: center;\"><span style=\"color: #ffffff;\">Die Weinberge<\/span><\/h2>\n<p>[\/vc_column_text][vc_column_text]<span style=\"color: #ffffff;\">Die in j\u00fcngerer Zeit in einer von einer Mauer, lokal \u201cbrolo\u201d, umschlossenen Parzelle angelegten Weinberge sind f\u00fcr die Produktion gro\u00dfer Beeren f\u00fcr gro\u00dfe Weine bestimmt.<br \/>\n<\/span>[\/vc_column_text][\/vc_column_inner][\/vc_row_inner][vc_row_inner row_type=&#8220;row&#8220; type=&#8220;full_width&#8220; use_row_as_full_screen_section_slide=&#8220;no&#8220; text_align=&#8220;left&#8220; css_animation=&#8220;&#8220; box_shadow_on_row=&#8220;no&#8220;][vc_column_inner css=&#8220;.vc_custom_1467023876080{margin: 0px !important;border-width: 0px !important;padding: 0px !important;background-color: #ffffff !important;}&#8220;][vc_gallery type=&#8220;image_grid&#8220; images=&#8220;2198,2199,2201,2202,2204,2205,2206,2207&#8243; img_size=&#8220;400&#215;250&#8243; column_number=&#8220;4&#8243; grayscale=&#8220;no&#8220; hover_icon=&#8220;none&#8220; images_space=&#8220;gallery_without_space&#8220;][\/vc_column_inner][\/vc_row_inner][vc_row_inner row_type=&#8220;row&#8220; type=&#8220;full_width&#8220; use_row_as_full_screen_section_slide=&#8220;no&#8220; text_align=&#8220;left&#8220; background_image=&#8220;2828&#8243; css_animation=&#8220;&#8220; box_shadow_on_row=&#8220;no&#8220;][vc_column_inner css=&#8220;.vc_custom_1467023765351{padding-top: 70px !important;padding-right: 50px !important;padding-bottom: 70px !important;padding-left: 50px !important;background-color: rgba(255,255,255,0.7) !important;*background-color: rgb(255,255,255) !important;}&#8220;][vc_column_text]<\/p>\n<h5 style=\"text-align: center;\"><span style=\"color: #000000;\">Die Weinberge<br \/>\n<\/span><\/h5>\n<p>[\/vc_column_text][vc_separator type=&#8220;small&#8220; position=&#8220;center&#8220; color=&#8220;#a02b23&#8243; width=&#8220;80&#8243; thickness=&#8220;1&#8243;][vc_column_text]<\/p>\n<h2 style=\"text-align: left;\">Die historischen Weinberge<\/h2>\n<p>[\/vc_column_text][vc_column_text css=&#8220;.vc_custom_1467904383474{padding-top: 30px !important;padding-right: 30px !important;padding-bottom: 30px !important;}&#8220;]Sorgf\u00e4ltige Auswahl der Rebsortenselektion und Anwendung der strengsten Normen zum Schutz der Umwelt machen die Tenuta Montenisa zu einem hochangesehenen Gut.[\/vc_column_text][\/vc_column_inner][\/vc_row_inner][\/vc_column][\/vc_row]<\/p>\n","protected":false},"excerpt":{"rendered":"<p>[vc_row row_type=&#8220;row&#8220; use_row_as_full_screen_section=&#8220;no&#8220; type=&#8220;full_width&#8220; text_align=&#8220;left&#8220; video=&#8220;&#8220; css_animation=&#8220;&#8220; box_shadow_on_row=&#8220;no&#8220; el_id=&#8220;Desktop&#8220;][vc_column offset=&#8220;vc_hidden-xs&#8220;][vc_row_inner row_type=&#8220;parallax&#8220; text_align=&#8220;left&#8220; background_image=&#8220;1639&#8243;][vc_column_inner width=&#8220;1\/6&#8243;][\/vc_column_inner][vc_column_inner width=&#8220;4\/6&#8243; css=&#8220;.vc_custom_1467022949665{padding-top: 200px !important;padding-right: 20px !important;padding-bottom: 200px !important;padding-left: 20px !important;}&#8220;][vc_empty_space height=&#8220;50px&#8220; image_repeat=&#8220;no-repeat&#8220;][vc_single_image image=&#8220;1568&#8243; img_size=&#8220;full&#8220; alignment=&#8220;center&#8220; eltd_css_animation=&#8220;element_from_bottom&#8220; css=&#8220;.vc_custom_1454500548598{margin-top: 30px !important;margin-bottom: 30px !important;}&#8220;][vc_column_text] TENUTA MONTENISA [\/vc_column_text][vc_separator type=&#8220;small&#8220; position=&#8220;center&#8220; color=&#8220;#a02b23&#8243; width=&#8220;80&#8243; thickness=&#8220;1&#8243;][vc_column_text] Die Weinberge&#8230;<\/p>\n","protected":false},"author":1,"featured_media":0,"parent":3043,"menu_order":0,"comment_status":"closed","ping_status":"closed","template":"full_width.php","meta":{"om_disable_all_campaigns":false,"footnotes":""},"class_list":["post-3055","page","type-page","status-publish","hentry"],"aioseo_notices":[],"_links":{"self":[{"href":"https:\/\/www.tenutamontenisa.it\/de\/wp-json\/wp\/v2\/pages\/3055","targetHints":{"allow":["GET"]}}],"collection":[{"href":"https:\/\/www.tenutamontenisa.it\/de\/wp-json\/wp\/v2\/pages"}],"about":[{"href":"https:\/\/www.tenutamontenisa.it\/de\/wp-json\/wp\/v2\/types\/page"}],"author":[{"embeddable":true,"href":"https:\/\/www.tenutamontenisa.it\/de\/wp-json\/wp\/v2\/users\/1"}],"replies":[{"embeddable":true,"href":"https:\/\/www.tenutamontenisa.it\/de\/wp-json\/wp\/v2\/comments?post=3055"}],"version-history":[{"count":5,"href":"https:\/\/www.tenutamontenisa.it\/de\/wp-json\/wp\/v2\/pages\/3055\/revisions"}],"predecessor-version":[{"id":3368,"href":"https:\/\/www.tenutamontenisa.it\/de\/wp-json\/wp\/v2\/pages\/3055\/revisions\/3368"}],"up":[{"embeddable":true,"href":"https:\/\/www.tenutamontenisa.it\/de\/wp-json\/wp\/v2\/pages\/3043"}],"wp:attachment":[{"href":"https:\/\/www.tenutamontenisa.it\/de\/wp-json\/wp\/v2\/media?parent=3055"}],"curies":[{"name":"wp","href":"https:\/\/api.w.org\/{rel}","templated":true}]}}