{"id":3053,"date":"2016-03-08T12:58:13","date_gmt":"2016-03-08T12:58:13","guid":{"rendered":"https:\/\/www.tenutamontenisa.it\/de\/montenisa\/historical-cellars\/"},"modified":"2020-02-25T11:16:27","modified_gmt":"2020-02-25T11:16:27","slug":"die-historischen-kellereien","status":"publish","type":"page","link":"https:\/\/www.tenutamontenisa.it\/de\/montenisa\/die-historischen-kellereien\/","title":{"rendered":"Die historischen Kellereien"},"content":{"rendered":"<p>[vc_row row_type=&#8220;parallax&#8220; type=&#8220;full_width&#8220; text_align=&#8220;left&#8220; background_image=&#8220;1639&#8243; full_screen_section_height=&#8220;yes&#8220; vertically_align_content_in_middle=&#8220;yes&#8220;][vc_column width=&#8220;1\/4&#8243;][\/vc_column][vc_column width=&#8220;1\/2&#8243; css=&#8220;.vc_custom_1454844252663{padding-right: 20px !important;padding-left: 20px !important;}&#8220;][vc_empty_space height=&#8220;50px&#8220; image_repeat=&#8220;no-repeat&#8220;][vc_single_image image=&#8220;1568&#8243; img_size=&#8220;full&#8220; alignment=&#8220;center&#8220; eltd_css_animation=&#8220;element_from_bottom&#8220; css=&#8220;.vc_custom_1454500548598{margin-top: 30px !important;margin-bottom: 30px !important;}&#8220;][vc_column_text]<\/p>\n<h5 style=\"text-align: center;\">TENUTA MONTENISA<\/h5>\n<p>[\/vc_column_text][vc_separator type=&#8220;small&#8220; position=&#8220;center&#8220; color=&#8220;#a02b23&#8243; width=&#8220;80&#8243; thickness=&#8220;1&#8243;][vc_column_text]<\/p>\n<blockquote>\n<h2 style=\"text-align: center;\">Die Kellereien<\/h2>\n<p>&nbsp;<\/p>\n<p>\u201cUnter den Bogeng\u00e4ngen, die den Geb\u00e4udekomplex der Tenuta umgeben, liegen die Kellereien f\u00fcr die Vinifizierung und die f\u00fcr den Ausbau.\u201d<\/p><\/blockquote>\n<p>[\/vc_column_text][\/vc_column][vc_column width=&#8220;1\/4&#8243;][\/vc_column][\/vc_row][vc_row row_type=&#8220;parallax&#8220; type=&#8220;full_width&#8220; text_align=&#8220;left&#8220; background_image=&#8220;2213&#8243; full_screen_section_height=&#8220;no&#8220;][vc_column width=&#8220;1\/2&#8243; css=&#8220;.vc_custom_1467964640692{padding-top: 150px !important;padding-right: 50px !important;padding-bottom: 150px !important;padding-left: 50px !important;background-color: rgba(0,0,0,0.8) !important;*background-color: rgb(0,0,0) !important;}&#8220; offset=&#8220;vc_col-lg-offset-1 vc_col-lg-5 vc_col-md-6 vc_col-xs-12&#8243;][vc_column_text]<\/p>\n<h5 style=\"text-align: center;\"><span style=\"color: #ffffff;\">Die Kellereien<br \/>\n<\/span><\/h5>\n<p>[\/vc_column_text][vc_separator type=&#8220;small&#8220; position=&#8220;center&#8220; color=&#8220;#a02b23&#8243; width=&#8220;80&#8243; thickness=&#8220;1&#8243;][vc_column_text css=&#8220;.vc_custom_1467904690794{padding-right: 20px !important;padding-bottom: 20px !important;}&#8220;]<\/p>\n<h2 style=\"text-align: center;\"><span style=\"color: #ffffff;\">Die Tradition<br \/>\n<\/span><\/h2>\n<p>[\/vc_column_text][vc_column_text css=&#8220;.vc_custom_1467964411087{padding-top: 20px !important;padding-right: 20px !important;padding-bottom: 20px !important;}&#8220;]<\/p>\n<p><span style=\"color: #ffffff;\">Hier reift der Wein \u00fcber lange Zeitr\u00e4ume, die \u00fcber die im Disziplinar vorgeschriebenen Mindestzeiten hinausgehen, in Flaschen auf den Hefen. <\/span><\/p>\n<p>[\/vc_column_text][\/vc_column][vc_column width=&#8220;1\/2&#8243; css=&#8220;.vc_custom_1454844526779{margin: 0px !important;border-width: 0px !important;padding: 0px !important;}&#8220;][\/vc_column][\/vc_row][vc_row row_type=&#8220;parallax&#8220; type=&#8220;full_width&#8220; text_align=&#8220;left&#8220; background_image=&#8220;2212&#8243; full_screen_section_height=&#8220;no&#8220;][vc_column width=&#8220;1\/2&#8243; css=&#8220;.vc_custom_1457446396815{padding-top: 150px !important;padding-right: 100px !important;padding-bottom: 150px !important;padding-left: 100px !important;background-color: rgba(0,0,0,0.8) !important;*background-color: rgb(0,0,0) !important;}&#8220; offset=&#8220;vc_col-lg-offset-6 vc_col-lg-5 vc_col-md-offset-0 vc_col-md-6 vc_col-sm-offset-0 vc_col-xs-12&#8243;][vc_column_text]<\/p>\n<h5 style=\"text-align: center;\"><span style=\"color: #ffffff;\">Die Kellereien<br \/>\n<\/span><\/h5>\n<p>[\/vc_column_text][vc_separator type=&#8220;small&#8220; position=&#8220;center&#8220; color=&#8220;#a02b23&#8243; border_style=&#8220;solid&#8220; width=&#8220;80&#8243; thickness=&#8220;1&#8243; up=&#8220;20&#8243;][vc_column_text css=&#8220;.vc_custom_1467904720950{padding-bottom: 20px !important;}&#8220;]<\/p>\n<h2 style=\"text-align: center;\"><span style=\"color: #ffffff;\">Die Verfeinerung<br \/>\n<\/span><\/h2>\n<p>[\/vc_column_text][vc_column_text]<\/p>\n<p><span style=\"color: #ffffff;\">Die Remuage wird immer noch ausgef\u00fchrt, so dass jeder einzelnen Flasche \u00e4u\u00dferste Aufmerksamkeit geschenkt wird. <\/span><\/p>\n<p>[\/vc_column_text][vc_empty_space height=&#8220;50px&#8220; image_repeat=&#8220;no-repeat&#8220;][\/vc_column][vc_column width=&#8220;1\/2&#8243;][\/vc_column][\/vc_row][vc_row row_type=&#8220;parallax&#8220; type=&#8220;full_width&#8220; text_align=&#8220;left&#8220; full_screen_section_height=&#8220;no&#8220;][vc_column css=&#8220;.vc_custom_1457445986606{margin: 0px !important;border-width: 0px !important;padding: 0px !important;background-color: #ffffff !important;}&#8220;][vc_gallery type=&#8220;image_grid&#8220; images=&#8220;2214,2215,2216,2217,2218,2219,2220,2221&#8243; img_size=&#8220;500&#215;333&#8243; column_number=&#8220;4&#8243; grayscale=&#8220;no&#8220; hover_icon=&#8220;none&#8220; images_space=&#8220;gallery_without_space&#8220;][\/vc_column][\/vc_row][vc_row row_type=&#8220;parallax&#8220; type=&#8220;full_width&#8220; text_align=&#8220;left&#8220; background_image=&#8220;2211&#8243; full_screen_section_height=&#8220;no&#8220;][vc_column width=&#8220;2\/3&#8243;][\/vc_column][vc_column width=&#8220;1\/3&#8243; css=&#8220;.vc_custom_1457441132365{padding-top: 150px !important;padding-right: 50px !important;padding-bottom: 50px !important;padding-left: 50px !important;background-color: #ffffff !important;}&#8220; offset=&#8220;vc_col-lg-offset-6 vc_col-lg-4 vc_col-md-offset-6 vc_col-md-6 vc_col-xs-12&#8243;][vc_column_text]<\/p>\n<h5 style=\"text-align: center;\"><span style=\"color: #000000;\">Die Kellereien<br \/>\n<\/span><\/h5>\n<p>[\/vc_column_text][vc_separator type=&#8220;small&#8220; position=&#8220;center&#8220; color=&#8220;#a02b23&#8243; width=&#8220;80&#8243; thickness=&#8220;1&#8243;][vc_column_text css=&#8220;.vc_custom_1467904748230{padding-bottom: 20px !important;}&#8220;]<\/p>\n<h2 style=\"text-align: center;\">Die Details<\/h2>\n<p>[\/vc_column_text][vc_column_text css=&#8220;.vc_custom_1467904762027{padding-top: 30px !important;padding-right: 30px !important;padding-bottom: 30px !important;}&#8220;]Die Gesamtheit dieser umsichtigen Vorkehrungen und der Vinifizierungsprozesse l\u00e4sst das Territorium zu seinem perfekten Ausdruck kommen[\/vc_column_text][vc_empty_space height=&#8220;50px&#8220; image_repeat=&#8220;no-repeat&#8220;][\/vc_column][\/vc_row]<\/p>\n","protected":false},"excerpt":{"rendered":"<p>[vc_row row_type=&#8220;parallax&#8220; type=&#8220;full_width&#8220; text_align=&#8220;left&#8220; background_image=&#8220;1639&#8243; full_screen_section_height=&#8220;yes&#8220; vertically_align_content_in_middle=&#8220;yes&#8220;][vc_column width=&#8220;1\/4&#8243;][\/vc_column][vc_column width=&#8220;1\/2&#8243; css=&#8220;.vc_custom_1454844252663{padding-right: 20px !important;padding-left: 20px !important;}&#8220;][vc_empty_space height=&#8220;50px&#8220; image_repeat=&#8220;no-repeat&#8220;][vc_single_image image=&#8220;1568&#8243; img_size=&#8220;full&#8220; alignment=&#8220;center&#8220; eltd_css_animation=&#8220;element_from_bottom&#8220; css=&#8220;.vc_custom_1454500548598{margin-top: 30px !important;margin-bottom: 30px !important;}&#8220;][vc_column_text] TENUTA MONTENISA [\/vc_column_text][vc_separator type=&#8220;small&#8220; position=&#8220;center&#8220; color=&#8220;#a02b23&#8243; width=&#8220;80&#8243; thickness=&#8220;1&#8243;][vc_column_text] Die Kellereien &nbsp; \u201cUnter den Bogeng\u00e4ngen, die den Geb\u00e4udekomplex der Tenuta umgeben,&#8230;<\/p>\n","protected":false},"author":1,"featured_media":0,"parent":3043,"menu_order":0,"comment_status":"closed","ping_status":"closed","template":"full_width.php","meta":{"om_disable_all_campaigns":false,"footnotes":""},"class_list":["post-3053","page","type-page","status-publish","hentry"],"aioseo_notices":[],"_links":{"self":[{"href":"https:\/\/www.tenutamontenisa.it\/de\/wp-json\/wp\/v2\/pages\/3053","targetHints":{"allow":["GET"]}}],"collection":[{"href":"https:\/\/www.tenutamontenisa.it\/de\/wp-json\/wp\/v2\/pages"}],"about":[{"href":"https:\/\/www.tenutamontenisa.it\/de\/wp-json\/wp\/v2\/types\/page"}],"author":[{"embeddable":true,"href":"https:\/\/www.tenutamontenisa.it\/de\/wp-json\/wp\/v2\/users\/1"}],"replies":[{"embeddable":true,"href":"https:\/\/www.tenutamontenisa.it\/de\/wp-json\/wp\/v2\/comments?post=3053"}],"version-history":[{"count":8,"href":"https:\/\/www.tenutamontenisa.it\/de\/wp-json\/wp\/v2\/pages\/3053\/revisions"}],"predecessor-version":[{"id":4515,"href":"https:\/\/www.tenutamontenisa.it\/de\/wp-json\/wp\/v2\/pages\/3053\/revisions\/4515"}],"up":[{"embeddable":true,"href":"https:\/\/www.tenutamontenisa.it\/de\/wp-json\/wp\/v2\/pages\/3043"}],"wp:attachment":[{"href":"https:\/\/www.tenutamontenisa.it\/de\/wp-json\/wp\/v2\/media?parent=3053"}],"curies":[{"name":"wp","href":"https:\/\/api.w.org\/{rel}","templated":true}]}}