{"id":3047,"date":"2016-06-24T07:52:16","date_gmt":"2016-06-24T07:52:16","guid":{"rendered":"https:\/\/www.tenutamontenisa.it\/de\/?page_id=3047"},"modified":"2020-02-24T13:59:57","modified_gmt":"2020-02-24T13:59:57","slug":"home-ted","status":"publish","type":"page","link":"https:\/\/www.tenutamontenisa.it\/de\/","title":{"rendered":"Home"},"content":{"rendered":"<p>[vc_row row_type=&#8220;row&#8220; use_row_as_full_screen_section=&#8220;no&#8220; type=&#8220;full_width&#8220; text_align=&#8220;left&#8220; video=&#8220;&#8220; css_animation=&#8220;&#8220; box_shadow_on_row=&#8220;no&#8220; el_id=&#8220;Desktop&#8220;][vc_column offset=&#8220;vc_hidden-xs&#8220;][vc_row_inner row_type=&#8220;row&#8220; type=&#8220;full_width&#8220; use_row_as_full_screen_section_slide=&#8220;no&#8220; text_align=&#8220;left&#8220; background_image=&#8220;1629&#8243; css_animation=&#8220;&#8220; box_shadow_on_row=&#8220;no&#8220;][vc_column_inner][vc_empty_space image_repeat=&#8220;no-repeat&#8220;][vc_column_text]<\/p>\n<h3 style=\"text-align: center;\">Die Schaumweine<\/h3>\n<p>[\/vc_column_text][vc_separator type=&#8220;small&#8220; position=&#8220;center&#8220; color=&#8220;#a02b23&#8243; width=&#8220;80&#8243; thickness=&#8220;1&#8243;][vc_empty_space image_repeat=&#8220;no-repeat&#8220;]<div class='eltd_carousels_holder clearfix '><div class='eltd_carousels'  data-number_of_items='4'><ul class='slides'><li class='item'><div class=\"carousel_item_holder\" ><div class=\"carousel_item_holder_inner\" ><a href=' https:\/\/www.tenutamontenisa.it\/de\/schaumweine\/cuvee-royale' target='_self'><span class='first_image_holder '><img src='https:\/\/www.tenutamontenisa.it\/wp-content\/uploads\/2023\/10\/cuvee-royale-min.png' alt='Cuv\u00e9e Royale'><\/span><\/a><\/div><\/div><\/li><li class='item'><div class=\"carousel_item_holder\" ><div class=\"carousel_item_holder_inner\" ><a href='https:\/\/www.tenutamontenisa.it\/de\/schaumweine\/blanc-de-blancs' target='_self'><span class='first_image_holder '><img src='https:\/\/www.tenutamontenisa.it\/wp-content\/uploads\/2023\/10\/blanc-de-blancs-min.png' alt='Blanc de Blancs'><\/span><\/a><\/div><\/div><\/li><li class='item'><div class=\"carousel_item_holder\" ><div class=\"carousel_item_holder_inner\" ><a href='https:\/\/www.tenutamontenisa.it\/de\/schaumweine\/rose' target='_self'><span class='first_image_holder '><img src='https:\/\/www.tenutamontenisa.it\/wp-content\/uploads\/2023\/10\/rose-min.png' alt='Ros\u00e9'><\/span><\/a><\/div><\/div><\/li><li class='item'><div class=\"carousel_item_holder\" ><div class=\"carousel_item_holder_inner\" ><a href=' https:\/\/www.tenutamontenisa.it\/de\/schaumweine\/conte-aimo' target='_self'><span class='first_image_holder '><img src='https:\/\/www.tenutamontenisa.it\/wp-content\/uploads\/2023\/10\/conte-aymo-min.png' alt='Conte Aimo'><\/span><\/a><\/div><\/div><\/li><li class='item'><div class=\"carousel_item_holder\" ><div class=\"carousel_item_holder_inner\" ><a href=' https:\/\/www.tenutamontenisa.it\/de\/schaumweine\/contessa-maggi' target='_self'><span class='first_image_holder '><img src='https:\/\/www.tenutamontenisa.it\/wp-content\/uploads\/2023\/10\/contessa-maggi-min.png' alt='Contessa Maggi'><\/span><\/a><\/div><\/div><\/li><li class='item'><div class=\"carousel_item_holder\" ><div class=\"carousel_item_holder_inner\" ><a href=' https:\/\/www.tenutamontenisa.it\/de\/schaumweine\/saten' target='_self'><span class='first_image_holder '><img src='https:\/\/www.tenutamontenisa.it\/wp-content\/uploads\/2023\/10\/donna-cora-satin-min.png' alt='Donna Cora'><\/span><\/a><\/div><\/div><\/li><\/ul><ul class=\"caroufredsel-direction-nav\"><li class=\"caroufredsel-prev-holder\"><a id=\"caroufredsel-prev\" class=\"eltd_carousel_prev caroufredsel-navigation-item caroufredsel-prev\" href=\"javascript: void(0)\"><span class=\"arrow_carrot-left\"><\/span><\/a><\/li><li class=\"caroufredsel-next-holder\"><a class=\"eltd_carousel_next caroufredsel-next caroufredsel-navigation-item\" id=\"caroufredsel-next\" href=\"javascript: void(0)\"><span class=\"arrow_carrot-right\"><\/span><\/a><\/li><\/ul><\/div><\/div>[vc_empty_space image_repeat=&#8220;no-repeat&#8220;][\/vc_column_inner][\/vc_row_inner][vc_row_inner row_type=&#8220;parallax&#8220; text_align=&#8220;left&#8220; background_image=&#8220;1630&#8243;][vc_column_inner width=&#8220;1\/4&#8243;][\/vc_column_inner][vc_column_inner width=&#8220;2\/4&#8243;][vc_empty_space height=&#8220;50px&#8220; image_repeat=&#8220;no-repeat&#8220;][vc_single_image image=&#8220;1568&#8243; img_size=&#8220;full&#8220; alignment=&#8220;center&#8220; eltd_css_animation=&#8220;&#8220; css=&#8220;.vc_custom_1454432133867{margin-top: 30px !important;margin-bottom: 30px !important;}&#8220;][vc_column_text]<\/p>\n<h5 style=\"text-align: center;\">Tenuta Montenisa, gro\u00dfe Franciacorta-Weine<\/h5>\n<p>[\/vc_column_text][vc_separator type=&#8220;small&#8220; position=&#8220;center&#8220; color=&#8220;#a02b23&#8243; width=&#8220;80&#8243; thickness=&#8220;1&#8243;][vc_column_text]<\/p>\n<blockquote>\n<h3 style=\"text-align: center;\">&#8222;Im Jahr 1999 verflechten sich die Geschicke der Marchesi Antinori mit denen der Conti Maggi. Die Familien Maggi und Antinori beschlie\u00dfen, die das Herrenhaus umgebenden L\u00e4ndereien und Weinberge\u00a0 zu bewirtschaften, um einen gro\u00dfen Franciacorta zu erzeugen&#8230;&#8220;<\/h3>\n<\/blockquote>\n<p>[\/vc_column_text][vc_empty_space height=&#8220;100px&#8220; image_repeat=&#8220;no-repeat&#8220;][\/vc_column_inner][vc_column_inner width=&#8220;1\/4&#8243;][\/vc_column_inner][\/vc_row_inner][vc_row_inner row_type=&#8220;parallax&#8220; text_align=&#8220;left&#8220; background_image=&#8220;1582&#8243;][vc_column_inner width=&#8220;1\/2&#8243;][vc_empty_space height=&#8220;750px&#8220; image_repeat=&#8220;no-repeat&#8220;][\/vc_column_inner][vc_column_inner width=&#8220;1\/2&#8243; css=&#8220;.vc_custom_1466753958602{padding-top: 150px !important;padding-right: 50px !important;}&#8220;][no_elements_holder number_of_columns=&#8220;two_columns&#8220; alignment_one_column=&#8220;right&#8220;][no_elements_holder_item background_color=&#8220;rgba(255,255,255,0.78)&#8220; item_padding=&#8220;350px 50px 50px 50px&#8220; aligment=&#8220;left&#8220; vertical_alignment=&#8220;middle&#8220; animation_name=&#8220;fade_in&#8220; advanced_animations=&#8220;no&#8220;][vc_column_text]<\/p>\n<h2 style=\"text-align: left;\">Franciacorta<\/h2>\n<p>[\/vc_column_text][vc_separator type=&#8220;small&#8220; position=&#8220;left&#8220; color=&#8220;#a02b23&#8243; width=&#8220;80&#8243; thickness=&#8220;1&#8243;][vc_column_text]<img loading=\"lazy\" decoding=\"async\" class=\"wp-image-1634 alignright\" src=\"https:\/\/www.tenutamontenisa.it\/wp-content\/uploads\/2015\/03\/logo_franciacorta.png\" alt=\"logo_franciacorta\" width=\"172\" height=\"135\" \/><\/p>\n<p>Franciacorta ist ein Territorium, ein Wein und ein Herstellungsverfahren.<br \/>\nIn diesem Anbaugebiet gro\u00dfer Weine wird seit jeher die Rebe kultiviert.[\/vc_column_text]<span class=\"eltd_icon_shade eltd_icon_shortcode font_awesome normal eltd_medium_icon \"  ><a href=\"https:\/\/www.tenutamontenisa.it\/de\/montenisa\/franciacorta\/\" target=\"_self\"  ><i class=\"eltd_icon_font_awesome fa fa-arrow-circle-o-right \" style=\" \" ><\/i><\/a><\/span>[\/no_elements_holder_item][\/no_elements_holder][vc_empty_space height=&#8220;70px&#8220; image_repeat=&#8220;no-repeat&#8220;][\/vc_column_inner][\/vc_row_inner][vc_row_inner row_type=&#8220;parallax&#8220; text_align=&#8220;left&#8220; background_image=&#8220;1615&#8243;][vc_column_inner width=&#8220;1\/2&#8243; css=&#8220;.vc_custom_1466754490494{padding-top: 150px !important;padding-left: 50px !important;}&#8220;][no_elements_holder number_of_columns=&#8220;two_columns&#8220; alignment_one_column=&#8220;right&#8220;][no_elements_holder_item background_color=&#8220;rgba(255,255,255,0.78)&#8220; item_padding=&#8220;300px 50px 50px 50px&#8220; aligment=&#8220;left&#8220; vertical_alignment=&#8220;middle&#8220; animation_name=&#8220;fade_in&#8220; advanced_animations=&#8220;no&#8220;][vc_column_text]<\/p>\n<h2 style=\"text-align: left;\">Die<br \/>\nTenuta Montenisa<\/h2>\n<p>[\/vc_column_text][vc_separator type=&#8220;small&#8220; position=&#8220;left&#8220; color=&#8220;#a02b23&#8243; width=&#8220;80&#8243; thickness=&#8220;1&#8243;][vc_column_text]Die Tenuta Montenisa liegt im Herzen von Franciacorta in der N\u00e4he des D\u00f6rfchens Calino, einem Juwel in diesem sanften Teil Italiens, wo Jahrhunderte der Geschichte an antiken Pal\u00e4sten, Kl\u00f6stern, Abteien und kleinen Kirchen, die verstreut im Gr\u00fcn der H\u00fcgel und der Mor\u00e4nent\u00e4ler liegen, vorbeigegangen sind.[\/vc_column_text]<span class=\"eltd_icon_shade eltd_icon_shortcode font_awesome normal eltd_medium_icon \"  ><a href=\"https:\/\/www.tenutamontenisa.it\/de\/montenisa\/das-weingut\/\" target=\"_self\"  ><i class=\"eltd_icon_font_awesome fa fa-arrow-circle-o-right \" style=\" \" ><\/i><\/a><\/span>[\/no_elements_holder_item][\/no_elements_holder][vc_empty_space height=&#8220;70px&#8220; image_repeat=&#8220;no-repeat&#8220;][\/vc_column_inner][vc_column_inner width=&#8220;1\/2&#8243;][vc_empty_space height=&#8220;750px&#8220; image_repeat=&#8220;no-repeat&#8220;][\/vc_column_inner][\/vc_row_inner][vc_row_inner row_type=&#8220;parallax&#8220; text_align=&#8220;left&#8220; background_image=&#8220;2119&#8243;][vc_column_inner width=&#8220;1\/2&#8243;][vc_empty_space height=&#8220;750px&#8220; image_repeat=&#8220;no-repeat&#8220;][\/vc_column_inner][vc_column_inner width=&#8220;1\/2&#8243; css=&#8220;.vc_custom_1466754857090{padding-top: 150px !important;padding-right: 50px !important;}&#8220;][no_elements_holder number_of_columns=&#8220;two_columns&#8220; alignment_one_column=&#8220;right&#8220;][no_elements_holder_item background_color=&#8220;rgba(255,255,255,0.78)&#8220; item_padding=&#8220;300px 50px 50px 50px&#8220; aligment=&#8220;left&#8220; vertical_alignment=&#8220;middle&#8220; animation_name=&#8220;fade_in&#8220; advanced_animations=&#8220;no&#8220;][vc_column_text]<\/p>\n<h2 style=\"text-align: left;\">Ein einzigartiger Stil<br \/>\nunverwechselbar<\/h2>\n<p>[\/vc_column_text][vc_separator type=&#8220;small&#8220; position=&#8220;left&#8220; color=&#8220;#a02b23&#8243; width=&#8220;80&#8243; thickness=&#8220;1&#8243;][vc_column_text]Aus der Verbindung der Erfahrung der Antinori-Familie und der Vokation eines Territoriums: die \u201cKlassischen\u201d und die \u201cMillesimati\u201d[\/vc_column_text]<span class=\"eltd_icon_shade eltd_icon_shortcode font_awesome normal eltd_medium_icon \"  ><a href=\"https:\/\/www.tenutamontenisa.it\/de\/schaumweine\/klassischen-und-millesimati\/\" target=\"_self\"  ><i class=\"eltd_icon_font_awesome fa fa-arrow-circle-o-right \" style=\" \" ><\/i><\/a><\/span>[\/no_elements_holder_item][\/no_elements_holder][vc_empty_space height=&#8220;70&#8243; image_repeat=&#8220;no-repeat&#8220;][\/vc_column_inner][\/vc_row_inner][vc_row_inner row_type=&#8220;row&#8220; type=&#8220;full_width&#8220; use_row_as_full_screen_section_slide=&#8220;no&#8220; text_align=&#8220;left&#8220; padding_top=&#8220;80&#8243; padding_bottom=&#8220;74&#8243; css_animation=&#8220;&#8220; box_shadow_on_row=&#8220;no&#8220;][vc_column_inner offset=&#8220;vc_hidden-lg vc_hidden-md vc_hidden-sm vc_hidden-xs&#8220;][vc_column_text]<\/p>\n<h3>Events und News aus der Welt des Perlenspiels\u2026<\/h3>\n<p>[\/vc_column_text][vc_separator type=&#8220;transparent&#8220; up=&#8220;16&#8243; down=&#8220;0&#8243;][vc_separator type=&#8220;transparent&#8220; up=&#8220;44&#8243; down=&#8220;0&#8243;]<div class=\"latest_post_holder  boxes four_columns\"><ul class='post_list'><\/ul><\/div>[\/vc_column_inner][\/vc_row_inner][\/vc_column][\/vc_row][vc_row row_type=&#8220;row&#8220; use_row_as_full_screen_section=&#8220;no&#8220; type=&#8220;full_width&#8220; text_align=&#8220;left&#8220; video=&#8220;&#8220; css_animation=&#8220;&#8220; box_shadow_on_row=&#8220;no&#8220; el_id=&#8220;Mobile&#8220;][vc_column offset=&#8220;vc_hidden-lg vc_hidden-md vc_hidden-sm&#8220;][vc_row_inner row_type=&#8220;row&#8220; type=&#8220;full_width&#8220; use_row_as_full_screen_section_slide=&#8220;no&#8220; text_align=&#8220;left&#8220; background_image=&#8220;2750&#8243; css_animation=&#8220;&#8220; box_shadow_on_row=&#8220;no&#8220;][vc_column_inner css=&#8220;.vc_custom_1466755485117{padding-right: 50px !important;padding-left: 50px !important;}&#8220;][vc_empty_space height=&#8220;70px&#8220; image_repeat=&#8220;no-repeat&#8220;][vc_single_image image=&#8220;1568&#8243; img_size=&#8220;full&#8220; alignment=&#8220;center&#8220; eltd_css_animation=&#8220;&#8220; css=&#8220;.vc_custom_1454432133867{margin-top: 30px !important;margin-bottom: 30px !important;}&#8220;][vc_column_text]<\/p>\n<h5 style=\"text-align: center;\">Tenuta Montenisa, gro\u00dfe Franciacorta-Weine<\/h5>\n<p>[\/vc_column_text][vc_separator type=&#8220;small&#8220; position=&#8220;center&#8220; color=&#8220;#a02b23&#8243; width=&#8220;80&#8243; thickness=&#8220;1&#8243;][vc_column_text]<\/p>\n<blockquote>\n<h3 style=\"text-align: center;\">&#8222;Im Jahr 1999 verflechten sich die Geschicke der Marchesi Antinori mit denen der Conti Maggi. Die Familien Maggi und Antinori beschlie\u00dfen, die das Herrenhaus umgebenden L\u00e4ndereien und Weinberge\u00a0 zu bewirtschaften, um einen gro\u00dfen Franciacorta zu erzeugen&#8230;&#8220;<\/h3>\n<\/blockquote>\n<p>[\/vc_column_text][vc_empty_space height=&#8220;70px&#8220; image_repeat=&#8220;no-repeat&#8220;][\/vc_column_inner][\/vc_row_inner][vc_row_inner row_type=&#8220;row&#8220; type=&#8220;full_width&#8220; use_row_as_full_screen_section_slide=&#8220;no&#8220; text_align=&#8220;left&#8220; background_image=&#8220;2761&#8243; css_animation=&#8220;&#8220; box_shadow_on_row=&#8220;no&#8220;][vc_column_inner css=&#8220;.vc_custom_1466755496191{padding-right: 50px !important;padding-left: 50px !important;}&#8220;][vc_empty_space height=&#8220;70px&#8220; image_repeat=&#8220;no-repeat&#8220;][vc_column_text]<\/p>\n<h3 style=\"text-align: center;\">Die Schaumweine<\/h3>\n<p>[\/vc_column_text][vc_separator type=&#8220;small&#8220; position=&#8220;center&#8220; color=&#8220;#a02b23&#8243; width=&#8220;80&#8243; thickness=&#8220;1&#8243;][vc_empty_space image_repeat=&#8220;no-repeat&#8220;]<div class='eltd_carousels_holder clearfix '><div class='eltd_carousels'  data-number_of_items='4'><ul class='slides'><li class='item'><div class=\"carousel_item_holder\" ><div class=\"carousel_item_holder_inner\" ><a href=' https:\/\/www.tenutamontenisa.it\/de\/schaumweine\/cuvee-royale' target='_self'><span class='first_image_holder '><img src='https:\/\/www.tenutamontenisa.it\/wp-content\/uploads\/2023\/10\/cuvee-royale-min.png' alt='Cuv\u00e9e Royale'><\/span><\/a><\/div><\/div><\/li><li class='item'><div class=\"carousel_item_holder\" ><div class=\"carousel_item_holder_inner\" ><a href='https:\/\/www.tenutamontenisa.it\/de\/schaumweine\/blanc-de-blancs' target='_self'><span class='first_image_holder '><img src='https:\/\/www.tenutamontenisa.it\/wp-content\/uploads\/2023\/10\/blanc-de-blancs-min.png' alt='Blanc de Blancs'><\/span><\/a><\/div><\/div><\/li><li class='item'><div class=\"carousel_item_holder\" ><div class=\"carousel_item_holder_inner\" ><a href='https:\/\/www.tenutamontenisa.it\/de\/schaumweine\/rose' target='_self'><span class='first_image_holder '><img src='https:\/\/www.tenutamontenisa.it\/wp-content\/uploads\/2023\/10\/rose-min.png' alt='Ros\u00e9'><\/span><\/a><\/div><\/div><\/li><li class='item'><div class=\"carousel_item_holder\" ><div class=\"carousel_item_holder_inner\" ><a href=' https:\/\/www.tenutamontenisa.it\/de\/schaumweine\/conte-aimo' target='_self'><span class='first_image_holder '><img src='https:\/\/www.tenutamontenisa.it\/wp-content\/uploads\/2023\/10\/conte-aymo-min.png' alt='Conte Aimo'><\/span><\/a><\/div><\/div><\/li><li class='item'><div class=\"carousel_item_holder\" ><div class=\"carousel_item_holder_inner\" ><a href=' https:\/\/www.tenutamontenisa.it\/de\/schaumweine\/contessa-maggi' target='_self'><span class='first_image_holder '><img src='https:\/\/www.tenutamontenisa.it\/wp-content\/uploads\/2023\/10\/contessa-maggi-min.png' alt='Contessa Maggi'><\/span><\/a><\/div><\/div><\/li><li class='item'><div class=\"carousel_item_holder\" ><div class=\"carousel_item_holder_inner\" ><a href=' https:\/\/www.tenutamontenisa.it\/de\/schaumweine\/saten' target='_self'><span class='first_image_holder '><img src='https:\/\/www.tenutamontenisa.it\/wp-content\/uploads\/2023\/10\/donna-cora-satin-min.png' alt='Donna Cora'><\/span><\/a><\/div><\/div><\/li><\/ul><ul class=\"caroufredsel-direction-nav\"><li class=\"caroufredsel-prev-holder\"><a id=\"caroufredsel-prev\" class=\"eltd_carousel_prev caroufredsel-navigation-item caroufredsel-prev\" href=\"javascript: void(0)\"><span class=\"arrow_carrot-left\"><\/span><\/a><\/li><li class=\"caroufredsel-next-holder\"><a class=\"eltd_carousel_next caroufredsel-next caroufredsel-navigation-item\" id=\"caroufredsel-next\" href=\"javascript: void(0)\"><span class=\"arrow_carrot-right\"><\/span><\/a><\/li><\/ul><\/div><\/div>[vc_empty_space height=&#8220;50px&#8220; image_repeat=&#8220;no-repeat&#8220;][\/vc_column_inner][\/vc_row_inner][vc_row_inner row_type=&#8220;row&#8220; type=&#8220;full_width&#8220; use_row_as_full_screen_section_slide=&#8220;no&#8220; text_align=&#8220;center&#8220; background_image=&#8220;2751&#8243; css_animation=&#8220;&#8220; box_shadow_on_row=&#8220;no&#8220;][vc_column_inner css=&#8220;.vc_custom_1466756153261{padding-right: 50px !important;padding-left: 50px !important;}&#8220;][vc_empty_space height=&#8220;70px&#8220; image_repeat=&#8220;no-repeat&#8220;][vc_column_text]<\/p>\n<h2 style=\"text-align: center;\">La Franciacorta<\/h2>\n<p>[\/vc_column_text][vc_separator type=&#8220;small&#8220; position=&#8220;center&#8220; color=&#8220;#a02b23&#8243; width=&#8220;80&#8243; thickness=&#8220;1&#8243;][vc_column_text]<img loading=\"lazy\" decoding=\"async\" class=\"wp-image-1634 aligncenter\" src=\"https:\/\/www.tenutamontenisa.it\/wp-content\/uploads\/2015\/03\/logo_franciacorta.png\" alt=\"logo_franciacorta\" width=\"172\" height=\"135\" \/><\/p>\n<p>&nbsp;<\/p>\n<p style=\"text-align: center;\"><span style=\"color: #ffffff;\">Franciacorta ist ein Territorium, ein Wein und ein Herstellungsverfahren.<br \/>\nIn diesem Anbaugebiet gro\u00dfer Weine wird seit jeher die Rebe kultiviert.<\/span><\/p>\n<p>[\/vc_column_text][vc_empty_space height=&#8220;10px&#8220; image_repeat=&#8220;no-repeat&#8220;]<span class=\"eltd_icon_shade eltd_icon_shortcode font_awesome normal eltd_medium_icon \"  ><a href=\"https:\/\/www.tenutamontenisa.it\/de\/montenisa\/franciacorta\/\" target=\"_self\" style=\"color: #ffffff;\" ><i class=\"eltd_icon_font_awesome fa fa-arrow-circle-o-right \" style=\"color: #ffffff; \" ><\/i><\/a><\/span>[vc_empty_space height=&#8220;70px&#8220; image_repeat=&#8220;no-repeat&#8220;][\/vc_column_inner][\/vc_row_inner][vc_row_inner row_type=&#8220;row&#8220; type=&#8220;full_width&#8220; use_row_as_full_screen_section_slide=&#8220;no&#8220; text_align=&#8220;center&#8220; background_image=&#8220;2752&#8243; css_animation=&#8220;&#8220; box_shadow_on_row=&#8220;no&#8220;][vc_column_inner css=&#8220;.vc_custom_1466756200356{padding-right: 50px !important;padding-left: 50px !important;}&#8220;][vc_empty_space height=&#8220;70px&#8220; image_repeat=&#8220;no-repeat&#8220;][vc_column_text]<\/p>\n<h2 style=\"text-align: center;\"><span style=\"color: #ffffff;\">Die<br \/>\nTenuta Montenisa<\/span><\/h2>\n<p>[\/vc_column_text][vc_separator type=&#8220;small&#8220; position=&#8220;center&#8220; color=&#8220;#a02b23&#8243; width=&#8220;80&#8243; thickness=&#8220;1&#8243;][vc_column_text]<span style=\"color: #ffffff;\">Die Tenuta Montenisa liegt im Herzen von Franciacorta in der N\u00e4he des D\u00f6rfchens Calino, einem Juwel in diesem sanften Teil Italiens, wo Jahrhunderte der Geschichte an antiken Pal\u00e4sten, Kl\u00f6stern, Abteien und kleinen Kirchen, die verstreut im Gr\u00fcn der H\u00fcgel und der Mor\u00e4nent\u00e4ler liegen, vorbeigegangen sind.<\/span>[\/vc_column_text][vc_empty_space height=&#8220;10px&#8220; image_repeat=&#8220;no-repeat&#8220;]<span class=\"eltd_icon_shade eltd_icon_shortcode font_awesome normal eltd_medium_icon \"  ><a href=\"https:\/\/www.tenutamontenisa.it\/de\/montenisa\/das-weingut\/\" target=\"_self\" style=\"color: #ffffff;\" ><i class=\"eltd_icon_font_awesome fa fa-arrow-circle-o-right \" style=\"color: #ffffff; \" ><\/i><\/a><\/span>[vc_empty_space height=&#8220;70px&#8220; image_repeat=&#8220;no-repeat&#8220;][\/vc_column_inner][\/vc_row_inner][vc_row_inner row_type=&#8220;row&#8220; type=&#8220;full_width&#8220; use_row_as_full_screen_section_slide=&#8220;no&#8220; text_align=&#8220;center&#8220; background_image=&#8220;2753&#8243; css_animation=&#8220;&#8220; box_shadow_on_row=&#8220;no&#8220;][vc_column_inner css=&#8220;.vc_custom_1466753237909{padding-top: 25px !important;padding-right: 50px !important;padding-bottom: 25px !important;padding-left: 50px !important;background-color: rgba(255,255,255,0.7) !important;*background-color: rgb(255,255,255) !important;}&#8220;][vc_empty_space height=&#8220;70px&#8220; image_repeat=&#8220;no-repeat&#8220;][vc_column_text]<\/p>\n<h2 style=\"text-align: center;\">Ein einzigartiger Stil<br \/>\nunverwechselbar<\/h2>\n<p>[\/vc_column_text][vc_separator type=&#8220;small&#8220; position=&#8220;center&#8220; color=&#8220;#a02b23&#8243; width=&#8220;80&#8243; thickness=&#8220;1&#8243;][vc_column_text]Aus der Verbindung der Erfahrung der Antinori-Familie und der Vokation eines Territoriums: die \u201cKlassischen\u201d und die \u201cMillesimati\u201d[\/vc_column_text][vc_empty_space height=&#8220;10px&#8220; image_repeat=&#8220;no-repeat&#8220;]<span class=\"eltd_icon_shade eltd_icon_shortcode font_awesome normal eltd_medium_icon \"  ><a href=\"https:\/\/www.tenutamontenisa.it\/de\/schaumweine\/klassischen-und-millesimati\/\" target=\"_self\"  ><i class=\"eltd_icon_font_awesome fa fa-arrow-circle-o-right \" style=\" \" ><\/i><\/a><\/span>[vc_empty_space height=&#8220;70px&#8220; image_repeat=&#8220;no-repeat&#8220;][\/vc_column_inner][\/vc_row_inner][vc_row_inner row_type=&#8220;row&#8220; type=&#8220;full_width&#8220; use_row_as_full_screen_section_slide=&#8220;no&#8220; text_align=&#8220;left&#8220; css_animation=&#8220;&#8220; box_shadow_on_row=&#8220;no&#8220;][vc_column_inner css=&#8220;.vc_custom_1468838086983{padding-right: 50px !important;padding-left: 50px !important;}&#8220; offset=&#8220;vc_hidden-lg vc_hidden-md vc_hidden-sm vc_hidden-xs&#8220;][vc_empty_space height=&#8220;70px&#8220; image_repeat=&#8220;no-repeat&#8220;][vc_column_text]<\/p>\n<h2>Events und News aus der Welt des Perlenspiels\u2026<\/h2>\n<p>[\/vc_column_text][vc_separator type=&#8220;transparent&#8220; up=&#8220;16&#8243; down=&#8220;0&#8243;][vc_separator type=&#8220;transparent&#8220; up=&#8220;44&#8243; down=&#8220;0&#8243;]<div class=\"latest_post_holder  boxes four_columns\"><ul class='post_list'><\/ul><\/div>[vc_empty_space height=&#8220;70px&#8220; image_repeat=&#8220;no-repeat&#8220;][\/vc_column_inner][\/vc_row_inner][\/vc_column][\/vc_row]<\/p>\n","protected":false},"excerpt":{"rendered":"<p>[vc_row row_type=&#8220;row&#8220; use_row_as_full_screen_section=&#8220;no&#8220; type=&#8220;full_width&#8220; text_align=&#8220;left&#8220; video=&#8220;&#8220; css_animation=&#8220;&#8220; box_shadow_on_row=&#8220;no&#8220; el_id=&#8220;Desktop&#8220;][vc_column offset=&#8220;vc_hidden-xs&#8220;][vc_row_inner row_type=&#8220;row&#8220; type=&#8220;full_width&#8220; use_row_as_full_screen_section_slide=&#8220;no&#8220; text_align=&#8220;left&#8220; background_image=&#8220;1629&#8243; css_animation=&#8220;&#8220; box_shadow_on_row=&#8220;no&#8220;][vc_column_inner][vc_empty_space image_repeat=&#8220;no-repeat&#8220;][vc_column_text] Die Schaumweine [\/vc_column_text][vc_separator type=&#8220;small&#8220; position=&#8220;center&#8220; color=&#8220;#a02b23&#8243; width=&#8220;80&#8243; thickness=&#8220;1&#8243;][vc_empty_space image_repeat=&#8220;no-repeat&#8220;][vc_empty_space image_repeat=&#8220;no-repeat&#8220;][\/vc_column_inner][\/vc_row_inner][vc_row_inner row_type=&#8220;parallax&#8220; text_align=&#8220;left&#8220; background_image=&#8220;1630&#8243;][vc_column_inner width=&#8220;1\/4&#8243;][\/vc_column_inner][vc_column_inner width=&#8220;2\/4&#8243;][vc_empty_space height=&#8220;50px&#8220; image_repeat=&#8220;no-repeat&#8220;][vc_single_image image=&#8220;1568&#8243; img_size=&#8220;full&#8220; alignment=&#8220;center&#8220; eltd_css_animation=&#8220;&#8220; css=&#8220;.vc_custom_1454432133867{margin-top: 30px !important;margin-bottom: 30px !important;}&#8220;][vc_column_text] Tenuta&#8230;<\/p>\n","protected":false},"author":1,"featured_media":0,"parent":0,"menu_order":0,"comment_status":"closed","ping_status":"closed","template":"full_width.php","meta":{"om_disable_all_campaigns":false,"footnotes":""},"class_list":["post-3047","page","type-page","status-publish","hentry"],"aioseo_notices":[],"_links":{"self":[{"href":"https:\/\/www.tenutamontenisa.it\/de\/wp-json\/wp\/v2\/pages\/3047","targetHints":{"allow":["GET"]}}],"collection":[{"href":"https:\/\/www.tenutamontenisa.it\/de\/wp-json\/wp\/v2\/pages"}],"about":[{"href":"https:\/\/www.tenutamontenisa.it\/de\/wp-json\/wp\/v2\/types\/page"}],"author":[{"embeddable":true,"href":"https:\/\/www.tenutamontenisa.it\/de\/wp-json\/wp\/v2\/users\/1"}],"replies":[{"embeddable":true,"href":"https:\/\/www.tenutamontenisa.it\/de\/wp-json\/wp\/v2\/comments?post=3047"}],"version-history":[{"count":16,"href":"https:\/\/www.tenutamontenisa.it\/de\/wp-json\/wp\/v2\/pages\/3047\/revisions"}],"predecessor-version":[{"id":3430,"href":"https:\/\/www.tenutamontenisa.it\/de\/wp-json\/wp\/v2\/pages\/3047\/revisions\/3430"}],"wp:attachment":[{"href":"https:\/\/www.tenutamontenisa.it\/de\/wp-json\/wp\/v2\/media?parent=3047"}],"curies":[{"name":"wp","href":"https:\/\/api.w.org\/{rel}","templated":true}]}}